{"id":65570,"date":"2023-02-01T08:00:02","date_gmt":"2023-02-01T07:00:02","guid":{"rendered":"https:\/\/szynaka.pl\/produkt\/porto-40\/"},"modified":"2026-04-20T09:19:43","modified_gmt":"2026-04-20T07:19:43","slug":"porto-40","status":"publish","type":"product","link":"https:\/\/szynaka.pl\/en\/produkt\/porto-40\/","title":{"rendered":"Porto 40"},"content":{"rendered":"<p data-start=\"0\" data-end=\"242\">Discover elegance and functionality with the Porto 40 table. Its exceptional extendable design allows you to adjust the tabletop length from 160 cm up to an impressive 250 cm, making it perfect for both everyday use and larger gatherings. With overall dimensions of 160\u2013250 \u00d7 76 \u00d7 90 cm (width \u00d7 height \u00d7 depth), the table provides comfortable seating for up to eight people. Crafted from solid wood, the Porto 40 table exudes durability and strength while highlighting the natural beauty of the material. The finish in oiled golden oak, complemented by matte black accents, gives the table a modern look that blends seamlessly with various interior styles. Thanks to its careful craftsmanship and high-quality materials, the Porto 40 table is built to last for years, serving as both a practical and stylish centerpiece in any room.<\/p>\n","protected":false},"excerpt":{"rendered":"<p>Extendable table 160-250<\/p>\n","protected":false},"featured_media":68491,"comment_status":"open","ping_status":"closed","template":"","meta":{"_acf_changed":false},"product_brand":[],"product_cat":[3136,3112,3139,3127,3125],"product_tag":[],"kolekcje":[2573],"class_list":{"0":"post-65570","1":"product","2":"type-product","3":"status-publish","4":"has-post-thumbnail","6":"product_cat-dining-room","7":"product_cat-furniture","8":"product_cat-living-room-furniture","9":"product_cat-tables","10":"product_cat-tables-and-coffee-tables","11":"pa_glebokosc-90-cm","12":"pa_ikony-funkcjonalne-dining-room-furniture","13":"pa_ikony-funkcjonalne-natural-veneer-applied","14":"pa_ikony-funkcjonalne-self-assembly","15":"pa_individual-realization-time-4569","16":"pa_kolekcja-porto","17":"pa_linia-prestigeline","18":"pa_maksymalny-udzwig-mebla-3575","19":"pa_material-wykonania-solid-wood","20":"pa_mebel-zmontowany-no","21":"pa_pielegnacja-special-recommendation-from-the-assembly-instructions","22":"pa_podnoszony-no-2","23":"pa_pomiesci-krzesel-3688","24":"pa_rodzaj-mebla-standing","25":"pa_rozkladany-yes-2","26":"pa_szerokosc-po-rozlozeniu-3879","27":"pa_typ-mebla-horizontal-2","28":"pa_wykonanie-korpusu-exterior-furniture-board-with-natural-oak-veneer-interior-laminated-furniture-board-with-wood-like-decor","29":"kolekcje-porto","31":"first","32":"instock","33":"shipping-taxable","34":"purchasable","35":"product-type-simple"},"acf":[],"yoast_head":"<!-- This site is optimized with the Yoast SEO plugin v27.5 - https:\/\/yoast.com\/product\/yoast-seo-wordpress\/ -->\n<title>Porto 40 - Szynaka Meble<\/title>\n<meta name=\"robots\" content=\"index, follow, max-snippet:-1, max-image-preview:large, max-video-preview:-1\" \/>\n<link rel=\"canonical\" href=\"https:\/\/szynaka.pl\/en\/produkt\/porto-40\/\" \/>\n<meta property=\"og:locale\" content=\"en_US\" \/>\n<meta property=\"og:type\" content=\"article\" \/>\n<meta property=\"og:title\" content=\"Porto 40 - Szynaka Meble\" \/>\n<meta property=\"og:description\" content=\"Extendable table 160-250\" \/>\n<meta property=\"og:url\" content=\"https:\/\/szynaka.pl\/en\/produkt\/porto-40\/\" \/>\n<meta property=\"og:site_name\" content=\"Szynaka Meble\" \/>\n<meta property=\"article:modified_time\" content=\"2026-04-20T07:19:43+00:00\" \/>\n<meta property=\"og:image\" content=\"http:\/\/szynaka.pl\/wp-content\/uploads\/2026\/01\/porto_40_galeria_1-min.jpg\" \/>\n\t<meta property=\"og:image:width\" content=\"1509\" \/>\n\t<meta property=\"og:image:height\" content=\"1000\" \/>\n\t<meta property=\"og:image:type\" content=\"image\/jpeg\" \/>\n<meta name=\"twitter:card\" content=\"summary_large_image\" \/>\n<meta name=\"twitter:label1\" content=\"Est. reading time\" \/>\n\t<meta name=\"twitter:data1\" content=\"2 minutes\" \/>\n<script type=\"application\/ld+json\" class=\"yoast-schema-graph\">{\"@context\":\"https:\\\/\\\/schema.org\",\"@graph\":[{\"@type\":[\"WebPage\",\"CheckoutPage\"],\"@id\":\"https:\\\/\\\/szynaka.pl\\\/en\\\/produkt\\\/porto-40\\\/\",\"url\":\"https:\\\/\\\/szynaka.pl\\\/en\\\/produkt\\\/porto-40\\\/\",\"name\":\"Porto 40 - Szynaka Meble\",\"isPartOf\":{\"@id\":\"https:\\\/\\\/szynaka.pl\\\/en\\\/#website\"},\"primaryImageOfPage\":{\"@id\":\"https:\\\/\\\/szynaka.pl\\\/en\\\/produkt\\\/porto-40\\\/#primaryimage\"},\"image\":{\"@id\":\"https:\\\/\\\/szynaka.pl\\\/en\\\/produkt\\\/porto-40\\\/#primaryimage\"},\"thumbnailUrl\":\"https:\\\/\\\/szynaka.pl\\\/wp-content\\\/uploads\\\/2026\\\/01\\\/porto_40_galeria_1-min.jpg\",\"datePublished\":\"2023-02-01T07:00:02+00:00\",\"dateModified\":\"2026-04-20T07:19:43+00:00\",\"breadcrumb\":{\"@id\":\"https:\\\/\\\/szynaka.pl\\\/en\\\/produkt\\\/porto-40\\\/#breadcrumb\"},\"inLanguage\":\"en-US\",\"potentialAction\":[{\"@type\":\"ReadAction\",\"target\":[\"https:\\\/\\\/szynaka.pl\\\/en\\\/produkt\\\/porto-40\\\/\"]}]},{\"@type\":\"ImageObject\",\"inLanguage\":\"en-US\",\"@id\":\"https:\\\/\\\/szynaka.pl\\\/en\\\/produkt\\\/porto-40\\\/#primaryimage\",\"url\":\"https:\\\/\\\/szynaka.pl\\\/wp-content\\\/uploads\\\/2026\\\/01\\\/porto_40_galeria_1-min.jpg\",\"contentUrl\":\"https:\\\/\\\/szynaka.pl\\\/wp-content\\\/uploads\\\/2026\\\/01\\\/porto_40_galeria_1-min.jpg\",\"width\":1509,\"height\":1000,\"caption\":\"Porto 40-0\"},{\"@type\":\"BreadcrumbList\",\"@id\":\"https:\\\/\\\/szynaka.pl\\\/en\\\/produkt\\\/porto-40\\\/#breadcrumb\",\"itemListElement\":[{\"@type\":\"ListItem\",\"position\":1,\"name\":\"Strona g\u0142\u00f3wna\",\"item\":\"https:\\\/\\\/szynaka.pl\\\/en\\\/\"},{\"@type\":\"ListItem\",\"position\":2,\"name\":\"Shop\",\"item\":\"https:\\\/\\\/szynaka.pl\\\/en\\\/shop\\\/\"},{\"@type\":\"ListItem\",\"position\":3,\"name\":\"Porto 40\"}]},{\"@type\":\"WebSite\",\"@id\":\"https:\\\/\\\/szynaka.pl\\\/en\\\/#website\",\"url\":\"https:\\\/\\\/szynaka.pl\\\/en\\\/\",\"name\":\"Szynaka Meble\",\"description\":\"\",\"potentialAction\":[{\"@type\":\"SearchAction\",\"target\":{\"@type\":\"EntryPoint\",\"urlTemplate\":\"https:\\\/\\\/szynaka.pl\\\/en\\\/?s={search_term_string}\"},\"query-input\":{\"@type\":\"PropertyValueSpecification\",\"valueRequired\":true,\"valueName\":\"search_term_string\"}}],\"inLanguage\":\"en-US\"}]}<\/script>\n<!-- \/ Yoast SEO plugin. -->","yoast_head_json":{"title":"Porto 40 - Szynaka Meble","robots":{"index":"index","follow":"follow","max-snippet":"max-snippet:-1","max-image-preview":"max-image-preview:large","max-video-preview":"max-video-preview:-1"},"canonical":"https:\/\/szynaka.pl\/en\/produkt\/porto-40\/","og_locale":"en_US","og_type":"article","og_title":"Porto 40 - Szynaka Meble","og_description":"Extendable table 160-250","og_url":"https:\/\/szynaka.pl\/en\/produkt\/porto-40\/","og_site_name":"Szynaka Meble","article_modified_time":"2026-04-20T07:19:43+00:00","og_image":[{"width":1509,"height":1000,"url":"http:\/\/szynaka.pl\/wp-content\/uploads\/2026\/01\/porto_40_galeria_1-min.jpg","type":"image\/jpeg"}],"twitter_card":"summary_large_image","twitter_misc":{"Est. reading time":"2 minutes"},"schema":{"@context":"https:\/\/schema.org","@graph":[{"@type":["WebPage","CheckoutPage"],"@id":"https:\/\/szynaka.pl\/en\/produkt\/porto-40\/","url":"https:\/\/szynaka.pl\/en\/produkt\/porto-40\/","name":"Porto 40 - Szynaka Meble","isPartOf":{"@id":"https:\/\/szynaka.pl\/en\/#website"},"primaryImageOfPage":{"@id":"https:\/\/szynaka.pl\/en\/produkt\/porto-40\/#primaryimage"},"image":{"@id":"https:\/\/szynaka.pl\/en\/produkt\/porto-40\/#primaryimage"},"thumbnailUrl":"https:\/\/szynaka.pl\/wp-content\/uploads\/2026\/01\/porto_40_galeria_1-min.jpg","datePublished":"2023-02-01T07:00:02+00:00","dateModified":"2026-04-20T07:19:43+00:00","breadcrumb":{"@id":"https:\/\/szynaka.pl\/en\/produkt\/porto-40\/#breadcrumb"},"inLanguage":"en-US","potentialAction":[{"@type":"ReadAction","target":["https:\/\/szynaka.pl\/en\/produkt\/porto-40\/"]}]},{"@type":"ImageObject","inLanguage":"en-US","@id":"https:\/\/szynaka.pl\/en\/produkt\/porto-40\/#primaryimage","url":"https:\/\/szynaka.pl\/wp-content\/uploads\/2026\/01\/porto_40_galeria_1-min.jpg","contentUrl":"https:\/\/szynaka.pl\/wp-content\/uploads\/2026\/01\/porto_40_galeria_1-min.jpg","width":1509,"height":1000,"caption":"Porto 40-0"},{"@type":"BreadcrumbList","@id":"https:\/\/szynaka.pl\/en\/produkt\/porto-40\/#breadcrumb","itemListElement":[{"@type":"ListItem","position":1,"name":"Strona g\u0142\u00f3wna","item":"https:\/\/szynaka.pl\/en\/"},{"@type":"ListItem","position":2,"name":"Shop","item":"https:\/\/szynaka.pl\/en\/shop\/"},{"@type":"ListItem","position":3,"name":"Porto 40"}]},{"@type":"WebSite","@id":"https:\/\/szynaka.pl\/en\/#website","url":"https:\/\/szynaka.pl\/en\/","name":"Szynaka Meble","description":"","potentialAction":[{"@type":"SearchAction","target":{"@type":"EntryPoint","urlTemplate":"https:\/\/szynaka.pl\/en\/?s={search_term_string}"},"query-input":{"@type":"PropertyValueSpecification","valueRequired":true,"valueName":"search_term_string"}}],"inLanguage":"en-US"}]}},"_links":{"self":[{"href":"https:\/\/szynaka.pl\/en\/wp-json\/wp\/v2\/product\/65570","targetHints":{"allow":["GET"]}}],"collection":[{"href":"https:\/\/szynaka.pl\/en\/wp-json\/wp\/v2\/product"}],"about":[{"href":"https:\/\/szynaka.pl\/en\/wp-json\/wp\/v2\/types\/product"}],"replies":[{"embeddable":true,"href":"https:\/\/szynaka.pl\/en\/wp-json\/wp\/v2\/comments?post=65570"}],"version-history":[{"count":4,"href":"https:\/\/szynaka.pl\/en\/wp-json\/wp\/v2\/product\/65570\/revisions"}],"predecessor-version":[{"id":82551,"href":"https:\/\/szynaka.pl\/en\/wp-json\/wp\/v2\/product\/65570\/revisions\/82551"}],"wp:featuredmedia":[{"embeddable":true,"href":"https:\/\/szynaka.pl\/en\/wp-json\/wp\/v2\/media\/68491"}],"wp:attachment":[{"href":"https:\/\/szynaka.pl\/en\/wp-json\/wp\/v2\/media?parent=65570"}],"wp:term":[{"taxonomy":"product_brand","embeddable":true,"href":"https:\/\/szynaka.pl\/en\/wp-json\/wp\/v2\/product_brand?post=65570"},{"taxonomy":"product_cat","embeddable":true,"href":"https:\/\/szynaka.pl\/en\/wp-json\/wp\/v2\/product_cat?post=65570"},{"taxonomy":"product_tag","embeddable":true,"href":"https:\/\/szynaka.pl\/en\/wp-json\/wp\/v2\/product_tag?post=65570"},{"taxonomy":"kolekcje","embeddable":true,"href":"https:\/\/szynaka.pl\/en\/wp-json\/wp\/v2\/kolekcje?post=65570"}],"curies":[{"name":"wp","href":"https:\/\/api.w.org\/{rel}","templated":true}]}}