{"id":65569,"date":"2023-02-01T07:47:47","date_gmt":"2023-02-01T06:47:47","guid":{"rendered":"https:\/\/szynaka.pl\/produkt\/porto-46\/"},"modified":"2026-04-20T09:19:43","modified_gmt":"2026-04-20T07:19:43","slug":"porto-46","status":"publish","type":"product","link":"https:\/\/szynaka.pl\/en\/produkt\/porto-46\/","title":{"rendered":"Porto 46"},"content":{"rendered":"<p data-start=\"0\" data-end=\"206\">Immerse yourself in elegance and functionality with this exceptional 3-door chest of drawers. Our cabinet is not just a piece of furniture\u2014it\u2019s a true work of art that adds classic elegance to any interior. Crafted from solid wood and featuring impressive dimensions of 155 \u00d7 88 \u00d7 42 cm (width \u00d7 height \u00d7 depth), it is designed for stylish and refined storage. Three spacious doors conceal plenty of storage space, helping you maintain order and harmony in any room. The finish in oiled golden oak with black accents gives the piece a distinctive character, radiating luxury and timeless appeal. Additionally, the soft-close function ensures smooth and silent opening and closing, providing the highest level of user comfort. Create a unique atmosphere in your home by choosing this 3-door chest of drawers\u2014a perfect blend of style, functionality, and superior craftsmanship.<\/p>\n","protected":false},"excerpt":{"rendered":"<p>Dresser 3-door<\/p>\n","protected":false},"featured_media":68489,"comment_status":"open","ping_status":"open","template":"","meta":{"_acf_changed":false},"product_brand":[],"product_cat":[3118,3136,3112,3139],"product_tag":[],"kolekcje":[2573],"class_list":{"0":"post-65569","1":"product","2":"type-product","3":"status-publish","4":"has-post-thumbnail","6":"product_cat-chests-of-drawers-and-dressers","7":"product_cat-dining-room","8":"product_cat-furniture","9":"product_cat-living-room-furniture","10":"pa_cichy-domyk-yes","11":"pa_drzwiczki-solid","12":"pa_elementy-z-litego-drewna-yes","13":"pa_glebokosc-42-cm","14":"pa_ikony-funkcjonalne-dining-room-furniture","15":"pa_ikony-funkcjonalne-living-room-furniture","16":"pa_ikony-funkcjonalne-natural-veneer-applied","17":"pa_ikony-funkcjonalne-no-assembly-required","18":"pa_ikony-funkcjonalne-solid-wood-front-panels","19":"pa_ikony-funkcjonalne-wall-mounted","20":"pa_ilosc-drzwiczek-3277","21":"pa_ilosc-polek-3294","22":"pa_individual-realization-time-4569","23":"pa_kolekcja-porto","24":"pa_linia-prestigeline","25":"pa_maksymalny-udzwig-mebla-3575","26":"pa_maksymalny-udzwig-polki-3603","27":"pa_material-wykonania-solid-wood","28":"pa_mebel-zmontowany-yes","29":"pa_mocowanie-do-sciany-yes","30":"pa_oswietlenie-none-2","31":"pa_pielegnacja-special-recommendation-from-the-assembly-instructions","32":"pa_rodzaj-mebla-standing","33":"pa_stopka-metal-black-matt","34":"pa_szklane-elementy-no","35":"pa_typ-drzwiczek-hinged-swinging-2","36":"pa_typ-mebla-horizontal-2","37":"pa_uchwyt-metal-black-matt","38":"pa_wykonanie-front-solid-brushed-oak-wood","39":"pa_wykonanie-korpusu-exterior-furniture-board-with-natural-oak-veneer-interior-laminated-furniture-board-with-wood-like-decor","40":"pa_zawiasy-side-2","41":"kolekcje-porto","43":"first","44":"instock","45":"shipping-taxable","46":"purchasable","47":"product-type-simple"},"acf":[],"yoast_head":"<!-- This site is optimized with the Yoast SEO plugin v27.5 - https:\/\/yoast.com\/product\/yoast-seo-wordpress\/ -->\n<title>Porto 46 - Szynaka Meble<\/title>\n<meta name=\"robots\" content=\"index, follow, max-snippet:-1, max-image-preview:large, max-video-preview:-1\" \/>\n<link rel=\"canonical\" href=\"https:\/\/szynaka.pl\/en\/produkt\/porto-46\/\" \/>\n<meta property=\"og:locale\" content=\"en_US\" \/>\n<meta property=\"og:type\" content=\"article\" \/>\n<meta property=\"og:title\" content=\"Porto 46 - Szynaka Meble\" \/>\n<meta property=\"og:description\" content=\"Dresser 3-door\" \/>\n<meta property=\"og:url\" content=\"https:\/\/szynaka.pl\/en\/produkt\/porto-46\/\" \/>\n<meta property=\"og:site_name\" content=\"Szynaka Meble\" \/>\n<meta property=\"article:modified_time\" content=\"2026-04-20T07:19:43+00:00\" \/>\n<meta property=\"og:image\" content=\"http:\/\/szynaka.pl\/wp-content\/uploads\/2026\/01\/porto_46_galeria_1-min.jpg\" \/>\n\t<meta property=\"og:image:width\" content=\"1509\" \/>\n\t<meta property=\"og:image:height\" content=\"1000\" \/>\n\t<meta property=\"og:image:type\" content=\"image\/jpeg\" \/>\n<meta name=\"twitter:card\" content=\"summary_large_image\" \/>\n<meta name=\"twitter:label1\" content=\"Est. reading time\" \/>\n\t<meta name=\"twitter:data1\" content=\"2 minutes\" \/>\n<script type=\"application\/ld+json\" class=\"yoast-schema-graph\">{\"@context\":\"https:\\\/\\\/schema.org\",\"@graph\":[{\"@type\":[\"WebPage\",\"CheckoutPage\"],\"@id\":\"https:\\\/\\\/szynaka.pl\\\/en\\\/produkt\\\/porto-46\\\/\",\"url\":\"https:\\\/\\\/szynaka.pl\\\/en\\\/produkt\\\/porto-46\\\/\",\"name\":\"Porto 46 - Szynaka Meble\",\"isPartOf\":{\"@id\":\"https:\\\/\\\/szynaka.pl\\\/en\\\/#website\"},\"primaryImageOfPage\":{\"@id\":\"https:\\\/\\\/szynaka.pl\\\/en\\\/produkt\\\/porto-46\\\/#primaryimage\"},\"image\":{\"@id\":\"https:\\\/\\\/szynaka.pl\\\/en\\\/produkt\\\/porto-46\\\/#primaryimage\"},\"thumbnailUrl\":\"https:\\\/\\\/szynaka.pl\\\/wp-content\\\/uploads\\\/2026\\\/01\\\/porto_46_galeria_1-min.jpg\",\"datePublished\":\"2023-02-01T06:47:47+00:00\",\"dateModified\":\"2026-04-20T07:19:43+00:00\",\"breadcrumb\":{\"@id\":\"https:\\\/\\\/szynaka.pl\\\/en\\\/produkt\\\/porto-46\\\/#breadcrumb\"},\"inLanguage\":\"en-US\",\"potentialAction\":[{\"@type\":\"ReadAction\",\"target\":[\"https:\\\/\\\/szynaka.pl\\\/en\\\/produkt\\\/porto-46\\\/\"]}]},{\"@type\":\"ImageObject\",\"inLanguage\":\"en-US\",\"@id\":\"https:\\\/\\\/szynaka.pl\\\/en\\\/produkt\\\/porto-46\\\/#primaryimage\",\"url\":\"https:\\\/\\\/szynaka.pl\\\/wp-content\\\/uploads\\\/2026\\\/01\\\/porto_46_galeria_1-min.jpg\",\"contentUrl\":\"https:\\\/\\\/szynaka.pl\\\/wp-content\\\/uploads\\\/2026\\\/01\\\/porto_46_galeria_1-min.jpg\",\"width\":1509,\"height\":1000,\"caption\":\"Porto 46-0\"},{\"@type\":\"BreadcrumbList\",\"@id\":\"https:\\\/\\\/szynaka.pl\\\/en\\\/produkt\\\/porto-46\\\/#breadcrumb\",\"itemListElement\":[{\"@type\":\"ListItem\",\"position\":1,\"name\":\"Strona g\u0142\u00f3wna\",\"item\":\"https:\\\/\\\/szynaka.pl\\\/en\\\/\"},{\"@type\":\"ListItem\",\"position\":2,\"name\":\"Shop\",\"item\":\"https:\\\/\\\/szynaka.pl\\\/en\\\/shop\\\/\"},{\"@type\":\"ListItem\",\"position\":3,\"name\":\"Porto 46\"}]},{\"@type\":\"WebSite\",\"@id\":\"https:\\\/\\\/szynaka.pl\\\/en\\\/#website\",\"url\":\"https:\\\/\\\/szynaka.pl\\\/en\\\/\",\"name\":\"Szynaka Meble\",\"description\":\"\",\"potentialAction\":[{\"@type\":\"SearchAction\",\"target\":{\"@type\":\"EntryPoint\",\"urlTemplate\":\"https:\\\/\\\/szynaka.pl\\\/en\\\/?s={search_term_string}\"},\"query-input\":{\"@type\":\"PropertyValueSpecification\",\"valueRequired\":true,\"valueName\":\"search_term_string\"}}],\"inLanguage\":\"en-US\"}]}<\/script>\n<!-- \/ Yoast SEO plugin. -->","yoast_head_json":{"title":"Porto 46 - Szynaka Meble","robots":{"index":"index","follow":"follow","max-snippet":"max-snippet:-1","max-image-preview":"max-image-preview:large","max-video-preview":"max-video-preview:-1"},"canonical":"https:\/\/szynaka.pl\/en\/produkt\/porto-46\/","og_locale":"en_US","og_type":"article","og_title":"Porto 46 - Szynaka Meble","og_description":"Dresser 3-door","og_url":"https:\/\/szynaka.pl\/en\/produkt\/porto-46\/","og_site_name":"Szynaka Meble","article_modified_time":"2026-04-20T07:19:43+00:00","og_image":[{"width":1509,"height":1000,"url":"http:\/\/szynaka.pl\/wp-content\/uploads\/2026\/01\/porto_46_galeria_1-min.jpg","type":"image\/jpeg"}],"twitter_card":"summary_large_image","twitter_misc":{"Est. reading time":"2 minutes"},"schema":{"@context":"https:\/\/schema.org","@graph":[{"@type":["WebPage","CheckoutPage"],"@id":"https:\/\/szynaka.pl\/en\/produkt\/porto-46\/","url":"https:\/\/szynaka.pl\/en\/produkt\/porto-46\/","name":"Porto 46 - Szynaka Meble","isPartOf":{"@id":"https:\/\/szynaka.pl\/en\/#website"},"primaryImageOfPage":{"@id":"https:\/\/szynaka.pl\/en\/produkt\/porto-46\/#primaryimage"},"image":{"@id":"https:\/\/szynaka.pl\/en\/produkt\/porto-46\/#primaryimage"},"thumbnailUrl":"https:\/\/szynaka.pl\/wp-content\/uploads\/2026\/01\/porto_46_galeria_1-min.jpg","datePublished":"2023-02-01T06:47:47+00:00","dateModified":"2026-04-20T07:19:43+00:00","breadcrumb":{"@id":"https:\/\/szynaka.pl\/en\/produkt\/porto-46\/#breadcrumb"},"inLanguage":"en-US","potentialAction":[{"@type":"ReadAction","target":["https:\/\/szynaka.pl\/en\/produkt\/porto-46\/"]}]},{"@type":"ImageObject","inLanguage":"en-US","@id":"https:\/\/szynaka.pl\/en\/produkt\/porto-46\/#primaryimage","url":"https:\/\/szynaka.pl\/wp-content\/uploads\/2026\/01\/porto_46_galeria_1-min.jpg","contentUrl":"https:\/\/szynaka.pl\/wp-content\/uploads\/2026\/01\/porto_46_galeria_1-min.jpg","width":1509,"height":1000,"caption":"Porto 46-0"},{"@type":"BreadcrumbList","@id":"https:\/\/szynaka.pl\/en\/produkt\/porto-46\/#breadcrumb","itemListElement":[{"@type":"ListItem","position":1,"name":"Strona g\u0142\u00f3wna","item":"https:\/\/szynaka.pl\/en\/"},{"@type":"ListItem","position":2,"name":"Shop","item":"https:\/\/szynaka.pl\/en\/shop\/"},{"@type":"ListItem","position":3,"name":"Porto 46"}]},{"@type":"WebSite","@id":"https:\/\/szynaka.pl\/en\/#website","url":"https:\/\/szynaka.pl\/en\/","name":"Szynaka Meble","description":"","potentialAction":[{"@type":"SearchAction","target":{"@type":"EntryPoint","urlTemplate":"https:\/\/szynaka.pl\/en\/?s={search_term_string}"},"query-input":{"@type":"PropertyValueSpecification","valueRequired":true,"valueName":"search_term_string"}}],"inLanguage":"en-US"}]}},"_links":{"self":[{"href":"https:\/\/szynaka.pl\/en\/wp-json\/wp\/v2\/product\/65569","targetHints":{"allow":["GET"]}}],"collection":[{"href":"https:\/\/szynaka.pl\/en\/wp-json\/wp\/v2\/product"}],"about":[{"href":"https:\/\/szynaka.pl\/en\/wp-json\/wp\/v2\/types\/product"}],"replies":[{"embeddable":true,"href":"https:\/\/szynaka.pl\/en\/wp-json\/wp\/v2\/comments?post=65569"}],"version-history":[{"count":3,"href":"https:\/\/szynaka.pl\/en\/wp-json\/wp\/v2\/product\/65569\/revisions"}],"predecessor-version":[{"id":82582,"href":"https:\/\/szynaka.pl\/en\/wp-json\/wp\/v2\/product\/65569\/revisions\/82582"}],"wp:featuredmedia":[{"embeddable":true,"href":"https:\/\/szynaka.pl\/en\/wp-json\/wp\/v2\/media\/68489"}],"wp:attachment":[{"href":"https:\/\/szynaka.pl\/en\/wp-json\/wp\/v2\/media?parent=65569"}],"wp:term":[{"taxonomy":"product_brand","embeddable":true,"href":"https:\/\/szynaka.pl\/en\/wp-json\/wp\/v2\/product_brand?post=65569"},{"taxonomy":"product_cat","embeddable":true,"href":"https:\/\/szynaka.pl\/en\/wp-json\/wp\/v2\/product_cat?post=65569"},{"taxonomy":"product_tag","embeddable":true,"href":"https:\/\/szynaka.pl\/en\/wp-json\/wp\/v2\/product_tag?post=65569"},{"taxonomy":"kolekcje","embeddable":true,"href":"https:\/\/szynaka.pl\/en\/wp-json\/wp\/v2\/kolekcje?post=65569"}],"curies":[{"name":"wp","href":"https:\/\/api.w.org\/{rel}","templated":true}]}}