{"id":64294,"date":"2017-06-21T06:43:20","date_gmt":"2017-06-21T04:43:20","guid":{"rendered":"https:\/\/szynaka.pl\/produkt\/collection-wenecja-2-door-4-drawer-sideboard-wenecja-06\/"},"modified":"2026-04-20T14:11:33","modified_gmt":"2026-04-20T12:11:33","slug":"kolekcja-wenecja-komoda-2-drzwiowa-z-4-szufladami-wenecja-06","status":"publish","type":"product","link":"https:\/\/szynaka.pl\/en\/produkt\/kolekcja-wenecja-komoda-2-drzwiowa-z-4-szufladami-wenecja-06\/","title":{"rendered":"Wenecja 06"},"content":{"rendered":"<p data-start=\"0\" data-end=\"346\">The Wenecja chest of drawers is a functional piece with a modern, well-organized design that makes it easy to manage space and store everyday items. Its simple form with smooth, handle-free fronts creates a cohesive look, allowing it to blend effortlessly into various interiors\u2014from the living room and dining area to the bedroom or hallway. The thoughtfully designed interior combines multiple storage zones. Two closed sections with shelves are ideal for larger items, while four central drawers help organize smaller belongings such as documents or accessories. An additional open compartment offers space to display decorations or keep frequently used items within easy reach. Both the body and fronts are made of laminated furniture board, ensuring durability and a smooth, easy-to-clean surface. The handle-free design enhances the minimalist aesthetic and supports a clean, modern appearance in everyday use. With dimensions of 145 \u00d7 90 \u00d7 38 cm (width \u00d7 height \u00d7 depth), the cabinet provides generous storage while making efficient use of space. It works perfectly as both a storage solution and a surface for displaying decorative elements. The furniture is designed for self-assembly and comes with all necessary components and clear instructions for easy setup.<\/p>\n<p><a class=\"download-file\" href=\"https:\/\/www.szynaka.pl\/media\/instrukcje_montazu\/wenecja\/WENECJA 06 Instrukcja monta\u017cu.pdf\" download=\"\">Download assembly instruction<\/a><\/p>\n","protected":false},"excerpt":{"rendered":"<p>2 door, 4 drawer sideboard<\/p>\n","protected":false},"featured_media":67626,"comment_status":"open","ping_status":"closed","template":"","meta":{"_acf_changed":false},"product_brand":[],"product_cat":[3140,3118,3112],"product_tag":[],"kolekcje":[2596],"class_list":{"0":"post-64294","1":"product","2":"type-product","3":"status-publish","4":"has-post-thumbnail","6":"product_cat-bedroom-furniture","7":"product_cat-chests-of-drawers-and-dressers","8":"product_cat-furniture","9":"pa_cichy-domyk-yes","10":"pa_drzwiczki-solid","11":"pa_elementy-z-litego-drewna-no","12":"pa_glebokosc-38-cm","13":"pa_ikony-funkcjonalne-bedroom-furniture","14":"pa_ikony-funkcjonalne-self-assembly","15":"pa_ikony-funkcjonalne-wall-mounted","16":"pa_ilosc-drzwiczek-3276","17":"pa_ilosc-paczek-3283","18":"pa_ilosc-polek-3292","19":"pa_ilosc-szuflad-3305","20":"pa_individual-realization-time-4569","21":"pa_kolekcja-wenecja","22":"pa_linia-trendline","23":"pa_maksymalny-udzwig-polki-3604","24":"pa_maksymalny-udzwig-szuflady-3616","25":"pa_mebel-narozny-no","26":"pa_mebel-zmontowany-no","27":"pa_mocowanie-do-sciany-yes","28":"pa_polka-na-klawiature-no","29":"pa_rodzaj-mebla-standing","30":"pa_szklane-elementy-no","31":"pa_typ-drzwiczek-hinged-swinging-2","32":"pa_typ-mebla-horizontal-2","33":"pa_wewnetrzna-glebokosc-szuflad-4022","34":"pa_wewnetrzna-szerokosc-szuflad-4082","35":"pa_wewnetrzna-wysokosc-szuflad-4180","36":"pa_wykonanie-front-wood-like-decor-foil-finish-foiled-chipboard","37":"pa_wykonanie-korpusu-wood-like-decor-foil-finish-foiled-chipboard","38":"pa_zawiera-lustro-no","39":"kolekcje-wenecja","41":"first","42":"instock","43":"shipping-taxable","44":"purchasable","45":"product-type-variable"},"acf":[],"yoast_head":"<!-- This site is optimized with the Yoast SEO plugin v27.5 - https:\/\/yoast.com\/product\/yoast-seo-wordpress\/ -->\n<title>Wenecja 06 - Szynaka Meble<\/title>\n<meta name=\"robots\" content=\"index, follow, max-snippet:-1, max-image-preview:large, max-video-preview:-1\" \/>\n<link rel=\"canonical\" href=\"https:\/\/szynaka.pl\/en\/produkt\/kolekcja-wenecja-komoda-2-drzwiowa-z-4-szufladami-wenecja-06\/\" \/>\n<meta property=\"og:locale\" content=\"en_US\" \/>\n<meta property=\"og:type\" content=\"article\" \/>\n<meta property=\"og:title\" content=\"Wenecja 06 - Szynaka Meble\" \/>\n<meta property=\"og:description\" content=\"2 door, 4 drawer sideboard\" \/>\n<meta property=\"og:url\" content=\"https:\/\/szynaka.pl\/en\/produkt\/kolekcja-wenecja-komoda-2-drzwiowa-z-4-szufladami-wenecja-06\/\" \/>\n<meta property=\"og:site_name\" content=\"Szynaka Meble\" \/>\n<meta property=\"article:modified_time\" content=\"2026-04-20T12:11:33+00:00\" \/>\n<meta property=\"og:image\" content=\"http:\/\/szynaka.pl\/wp-content\/uploads\/2026\/01\/wenecja_6_galeria_1-min.jpg\" \/>\n\t<meta property=\"og:image:width\" content=\"1509\" \/>\n\t<meta property=\"og:image:height\" content=\"1000\" \/>\n\t<meta property=\"og:image:type\" content=\"image\/jpeg\" \/>\n<meta name=\"twitter:card\" content=\"summary_large_image\" \/>\n<meta name=\"twitter:label1\" content=\"Est. reading time\" \/>\n\t<meta name=\"twitter:data1\" content=\"2 minutes\" \/>\n<script type=\"application\/ld+json\" class=\"yoast-schema-graph\">{\"@context\":\"https:\\\/\\\/schema.org\",\"@graph\":[{\"@type\":[\"WebPage\",\"CheckoutPage\"],\"@id\":\"https:\\\/\\\/szynaka.pl\\\/en\\\/produkt\\\/kolekcja-wenecja-komoda-2-drzwiowa-z-4-szufladami-wenecja-06\\\/\",\"url\":\"https:\\\/\\\/szynaka.pl\\\/en\\\/produkt\\\/kolekcja-wenecja-komoda-2-drzwiowa-z-4-szufladami-wenecja-06\\\/\",\"name\":\"Wenecja 06 - Szynaka Meble\",\"isPartOf\":{\"@id\":\"https:\\\/\\\/szynaka.pl\\\/en\\\/#website\"},\"primaryImageOfPage\":{\"@id\":\"https:\\\/\\\/szynaka.pl\\\/en\\\/produkt\\\/kolekcja-wenecja-komoda-2-drzwiowa-z-4-szufladami-wenecja-06\\\/#primaryimage\"},\"image\":{\"@id\":\"https:\\\/\\\/szynaka.pl\\\/en\\\/produkt\\\/kolekcja-wenecja-komoda-2-drzwiowa-z-4-szufladami-wenecja-06\\\/#primaryimage\"},\"thumbnailUrl\":\"https:\\\/\\\/szynaka.pl\\\/wp-content\\\/uploads\\\/2026\\\/01\\\/wenecja_6_galeria_1-min.jpg\",\"datePublished\":\"2017-06-21T04:43:20+00:00\",\"dateModified\":\"2026-04-20T12:11:33+00:00\",\"breadcrumb\":{\"@id\":\"https:\\\/\\\/szynaka.pl\\\/en\\\/produkt\\\/kolekcja-wenecja-komoda-2-drzwiowa-z-4-szufladami-wenecja-06\\\/#breadcrumb\"},\"inLanguage\":\"en-US\",\"potentialAction\":[{\"@type\":\"ReadAction\",\"target\":[\"https:\\\/\\\/szynaka.pl\\\/en\\\/produkt\\\/kolekcja-wenecja-komoda-2-drzwiowa-z-4-szufladami-wenecja-06\\\/\"]}]},{\"@type\":\"ImageObject\",\"inLanguage\":\"en-US\",\"@id\":\"https:\\\/\\\/szynaka.pl\\\/en\\\/produkt\\\/kolekcja-wenecja-komoda-2-drzwiowa-z-4-szufladami-wenecja-06\\\/#primaryimage\",\"url\":\"https:\\\/\\\/szynaka.pl\\\/wp-content\\\/uploads\\\/2026\\\/01\\\/wenecja_6_galeria_1-min.jpg\",\"contentUrl\":\"https:\\\/\\\/szynaka.pl\\\/wp-content\\\/uploads\\\/2026\\\/01\\\/wenecja_6_galeria_1-min.jpg\",\"width\":1509,\"height\":1000,\"caption\":\"Wenecja 06-0\"},{\"@type\":\"BreadcrumbList\",\"@id\":\"https:\\\/\\\/szynaka.pl\\\/en\\\/produkt\\\/kolekcja-wenecja-komoda-2-drzwiowa-z-4-szufladami-wenecja-06\\\/#breadcrumb\",\"itemListElement\":[{\"@type\":\"ListItem\",\"position\":1,\"name\":\"Strona g\u0142\u00f3wna\",\"item\":\"https:\\\/\\\/szynaka.pl\\\/en\\\/\"},{\"@type\":\"ListItem\",\"position\":2,\"name\":\"Shop\",\"item\":\"https:\\\/\\\/szynaka.pl\\\/en\\\/shop\\\/\"},{\"@type\":\"ListItem\",\"position\":3,\"name\":\"Wenecja 06\"}]},{\"@type\":\"WebSite\",\"@id\":\"https:\\\/\\\/szynaka.pl\\\/en\\\/#website\",\"url\":\"https:\\\/\\\/szynaka.pl\\\/en\\\/\",\"name\":\"Szynaka Meble\",\"description\":\"\",\"potentialAction\":[{\"@type\":\"SearchAction\",\"target\":{\"@type\":\"EntryPoint\",\"urlTemplate\":\"https:\\\/\\\/szynaka.pl\\\/en\\\/?s={search_term_string}\"},\"query-input\":{\"@type\":\"PropertyValueSpecification\",\"valueRequired\":true,\"valueName\":\"search_term_string\"}}],\"inLanguage\":\"en-US\"}]}<\/script>\n<!-- \/ Yoast SEO plugin. -->","yoast_head_json":{"title":"Wenecja 06 - Szynaka Meble","robots":{"index":"index","follow":"follow","max-snippet":"max-snippet:-1","max-image-preview":"max-image-preview:large","max-video-preview":"max-video-preview:-1"},"canonical":"https:\/\/szynaka.pl\/en\/produkt\/kolekcja-wenecja-komoda-2-drzwiowa-z-4-szufladami-wenecja-06\/","og_locale":"en_US","og_type":"article","og_title":"Wenecja 06 - Szynaka Meble","og_description":"2 door, 4 drawer sideboard","og_url":"https:\/\/szynaka.pl\/en\/produkt\/kolekcja-wenecja-komoda-2-drzwiowa-z-4-szufladami-wenecja-06\/","og_site_name":"Szynaka Meble","article_modified_time":"2026-04-20T12:11:33+00:00","og_image":[{"width":1509,"height":1000,"url":"http:\/\/szynaka.pl\/wp-content\/uploads\/2026\/01\/wenecja_6_galeria_1-min.jpg","type":"image\/jpeg"}],"twitter_card":"summary_large_image","twitter_misc":{"Est. reading time":"2 minutes"},"schema":{"@context":"https:\/\/schema.org","@graph":[{"@type":["WebPage","CheckoutPage"],"@id":"https:\/\/szynaka.pl\/en\/produkt\/kolekcja-wenecja-komoda-2-drzwiowa-z-4-szufladami-wenecja-06\/","url":"https:\/\/szynaka.pl\/en\/produkt\/kolekcja-wenecja-komoda-2-drzwiowa-z-4-szufladami-wenecja-06\/","name":"Wenecja 06 - Szynaka Meble","isPartOf":{"@id":"https:\/\/szynaka.pl\/en\/#website"},"primaryImageOfPage":{"@id":"https:\/\/szynaka.pl\/en\/produkt\/kolekcja-wenecja-komoda-2-drzwiowa-z-4-szufladami-wenecja-06\/#primaryimage"},"image":{"@id":"https:\/\/szynaka.pl\/en\/produkt\/kolekcja-wenecja-komoda-2-drzwiowa-z-4-szufladami-wenecja-06\/#primaryimage"},"thumbnailUrl":"https:\/\/szynaka.pl\/wp-content\/uploads\/2026\/01\/wenecja_6_galeria_1-min.jpg","datePublished":"2017-06-21T04:43:20+00:00","dateModified":"2026-04-20T12:11:33+00:00","breadcrumb":{"@id":"https:\/\/szynaka.pl\/en\/produkt\/kolekcja-wenecja-komoda-2-drzwiowa-z-4-szufladami-wenecja-06\/#breadcrumb"},"inLanguage":"en-US","potentialAction":[{"@type":"ReadAction","target":["https:\/\/szynaka.pl\/en\/produkt\/kolekcja-wenecja-komoda-2-drzwiowa-z-4-szufladami-wenecja-06\/"]}]},{"@type":"ImageObject","inLanguage":"en-US","@id":"https:\/\/szynaka.pl\/en\/produkt\/kolekcja-wenecja-komoda-2-drzwiowa-z-4-szufladami-wenecja-06\/#primaryimage","url":"https:\/\/szynaka.pl\/wp-content\/uploads\/2026\/01\/wenecja_6_galeria_1-min.jpg","contentUrl":"https:\/\/szynaka.pl\/wp-content\/uploads\/2026\/01\/wenecja_6_galeria_1-min.jpg","width":1509,"height":1000,"caption":"Wenecja 06-0"},{"@type":"BreadcrumbList","@id":"https:\/\/szynaka.pl\/en\/produkt\/kolekcja-wenecja-komoda-2-drzwiowa-z-4-szufladami-wenecja-06\/#breadcrumb","itemListElement":[{"@type":"ListItem","position":1,"name":"Strona g\u0142\u00f3wna","item":"https:\/\/szynaka.pl\/en\/"},{"@type":"ListItem","position":2,"name":"Shop","item":"https:\/\/szynaka.pl\/en\/shop\/"},{"@type":"ListItem","position":3,"name":"Wenecja 06"}]},{"@type":"WebSite","@id":"https:\/\/szynaka.pl\/en\/#website","url":"https:\/\/szynaka.pl\/en\/","name":"Szynaka Meble","description":"","potentialAction":[{"@type":"SearchAction","target":{"@type":"EntryPoint","urlTemplate":"https:\/\/szynaka.pl\/en\/?s={search_term_string}"},"query-input":{"@type":"PropertyValueSpecification","valueRequired":true,"valueName":"search_term_string"}}],"inLanguage":"en-US"}]}},"_links":{"self":[{"href":"https:\/\/szynaka.pl\/en\/wp-json\/wp\/v2\/product\/64294","targetHints":{"allow":["GET"]}}],"collection":[{"href":"https:\/\/szynaka.pl\/en\/wp-json\/wp\/v2\/product"}],"about":[{"href":"https:\/\/szynaka.pl\/en\/wp-json\/wp\/v2\/types\/product"}],"replies":[{"embeddable":true,"href":"https:\/\/szynaka.pl\/en\/wp-json\/wp\/v2\/comments?post=64294"}],"version-history":[{"count":3,"href":"https:\/\/szynaka.pl\/en\/wp-json\/wp\/v2\/product\/64294\/revisions"}],"predecessor-version":[{"id":83042,"href":"https:\/\/szynaka.pl\/en\/wp-json\/wp\/v2\/product\/64294\/revisions\/83042"}],"wp:featuredmedia":[{"embeddable":true,"href":"https:\/\/szynaka.pl\/en\/wp-json\/wp\/v2\/media\/67626"}],"wp:attachment":[{"href":"https:\/\/szynaka.pl\/en\/wp-json\/wp\/v2\/media?parent=64294"}],"wp:term":[{"taxonomy":"product_brand","embeddable":true,"href":"https:\/\/szynaka.pl\/en\/wp-json\/wp\/v2\/product_brand?post=64294"},{"taxonomy":"product_cat","embeddable":true,"href":"https:\/\/szynaka.pl\/en\/wp-json\/wp\/v2\/product_cat?post=64294"},{"taxonomy":"product_tag","embeddable":true,"href":"https:\/\/szynaka.pl\/en\/wp-json\/wp\/v2\/product_tag?post=64294"},{"taxonomy":"kolekcje","embeddable":true,"href":"https:\/\/szynaka.pl\/en\/wp-json\/wp\/v2\/kolekcje?post=64294"}],"curies":[{"name":"wp","href":"https:\/\/api.w.org\/{rel}","templated":true}]}}