{"id":64292,"date":"2017-06-21T06:43:18","date_gmt":"2017-06-21T04:43:18","guid":{"rendered":"https:\/\/szynaka.pl\/produkt\/collection-wenecja-4-drawer-sideboard-wenecja-07\/"},"modified":"2026-04-20T14:32:48","modified_gmt":"2026-04-20T12:32:48","slug":"kolekcja-wenecja-komoda-z-4-szufladami-wenecja-07","status":"publish","type":"product","link":"https:\/\/szynaka.pl\/en\/produkt\/kolekcja-wenecja-komoda-z-4-szufladami-wenecja-07\/","title":{"rendered":"Wenecja 07"},"content":{"rendered":"<p data-start=\"0\" data-end=\"213\">The chest of drawers features a clean, modern silhouette with smooth, handle-free fronts. A subtle accent on one of the fronts highlights the linear division of the design, adding a refined touch of character. Equipped with at least four vertically arranged drawers, it allows for easy organization of both small and larger items. The well-structured interior helps streamline daily use and maintain order in your space. With dimensions of 80 \u00d7 104 \u00d7 38 cm (width \u00d7 height \u00d7 depth), the cabinet can be easily adapted to various interior layouts. It works perfectly in the bedroom, living room, home office, or hallway as a practical storage solution. Made from laminated furniture board, it offers a smooth, easy-to-maintain surface that supports everyday use. The product is designed for self-assembly and comes with all necessary components and clear instructions for quick and convenient setup.<\/p>\n<p><a class=\"download-file\" href=\"https:\/\/www.szynaka.pl\/media\/instrukcje_montazu\/wenecja\/WENECJA 07 Instrukcja monta\u017cu.pdf\" download=\"\">Download assembly instruction<\/a><\/p>\n","protected":false},"excerpt":{"rendered":"<p>4 drawer sideboard<\/p>\n","protected":false},"featured_media":67625,"comment_status":"open","ping_status":"closed","template":"","meta":{"_acf_changed":false},"product_brand":[],"product_cat":[3140,3118,3112],"product_tag":[],"kolekcje":[2596],"class_list":{"0":"post-64292","1":"product","2":"type-product","3":"status-publish","4":"has-post-thumbnail","6":"product_cat-bedroom-furniture","7":"product_cat-chests-of-drawers-and-dressers","8":"product_cat-furniture","9":"pa_cichy-domyk-yes","10":"pa_elementy-z-litego-drewna-no","11":"pa_glebokosc-38-cm","12":"pa_ikony-funkcjonalne-bedroom-furniture","13":"pa_ikony-funkcjonalne-self-assembly","14":"pa_ikony-funkcjonalne-wall-mounted","15":"pa_ilosc-paczek-3282","16":"pa_ilosc-szuflad-3305","17":"pa_individual-realization-time-4569","18":"pa_kolekcja-wenecja","19":"pa_linia-trendline","20":"pa_maksymalny-udzwig-szuflady-3618","21":"pa_mebel-narozny-no","22":"pa_mebel-zmontowany-no","23":"pa_mocowanie-do-sciany-yes","24":"pa_polka-na-klawiature-no","25":"pa_rodzaj-mebla-standing","26":"pa_szklane-elementy-no","27":"pa_typ-mebla-vertical-2","28":"pa_wewnetrzna-glebokosc-szuflad-4022","29":"pa_wewnetrzna-szerokosc-szuflad-4143","30":"pa_wewnetrzna-wysokosc-szuflad-4195","31":"pa_wykonanie-front-wood-like-decor-foil-finish-foiled-chipboard","32":"pa_wykonanie-korpusu-wood-like-decor-foil-finish-foiled-chipboard","33":"pa_zawiera-lustro-no","34":"kolekcje-wenecja","36":"first","37":"instock","38":"shipping-taxable","39":"purchasable","40":"product-type-variable"},"acf":[],"yoast_head":"<!-- This site is optimized with the Yoast SEO plugin v27.5 - https:\/\/yoast.com\/product\/yoast-seo-wordpress\/ -->\n<title>Wenecja 07 - Szynaka Meble<\/title>\n<meta name=\"robots\" content=\"index, follow, max-snippet:-1, max-image-preview:large, max-video-preview:-1\" \/>\n<link rel=\"canonical\" href=\"https:\/\/szynaka.pl\/en\/produkt\/kolekcja-wenecja-komoda-z-4-szufladami-wenecja-07\/\" \/>\n<meta property=\"og:locale\" content=\"en_US\" \/>\n<meta property=\"og:type\" content=\"article\" \/>\n<meta property=\"og:title\" content=\"Wenecja 07 - Szynaka Meble\" \/>\n<meta property=\"og:description\" content=\"4 drawer sideboard\" \/>\n<meta property=\"og:url\" content=\"https:\/\/szynaka.pl\/en\/produkt\/kolekcja-wenecja-komoda-z-4-szufladami-wenecja-07\/\" \/>\n<meta property=\"og:site_name\" content=\"Szynaka Meble\" \/>\n<meta property=\"article:modified_time\" content=\"2026-04-20T12:32:48+00:00\" \/>\n<meta property=\"og:image\" content=\"http:\/\/szynaka.pl\/wp-content\/uploads\/2026\/01\/wenecja_7_galeria_1-min.jpg\" \/>\n\t<meta property=\"og:image:width\" content=\"1509\" \/>\n\t<meta property=\"og:image:height\" content=\"1000\" \/>\n\t<meta property=\"og:image:type\" content=\"image\/jpeg\" \/>\n<meta name=\"twitter:card\" content=\"summary_large_image\" \/>\n<meta name=\"twitter:label1\" content=\"Est. reading time\" \/>\n\t<meta name=\"twitter:data1\" content=\"2 minutes\" \/>\n<script type=\"application\/ld+json\" class=\"yoast-schema-graph\">{\"@context\":\"https:\\\/\\\/schema.org\",\"@graph\":[{\"@type\":[\"WebPage\",\"CheckoutPage\"],\"@id\":\"https:\\\/\\\/szynaka.pl\\\/en\\\/produkt\\\/kolekcja-wenecja-komoda-z-4-szufladami-wenecja-07\\\/\",\"url\":\"https:\\\/\\\/szynaka.pl\\\/en\\\/produkt\\\/kolekcja-wenecja-komoda-z-4-szufladami-wenecja-07\\\/\",\"name\":\"Wenecja 07 - Szynaka Meble\",\"isPartOf\":{\"@id\":\"https:\\\/\\\/szynaka.pl\\\/en\\\/#website\"},\"primaryImageOfPage\":{\"@id\":\"https:\\\/\\\/szynaka.pl\\\/en\\\/produkt\\\/kolekcja-wenecja-komoda-z-4-szufladami-wenecja-07\\\/#primaryimage\"},\"image\":{\"@id\":\"https:\\\/\\\/szynaka.pl\\\/en\\\/produkt\\\/kolekcja-wenecja-komoda-z-4-szufladami-wenecja-07\\\/#primaryimage\"},\"thumbnailUrl\":\"https:\\\/\\\/szynaka.pl\\\/wp-content\\\/uploads\\\/2026\\\/01\\\/wenecja_7_galeria_1-min.jpg\",\"datePublished\":\"2017-06-21T04:43:18+00:00\",\"dateModified\":\"2026-04-20T12:32:48+00:00\",\"breadcrumb\":{\"@id\":\"https:\\\/\\\/szynaka.pl\\\/en\\\/produkt\\\/kolekcja-wenecja-komoda-z-4-szufladami-wenecja-07\\\/#breadcrumb\"},\"inLanguage\":\"en-US\",\"potentialAction\":[{\"@type\":\"ReadAction\",\"target\":[\"https:\\\/\\\/szynaka.pl\\\/en\\\/produkt\\\/kolekcja-wenecja-komoda-z-4-szufladami-wenecja-07\\\/\"]}]},{\"@type\":\"ImageObject\",\"inLanguage\":\"en-US\",\"@id\":\"https:\\\/\\\/szynaka.pl\\\/en\\\/produkt\\\/kolekcja-wenecja-komoda-z-4-szufladami-wenecja-07\\\/#primaryimage\",\"url\":\"https:\\\/\\\/szynaka.pl\\\/wp-content\\\/uploads\\\/2026\\\/01\\\/wenecja_7_galeria_1-min.jpg\",\"contentUrl\":\"https:\\\/\\\/szynaka.pl\\\/wp-content\\\/uploads\\\/2026\\\/01\\\/wenecja_7_galeria_1-min.jpg\",\"width\":1509,\"height\":1000,\"caption\":\"Wenecja 07-0\"},{\"@type\":\"BreadcrumbList\",\"@id\":\"https:\\\/\\\/szynaka.pl\\\/en\\\/produkt\\\/kolekcja-wenecja-komoda-z-4-szufladami-wenecja-07\\\/#breadcrumb\",\"itemListElement\":[{\"@type\":\"ListItem\",\"position\":1,\"name\":\"Strona g\u0142\u00f3wna\",\"item\":\"https:\\\/\\\/szynaka.pl\\\/en\\\/\"},{\"@type\":\"ListItem\",\"position\":2,\"name\":\"Shop\",\"item\":\"https:\\\/\\\/szynaka.pl\\\/en\\\/shop\\\/\"},{\"@type\":\"ListItem\",\"position\":3,\"name\":\"Wenecja 07\"}]},{\"@type\":\"WebSite\",\"@id\":\"https:\\\/\\\/szynaka.pl\\\/en\\\/#website\",\"url\":\"https:\\\/\\\/szynaka.pl\\\/en\\\/\",\"name\":\"Szynaka Meble\",\"description\":\"\",\"potentialAction\":[{\"@type\":\"SearchAction\",\"target\":{\"@type\":\"EntryPoint\",\"urlTemplate\":\"https:\\\/\\\/szynaka.pl\\\/en\\\/?s={search_term_string}\"},\"query-input\":{\"@type\":\"PropertyValueSpecification\",\"valueRequired\":true,\"valueName\":\"search_term_string\"}}],\"inLanguage\":\"en-US\"}]}<\/script>\n<!-- \/ Yoast SEO plugin. -->","yoast_head_json":{"title":"Wenecja 07 - Szynaka Meble","robots":{"index":"index","follow":"follow","max-snippet":"max-snippet:-1","max-image-preview":"max-image-preview:large","max-video-preview":"max-video-preview:-1"},"canonical":"https:\/\/szynaka.pl\/en\/produkt\/kolekcja-wenecja-komoda-z-4-szufladami-wenecja-07\/","og_locale":"en_US","og_type":"article","og_title":"Wenecja 07 - Szynaka Meble","og_description":"4 drawer sideboard","og_url":"https:\/\/szynaka.pl\/en\/produkt\/kolekcja-wenecja-komoda-z-4-szufladami-wenecja-07\/","og_site_name":"Szynaka Meble","article_modified_time":"2026-04-20T12:32:48+00:00","og_image":[{"width":1509,"height":1000,"url":"http:\/\/szynaka.pl\/wp-content\/uploads\/2026\/01\/wenecja_7_galeria_1-min.jpg","type":"image\/jpeg"}],"twitter_card":"summary_large_image","twitter_misc":{"Est. reading time":"2 minutes"},"schema":{"@context":"https:\/\/schema.org","@graph":[{"@type":["WebPage","CheckoutPage"],"@id":"https:\/\/szynaka.pl\/en\/produkt\/kolekcja-wenecja-komoda-z-4-szufladami-wenecja-07\/","url":"https:\/\/szynaka.pl\/en\/produkt\/kolekcja-wenecja-komoda-z-4-szufladami-wenecja-07\/","name":"Wenecja 07 - Szynaka Meble","isPartOf":{"@id":"https:\/\/szynaka.pl\/en\/#website"},"primaryImageOfPage":{"@id":"https:\/\/szynaka.pl\/en\/produkt\/kolekcja-wenecja-komoda-z-4-szufladami-wenecja-07\/#primaryimage"},"image":{"@id":"https:\/\/szynaka.pl\/en\/produkt\/kolekcja-wenecja-komoda-z-4-szufladami-wenecja-07\/#primaryimage"},"thumbnailUrl":"https:\/\/szynaka.pl\/wp-content\/uploads\/2026\/01\/wenecja_7_galeria_1-min.jpg","datePublished":"2017-06-21T04:43:18+00:00","dateModified":"2026-04-20T12:32:48+00:00","breadcrumb":{"@id":"https:\/\/szynaka.pl\/en\/produkt\/kolekcja-wenecja-komoda-z-4-szufladami-wenecja-07\/#breadcrumb"},"inLanguage":"en-US","potentialAction":[{"@type":"ReadAction","target":["https:\/\/szynaka.pl\/en\/produkt\/kolekcja-wenecja-komoda-z-4-szufladami-wenecja-07\/"]}]},{"@type":"ImageObject","inLanguage":"en-US","@id":"https:\/\/szynaka.pl\/en\/produkt\/kolekcja-wenecja-komoda-z-4-szufladami-wenecja-07\/#primaryimage","url":"https:\/\/szynaka.pl\/wp-content\/uploads\/2026\/01\/wenecja_7_galeria_1-min.jpg","contentUrl":"https:\/\/szynaka.pl\/wp-content\/uploads\/2026\/01\/wenecja_7_galeria_1-min.jpg","width":1509,"height":1000,"caption":"Wenecja 07-0"},{"@type":"BreadcrumbList","@id":"https:\/\/szynaka.pl\/en\/produkt\/kolekcja-wenecja-komoda-z-4-szufladami-wenecja-07\/#breadcrumb","itemListElement":[{"@type":"ListItem","position":1,"name":"Strona g\u0142\u00f3wna","item":"https:\/\/szynaka.pl\/en\/"},{"@type":"ListItem","position":2,"name":"Shop","item":"https:\/\/szynaka.pl\/en\/shop\/"},{"@type":"ListItem","position":3,"name":"Wenecja 07"}]},{"@type":"WebSite","@id":"https:\/\/szynaka.pl\/en\/#website","url":"https:\/\/szynaka.pl\/en\/","name":"Szynaka Meble","description":"","potentialAction":[{"@type":"SearchAction","target":{"@type":"EntryPoint","urlTemplate":"https:\/\/szynaka.pl\/en\/?s={search_term_string}"},"query-input":{"@type":"PropertyValueSpecification","valueRequired":true,"valueName":"search_term_string"}}],"inLanguage":"en-US"}]}},"_links":{"self":[{"href":"https:\/\/szynaka.pl\/en\/wp-json\/wp\/v2\/product\/64292","targetHints":{"allow":["GET"]}}],"collection":[{"href":"https:\/\/szynaka.pl\/en\/wp-json\/wp\/v2\/product"}],"about":[{"href":"https:\/\/szynaka.pl\/en\/wp-json\/wp\/v2\/types\/product"}],"replies":[{"embeddable":true,"href":"https:\/\/szynaka.pl\/en\/wp-json\/wp\/v2\/comments?post=64292"}],"version-history":[{"count":3,"href":"https:\/\/szynaka.pl\/en\/wp-json\/wp\/v2\/product\/64292\/revisions"}],"predecessor-version":[{"id":83064,"href":"https:\/\/szynaka.pl\/en\/wp-json\/wp\/v2\/product\/64292\/revisions\/83064"}],"wp:featuredmedia":[{"embeddable":true,"href":"https:\/\/szynaka.pl\/en\/wp-json\/wp\/v2\/media\/67625"}],"wp:attachment":[{"href":"https:\/\/szynaka.pl\/en\/wp-json\/wp\/v2\/media?parent=64292"}],"wp:term":[{"taxonomy":"product_brand","embeddable":true,"href":"https:\/\/szynaka.pl\/en\/wp-json\/wp\/v2\/product_brand?post=64292"},{"taxonomy":"product_cat","embeddable":true,"href":"https:\/\/szynaka.pl\/en\/wp-json\/wp\/v2\/product_cat?post=64292"},{"taxonomy":"product_tag","embeddable":true,"href":"https:\/\/szynaka.pl\/en\/wp-json\/wp\/v2\/product_tag?post=64292"},{"taxonomy":"kolekcje","embeddable":true,"href":"https:\/\/szynaka.pl\/en\/wp-json\/wp\/v2\/kolekcje?post=64292"}],"curies":[{"name":"wp","href":"https:\/\/api.w.org\/{rel}","templated":true}]}}