{"id":64290,"date":"2017-06-21T06:43:17","date_gmt":"2017-06-21T04:43:17","guid":{"rendered":"https:\/\/szynaka.pl\/produkt\/collection-wenecja-1-drawer-bedside-table-wenecja-05\/"},"modified":"2026-04-20T13:51:28","modified_gmt":"2026-04-20T11:51:28","slug":"kolekcja-wenecja-szafka-nocna-z-1-szuflada-wenecja-05","status":"publish","type":"product","link":"https:\/\/szynaka.pl\/en\/produkt\/kolekcja-wenecja-szafka-nocna-z-1-szuflada-wenecja-05\/","title":{"rendered":"Wenecja 05"},"content":{"rendered":"<p data-start=\"0\" data-end=\"300\">The Wenecja bedside cabinet is a compact and functional piece that perfectly complements the space next to your bed, offering convenient storage for everyday essentials. Its simple, clean form and smooth, handle-free fronts give it a modern look that easily fits into a variety of bedroom styles. The rectangular top provides a practical surface for a bedside lamp, alarm clock, or phone, while the thoughtfully designed interior supports everyday organization. A single drawer allows you to neatly store smaller items, while the open shelf beneath the top offers quick access to books or frequently used accessories. This combination of closed and open storage makes it easy to keep things tidy and within reach. The body is made of laminated furniture board, ensuring durability and easy maintenance. Its uniform surface and minimalist design help maintain an aesthetic appearance in daily use. With dimensions of 42 \u00d7 46 \u00d7 38 cm (width \u00d7 height \u00d7 depth), the cabinet fits well in both larger and smaller bedrooms and can be placed on one or both sides of the bed. The furniture is intended for self-assembly and comes with all necessary components and clear instructions for quick setup.<\/p>\n<p><a class=\"download-file\" href=\"https:\/\/www.szynaka.pl\/media\/instrukcje_montazu\/wenecja\/WENECJA 05 Instrukcja monta\u017cu.pdf\" download=\"\">Download assembly instruction<\/a><\/p>\n","protected":false},"excerpt":{"rendered":"<p>1 drawer bedside table<\/p>\n","protected":false},"featured_media":67624,"comment_status":"open","ping_status":"closed","template":"","meta":{"_acf_changed":false},"product_brand":[],"product_cat":[3140,3112,3130],"product_tag":[],"kolekcje":[2596],"class_list":{"0":"post-64290","1":"product","2":"type-product","3":"status-publish","4":"has-post-thumbnail","6":"product_cat-bedroom-furniture","7":"product_cat-furniture","8":"product_cat-night-stands","9":"pa_cichy-domyk-yes","10":"pa_elementy-z-litego-drewna-no","11":"pa_glebokosc-38-cm","12":"pa_ikony-funkcjonalne-bedroom-furniture","13":"pa_ikony-funkcjonalne-self-assembly","14":"pa_ilosc-paczek-3282","15":"pa_ilosc-polek-3289","16":"pa_ilosc-szuflad-3302","17":"pa_individual-realization-time-4569","18":"pa_kolekcja-wenecja","19":"pa_linia-trendline","20":"pa_maksymalny-udzwig-szuflady-3615","21":"pa_mebel-zmontowany-no","22":"pa_mocowanie-do-sciany-no","23":"pa_polka-na-klawiature-no","24":"pa_szklane-elementy-no","25":"pa_wewnetrzna-glebokosc-szuflad-4022","26":"pa_wewnetrzna-szerokosc-szuflad-4065","27":"pa_wewnetrzna-wysokosc-szuflad-4180","28":"pa_wykonanie-front-wood-like-decor-foil-finish-foiled-chipboard","29":"pa_wykonanie-korpusu-wood-like-decor-foil-finish-foiled-chipboard","30":"pa_zawiera-lustro-no","31":"kolekcje-wenecja","33":"first","34":"instock","35":"shipping-taxable","36":"purchasable","37":"product-type-variable"},"acf":[],"yoast_head":"<!-- This site is optimized with the Yoast SEO plugin v27.5 - https:\/\/yoast.com\/product\/yoast-seo-wordpress\/ -->\n<title>Wenecja 05 - Szynaka Meble<\/title>\n<meta name=\"robots\" content=\"index, follow, max-snippet:-1, max-image-preview:large, max-video-preview:-1\" \/>\n<link rel=\"canonical\" href=\"https:\/\/szynaka.pl\/en\/produkt\/kolekcja-wenecja-szafka-nocna-z-1-szuflada-wenecja-05\/\" \/>\n<meta property=\"og:locale\" content=\"en_US\" \/>\n<meta property=\"og:type\" content=\"article\" \/>\n<meta property=\"og:title\" content=\"Wenecja 05 - Szynaka Meble\" \/>\n<meta property=\"og:description\" content=\"1 drawer bedside table\" \/>\n<meta property=\"og:url\" content=\"https:\/\/szynaka.pl\/en\/produkt\/kolekcja-wenecja-szafka-nocna-z-1-szuflada-wenecja-05\/\" \/>\n<meta property=\"og:site_name\" content=\"Szynaka Meble\" \/>\n<meta property=\"article:modified_time\" content=\"2026-04-20T11:51:28+00:00\" \/>\n<meta property=\"og:image\" content=\"http:\/\/szynaka.pl\/wp-content\/uploads\/2026\/01\/wenecja_5_galeria_1-min.jpg\" \/>\n\t<meta property=\"og:image:width\" content=\"1509\" \/>\n\t<meta property=\"og:image:height\" content=\"1000\" \/>\n\t<meta property=\"og:image:type\" content=\"image\/jpeg\" \/>\n<meta name=\"twitter:card\" content=\"summary_large_image\" \/>\n<meta name=\"twitter:label1\" content=\"Est. reading time\" \/>\n\t<meta name=\"twitter:data1\" content=\"2 minutes\" \/>\n<script type=\"application\/ld+json\" class=\"yoast-schema-graph\">{\"@context\":\"https:\\\/\\\/schema.org\",\"@graph\":[{\"@type\":[\"WebPage\",\"CheckoutPage\"],\"@id\":\"https:\\\/\\\/szynaka.pl\\\/en\\\/produkt\\\/kolekcja-wenecja-szafka-nocna-z-1-szuflada-wenecja-05\\\/\",\"url\":\"https:\\\/\\\/szynaka.pl\\\/en\\\/produkt\\\/kolekcja-wenecja-szafka-nocna-z-1-szuflada-wenecja-05\\\/\",\"name\":\"Wenecja 05 - Szynaka Meble\",\"isPartOf\":{\"@id\":\"https:\\\/\\\/szynaka.pl\\\/en\\\/#website\"},\"primaryImageOfPage\":{\"@id\":\"https:\\\/\\\/szynaka.pl\\\/en\\\/produkt\\\/kolekcja-wenecja-szafka-nocna-z-1-szuflada-wenecja-05\\\/#primaryimage\"},\"image\":{\"@id\":\"https:\\\/\\\/szynaka.pl\\\/en\\\/produkt\\\/kolekcja-wenecja-szafka-nocna-z-1-szuflada-wenecja-05\\\/#primaryimage\"},\"thumbnailUrl\":\"https:\\\/\\\/szynaka.pl\\\/wp-content\\\/uploads\\\/2026\\\/01\\\/wenecja_5_galeria_1-min.jpg\",\"datePublished\":\"2017-06-21T04:43:17+00:00\",\"dateModified\":\"2026-04-20T11:51:28+00:00\",\"breadcrumb\":{\"@id\":\"https:\\\/\\\/szynaka.pl\\\/en\\\/produkt\\\/kolekcja-wenecja-szafka-nocna-z-1-szuflada-wenecja-05\\\/#breadcrumb\"},\"inLanguage\":\"en-US\",\"potentialAction\":[{\"@type\":\"ReadAction\",\"target\":[\"https:\\\/\\\/szynaka.pl\\\/en\\\/produkt\\\/kolekcja-wenecja-szafka-nocna-z-1-szuflada-wenecja-05\\\/\"]}]},{\"@type\":\"ImageObject\",\"inLanguage\":\"en-US\",\"@id\":\"https:\\\/\\\/szynaka.pl\\\/en\\\/produkt\\\/kolekcja-wenecja-szafka-nocna-z-1-szuflada-wenecja-05\\\/#primaryimage\",\"url\":\"https:\\\/\\\/szynaka.pl\\\/wp-content\\\/uploads\\\/2026\\\/01\\\/wenecja_5_galeria_1-min.jpg\",\"contentUrl\":\"https:\\\/\\\/szynaka.pl\\\/wp-content\\\/uploads\\\/2026\\\/01\\\/wenecja_5_galeria_1-min.jpg\",\"width\":1509,\"height\":1000,\"caption\":\"Wenecja 05-0\"},{\"@type\":\"BreadcrumbList\",\"@id\":\"https:\\\/\\\/szynaka.pl\\\/en\\\/produkt\\\/kolekcja-wenecja-szafka-nocna-z-1-szuflada-wenecja-05\\\/#breadcrumb\",\"itemListElement\":[{\"@type\":\"ListItem\",\"position\":1,\"name\":\"Strona g\u0142\u00f3wna\",\"item\":\"https:\\\/\\\/szynaka.pl\\\/en\\\/\"},{\"@type\":\"ListItem\",\"position\":2,\"name\":\"Shop\",\"item\":\"https:\\\/\\\/szynaka.pl\\\/en\\\/shop\\\/\"},{\"@type\":\"ListItem\",\"position\":3,\"name\":\"Wenecja 05\"}]},{\"@type\":\"WebSite\",\"@id\":\"https:\\\/\\\/szynaka.pl\\\/en\\\/#website\",\"url\":\"https:\\\/\\\/szynaka.pl\\\/en\\\/\",\"name\":\"Szynaka Meble\",\"description\":\"\",\"potentialAction\":[{\"@type\":\"SearchAction\",\"target\":{\"@type\":\"EntryPoint\",\"urlTemplate\":\"https:\\\/\\\/szynaka.pl\\\/en\\\/?s={search_term_string}\"},\"query-input\":{\"@type\":\"PropertyValueSpecification\",\"valueRequired\":true,\"valueName\":\"search_term_string\"}}],\"inLanguage\":\"en-US\"}]}<\/script>\n<!-- \/ Yoast SEO plugin. -->","yoast_head_json":{"title":"Wenecja 05 - Szynaka Meble","robots":{"index":"index","follow":"follow","max-snippet":"max-snippet:-1","max-image-preview":"max-image-preview:large","max-video-preview":"max-video-preview:-1"},"canonical":"https:\/\/szynaka.pl\/en\/produkt\/kolekcja-wenecja-szafka-nocna-z-1-szuflada-wenecja-05\/","og_locale":"en_US","og_type":"article","og_title":"Wenecja 05 - Szynaka Meble","og_description":"1 drawer bedside table","og_url":"https:\/\/szynaka.pl\/en\/produkt\/kolekcja-wenecja-szafka-nocna-z-1-szuflada-wenecja-05\/","og_site_name":"Szynaka Meble","article_modified_time":"2026-04-20T11:51:28+00:00","og_image":[{"width":1509,"height":1000,"url":"http:\/\/szynaka.pl\/wp-content\/uploads\/2026\/01\/wenecja_5_galeria_1-min.jpg","type":"image\/jpeg"}],"twitter_card":"summary_large_image","twitter_misc":{"Est. reading time":"2 minutes"},"schema":{"@context":"https:\/\/schema.org","@graph":[{"@type":["WebPage","CheckoutPage"],"@id":"https:\/\/szynaka.pl\/en\/produkt\/kolekcja-wenecja-szafka-nocna-z-1-szuflada-wenecja-05\/","url":"https:\/\/szynaka.pl\/en\/produkt\/kolekcja-wenecja-szafka-nocna-z-1-szuflada-wenecja-05\/","name":"Wenecja 05 - Szynaka Meble","isPartOf":{"@id":"https:\/\/szynaka.pl\/en\/#website"},"primaryImageOfPage":{"@id":"https:\/\/szynaka.pl\/en\/produkt\/kolekcja-wenecja-szafka-nocna-z-1-szuflada-wenecja-05\/#primaryimage"},"image":{"@id":"https:\/\/szynaka.pl\/en\/produkt\/kolekcja-wenecja-szafka-nocna-z-1-szuflada-wenecja-05\/#primaryimage"},"thumbnailUrl":"https:\/\/szynaka.pl\/wp-content\/uploads\/2026\/01\/wenecja_5_galeria_1-min.jpg","datePublished":"2017-06-21T04:43:17+00:00","dateModified":"2026-04-20T11:51:28+00:00","breadcrumb":{"@id":"https:\/\/szynaka.pl\/en\/produkt\/kolekcja-wenecja-szafka-nocna-z-1-szuflada-wenecja-05\/#breadcrumb"},"inLanguage":"en-US","potentialAction":[{"@type":"ReadAction","target":["https:\/\/szynaka.pl\/en\/produkt\/kolekcja-wenecja-szafka-nocna-z-1-szuflada-wenecja-05\/"]}]},{"@type":"ImageObject","inLanguage":"en-US","@id":"https:\/\/szynaka.pl\/en\/produkt\/kolekcja-wenecja-szafka-nocna-z-1-szuflada-wenecja-05\/#primaryimage","url":"https:\/\/szynaka.pl\/wp-content\/uploads\/2026\/01\/wenecja_5_galeria_1-min.jpg","contentUrl":"https:\/\/szynaka.pl\/wp-content\/uploads\/2026\/01\/wenecja_5_galeria_1-min.jpg","width":1509,"height":1000,"caption":"Wenecja 05-0"},{"@type":"BreadcrumbList","@id":"https:\/\/szynaka.pl\/en\/produkt\/kolekcja-wenecja-szafka-nocna-z-1-szuflada-wenecja-05\/#breadcrumb","itemListElement":[{"@type":"ListItem","position":1,"name":"Strona g\u0142\u00f3wna","item":"https:\/\/szynaka.pl\/en\/"},{"@type":"ListItem","position":2,"name":"Shop","item":"https:\/\/szynaka.pl\/en\/shop\/"},{"@type":"ListItem","position":3,"name":"Wenecja 05"}]},{"@type":"WebSite","@id":"https:\/\/szynaka.pl\/en\/#website","url":"https:\/\/szynaka.pl\/en\/","name":"Szynaka Meble","description":"","potentialAction":[{"@type":"SearchAction","target":{"@type":"EntryPoint","urlTemplate":"https:\/\/szynaka.pl\/en\/?s={search_term_string}"},"query-input":{"@type":"PropertyValueSpecification","valueRequired":true,"valueName":"search_term_string"}}],"inLanguage":"en-US"}]}},"_links":{"self":[{"href":"https:\/\/szynaka.pl\/en\/wp-json\/wp\/v2\/product\/64290","targetHints":{"allow":["GET"]}}],"collection":[{"href":"https:\/\/szynaka.pl\/en\/wp-json\/wp\/v2\/product"}],"about":[{"href":"https:\/\/szynaka.pl\/en\/wp-json\/wp\/v2\/types\/product"}],"replies":[{"embeddable":true,"href":"https:\/\/szynaka.pl\/en\/wp-json\/wp\/v2\/comments?post=64290"}],"version-history":[{"count":3,"href":"https:\/\/szynaka.pl\/en\/wp-json\/wp\/v2\/product\/64290\/revisions"}],"predecessor-version":[{"id":83028,"href":"https:\/\/szynaka.pl\/en\/wp-json\/wp\/v2\/product\/64290\/revisions\/83028"}],"wp:featuredmedia":[{"embeddable":true,"href":"https:\/\/szynaka.pl\/en\/wp-json\/wp\/v2\/media\/67624"}],"wp:attachment":[{"href":"https:\/\/szynaka.pl\/en\/wp-json\/wp\/v2\/media?parent=64290"}],"wp:term":[{"taxonomy":"product_brand","embeddable":true,"href":"https:\/\/szynaka.pl\/en\/wp-json\/wp\/v2\/product_brand?post=64290"},{"taxonomy":"product_cat","embeddable":true,"href":"https:\/\/szynaka.pl\/en\/wp-json\/wp\/v2\/product_cat?post=64290"},{"taxonomy":"product_tag","embeddable":true,"href":"https:\/\/szynaka.pl\/en\/wp-json\/wp\/v2\/product_tag?post=64290"},{"taxonomy":"kolekcje","embeddable":true,"href":"https:\/\/szynaka.pl\/en\/wp-json\/wp\/v2\/kolekcje?post=64290"}],"curies":[{"name":"wp","href":"https:\/\/api.w.org\/{rel}","templated":true}]}}