{"id":64288,"date":"2017-06-21T06:43:16","date_gmt":"2017-06-21T04:43:16","guid":{"rendered":"https:\/\/szynaka.pl\/produkt\/collection-wenecja-sliding-door-wardrobe-wenecja-01\/"},"modified":"2026-04-20T12:41:31","modified_gmt":"2026-04-20T10:41:31","slug":"kolekcja-wenecja-szafa-ubraniowa-2-drzwiowa-wenecja-01","status":"publish","type":"product","link":"https:\/\/szynaka.pl\/en\/produkt\/kolekcja-wenecja-szafa-ubraniowa-2-drzwiowa-wenecja-01\/","title":{"rendered":"Wenecja 01"},"content":{"rendered":"<section class=\"text-token-text-primary w-full focus:outline-none [--shadow-height:45px] has-data-writing-block:pointer-events-none has-data-writing-block:-mt-(--shadow-height) has-data-writing-block:pt-(--shadow-height) [&amp;:has([data-writing-block])&gt;*]:pointer-events-auto scroll-mt-(--header-height)\" dir=\"auto\" data-turn-id=\"481d5e3b-f5cc-4994-8760-d30f9f450fe9\" data-testid=\"conversation-turn-139\" data-scroll-anchor=\"false\" data-turn=\"user\">\n<div class=\"text-base my-auto mx-auto pt-12 [--thread-content-margin:var(--thread-content-margin-xs,calc(var(--spacing)*4))] @w-sm\/main:[--thread-content-margin:var(--thread-content-margin-sm,calc(var(--spacing)*6))] @w-lg\/main:[--thread-content-margin:var(--thread-content-margin-lg,calc(var(--spacing)*16))] px-(--thread-content-margin)\">\n<div class=\"[--thread-content-max-width:40rem] @w-lg\/main:[--thread-content-max-width:48rem] mx-auto max-w-(--thread-content-max-width) flex-1 group\/turn-messages focus-visible:outline-hidden relative flex w-full min-w-0 flex-col\">\n<div class=\"z-0 flex justify-end\"><\/div>\n<\/div>\n<\/div>\n<\/section>\n<section class=\"text-token-text-primary w-full focus:outline-none [--shadow-height:45px] has-data-writing-block:pointer-events-none has-data-writing-block:-mt-(--shadow-height) has-data-writing-block:pt-(--shadow-height) [&amp;:has([data-writing-block])&gt;*]:pointer-events-auto scroll-mt-[calc(var(--header-height)+min(200px,max(70px,20svh)))]\" dir=\"auto\" data-turn-id=\"request-69df8d0e-2028-832c-94df-1b0b85e88180-1\" data-testid=\"conversation-turn-140\" data-scroll-anchor=\"true\" data-turn=\"assistant\">\n<div class=\"text-base my-auto mx-auto pb-10 [--thread-content-margin:var(--thread-content-margin-xs,calc(var(--spacing)*4))] @w-sm\/main:[--thread-content-margin:var(--thread-content-margin-sm,calc(var(--spacing)*6))] @w-lg\/main:[--thread-content-margin:var(--thread-content-margin-lg,calc(var(--spacing)*16))] px-(--thread-content-margin)\">\n<div class=\"[--thread-content-max-width:40rem] @w-lg\/main:[--thread-content-max-width:48rem] mx-auto max-w-(--thread-content-max-width) flex-1 group\/turn-messages focus-visible:outline-hidden relative flex w-full min-w-0 flex-col agent-turn\">\n<div class=\"flex max-w-full flex-col gap-4 grow\">\n<div class=\"min-h-8 text-message relative flex w-full flex-col items-end gap-2 text-start break-words whitespace-normal outline-none keyboard-focused:focus-ring [.text-message+&amp;]:mt-1\" dir=\"auto\" tabindex=\"0\" data-message-author-role=\"assistant\" data-message-id=\"768c4fe2-de45-4b64-8b6e-2ca0ca6dbf2a\" data-message-model-slug=\"gpt-5-3\" data-turn-start-message=\"true\">\n<div class=\"flex w-full flex-col gap-1 empty:hidden\">\n<div class=\"markdown prose dark:prose-invert w-full wrap-break-word light markdown-new-styling\">\n<p data-start=\"0\" data-end=\"331\">The Wenecja wardrobe is a functional piece with a modern, minimalist design that makes organizing clothing and accessories in your bedroom or dressing room effortless. Smooth, handle-free fronts emphasize its clean, simple form, allowing it to blend seamlessly into a variety of interior styles without creating visual clutter. The interior is divided into two independent sections, each equipped with a shelf and a hanging rail. This layout makes it easy to separate hanging garments from folded clothes, helping you maintain order and quickly access everyday essentials. The wardrobe features a two-door sliding system, which eliminates the need for additional space when opening, making it an excellent choice for smaller rooms. The handle-free design further enhances usability while maintaining a cohesive, modern look. With dimensions of 183 \u00d7 202 \u00d7 60 cm (width \u00d7 height \u00d7 depth), the wardrobe offers generous storage capacity for clothing and accessories. The body, made from laminated furniture board, ensures durability and a smooth, aesthetic finish. For added convenience, the wardrobe can be upgraded with a soft-close system and an additional set of two shelves, allowing you to better customize the interior to your needs. It is designed for self-assembly and comes with all necessary components and clear instructions for easy installation.<\/p>\n<\/div>\n<\/div>\n<\/div>\n<\/div>\n<\/div>\n<\/div>\n<\/section>\n<p><a class=\"download-file\" href=\"https:\/\/www.szynaka.pl\/media\/instrukcje_montazu\/wenecja\/WENECJA 01 Instrukcja monta\u017cu.pdf\" download=\"\">Download assembly instruction<\/a><\/p>\n","protected":false},"excerpt":{"rendered":"<p>sliding door wardrobe<\/p>\n","protected":false},"featured_media":67623,"comment_status":"open","ping_status":"closed","template":"","meta":{"_acf_changed":false},"product_brand":[],"product_cat":[3140,3112,3131],"product_tag":[],"kolekcje":[2596],"class_list":{"0":"post-64288","1":"product","2":"type-product","3":"status-publish","4":"has-post-thumbnail","6":"product_cat-bedroom-furniture","7":"product_cat-furniture","8":"product_cat-wardrobes","9":"pa_cichy-domyk-yes","10":"pa_drazki-na-wieszaki-3178","11":"pa_drzwiczki-solid","12":"pa_elementy-z-litego-drewna-no","13":"pa_glebokosc-60-cm","14":"pa_ikony-funkcjonalne-bedroom-furniture","15":"pa_ikony-funkcjonalne-self-assembly","16":"pa_ikony-funkcjonalne-wall-mounted","17":"pa_ilosc-drzwiczek-3276","18":"pa_ilosc-paczek-3284","19":"pa_ilosc-polek-3290","20":"pa_individual-realization-time-4569","21":"pa_kolekcja-wenecja","22":"pa_linia-trendline","23":"pa_maksymalny-udzwig-polki-3600","24":"pa_mebel-narozny-no","25":"pa_mebel-zmontowany-no","26":"pa_mocowanie-do-sciany-yes","27":"pa_polka-na-klawiature-no","28":"pa_szklane-elementy-no","29":"pa_typ-drzwiczek-on-rails-sliding","30":"pa_typ-mebla-vertical-2","31":"pa_wykonanie-front-wood-like-decor-foil-finish-foiled-chipboard","32":"pa_wykonanie-korpusu-wood-like-decor-foil-finish-foiled-chipboard","33":"pa_zawiera-lustro-no","34":"kolekcje-wenecja","36":"first","37":"instock","38":"shipping-taxable","39":"purchasable","40":"product-type-variable"},"acf":[],"yoast_head":"<!-- This site is optimized with the Yoast SEO plugin v27.5 - https:\/\/yoast.com\/product\/yoast-seo-wordpress\/ -->\n<title>Wenecja 01 - Szynaka Meble<\/title>\n<meta name=\"robots\" content=\"index, follow, max-snippet:-1, max-image-preview:large, max-video-preview:-1\" \/>\n<link rel=\"canonical\" href=\"https:\/\/szynaka.pl\/en\/produkt\/kolekcja-wenecja-szafa-ubraniowa-2-drzwiowa-wenecja-01\/\" \/>\n<meta property=\"og:locale\" content=\"en_US\" \/>\n<meta property=\"og:type\" content=\"article\" \/>\n<meta property=\"og:title\" content=\"Wenecja 01 - Szynaka Meble\" \/>\n<meta property=\"og:description\" content=\"sliding door wardrobe\" \/>\n<meta property=\"og:url\" content=\"https:\/\/szynaka.pl\/en\/produkt\/kolekcja-wenecja-szafa-ubraniowa-2-drzwiowa-wenecja-01\/\" \/>\n<meta property=\"og:site_name\" content=\"Szynaka Meble\" \/>\n<meta property=\"article:modified_time\" content=\"2026-04-20T10:41:31+00:00\" \/>\n<meta property=\"og:image\" content=\"http:\/\/szynaka.pl\/wp-content\/uploads\/2026\/01\/wenecja_1_galeria_1-min.jpg\" \/>\n\t<meta property=\"og:image:width\" content=\"1509\" \/>\n\t<meta property=\"og:image:height\" content=\"1000\" \/>\n\t<meta property=\"og:image:type\" content=\"image\/jpeg\" \/>\n<meta name=\"twitter:card\" content=\"summary_large_image\" \/>\n<meta name=\"twitter:label1\" content=\"Est. reading time\" \/>\n\t<meta name=\"twitter:data1\" content=\"2 minutes\" \/>\n<script type=\"application\/ld+json\" class=\"yoast-schema-graph\">{\"@context\":\"https:\\\/\\\/schema.org\",\"@graph\":[{\"@type\":[\"WebPage\",\"CheckoutPage\"],\"@id\":\"https:\\\/\\\/szynaka.pl\\\/en\\\/produkt\\\/kolekcja-wenecja-szafa-ubraniowa-2-drzwiowa-wenecja-01\\\/\",\"url\":\"https:\\\/\\\/szynaka.pl\\\/en\\\/produkt\\\/kolekcja-wenecja-szafa-ubraniowa-2-drzwiowa-wenecja-01\\\/\",\"name\":\"Wenecja 01 - Szynaka Meble\",\"isPartOf\":{\"@id\":\"https:\\\/\\\/szynaka.pl\\\/en\\\/#website\"},\"primaryImageOfPage\":{\"@id\":\"https:\\\/\\\/szynaka.pl\\\/en\\\/produkt\\\/kolekcja-wenecja-szafa-ubraniowa-2-drzwiowa-wenecja-01\\\/#primaryimage\"},\"image\":{\"@id\":\"https:\\\/\\\/szynaka.pl\\\/en\\\/produkt\\\/kolekcja-wenecja-szafa-ubraniowa-2-drzwiowa-wenecja-01\\\/#primaryimage\"},\"thumbnailUrl\":\"https:\\\/\\\/szynaka.pl\\\/wp-content\\\/uploads\\\/2026\\\/01\\\/wenecja_1_galeria_1-min.jpg\",\"datePublished\":\"2017-06-21T04:43:16+00:00\",\"dateModified\":\"2026-04-20T10:41:31+00:00\",\"breadcrumb\":{\"@id\":\"https:\\\/\\\/szynaka.pl\\\/en\\\/produkt\\\/kolekcja-wenecja-szafa-ubraniowa-2-drzwiowa-wenecja-01\\\/#breadcrumb\"},\"inLanguage\":\"en-US\",\"potentialAction\":[{\"@type\":\"ReadAction\",\"target\":[\"https:\\\/\\\/szynaka.pl\\\/en\\\/produkt\\\/kolekcja-wenecja-szafa-ubraniowa-2-drzwiowa-wenecja-01\\\/\"]}]},{\"@type\":\"ImageObject\",\"inLanguage\":\"en-US\",\"@id\":\"https:\\\/\\\/szynaka.pl\\\/en\\\/produkt\\\/kolekcja-wenecja-szafa-ubraniowa-2-drzwiowa-wenecja-01\\\/#primaryimage\",\"url\":\"https:\\\/\\\/szynaka.pl\\\/wp-content\\\/uploads\\\/2026\\\/01\\\/wenecja_1_galeria_1-min.jpg\",\"contentUrl\":\"https:\\\/\\\/szynaka.pl\\\/wp-content\\\/uploads\\\/2026\\\/01\\\/wenecja_1_galeria_1-min.jpg\",\"width\":1509,\"height\":1000,\"caption\":\"Wenecja 01-0\"},{\"@type\":\"BreadcrumbList\",\"@id\":\"https:\\\/\\\/szynaka.pl\\\/en\\\/produkt\\\/kolekcja-wenecja-szafa-ubraniowa-2-drzwiowa-wenecja-01\\\/#breadcrumb\",\"itemListElement\":[{\"@type\":\"ListItem\",\"position\":1,\"name\":\"Strona g\u0142\u00f3wna\",\"item\":\"https:\\\/\\\/szynaka.pl\\\/en\\\/\"},{\"@type\":\"ListItem\",\"position\":2,\"name\":\"Shop\",\"item\":\"https:\\\/\\\/szynaka.pl\\\/en\\\/shop\\\/\"},{\"@type\":\"ListItem\",\"position\":3,\"name\":\"Wenecja 01\"}]},{\"@type\":\"WebSite\",\"@id\":\"https:\\\/\\\/szynaka.pl\\\/en\\\/#website\",\"url\":\"https:\\\/\\\/szynaka.pl\\\/en\\\/\",\"name\":\"Szynaka Meble\",\"description\":\"\",\"potentialAction\":[{\"@type\":\"SearchAction\",\"target\":{\"@type\":\"EntryPoint\",\"urlTemplate\":\"https:\\\/\\\/szynaka.pl\\\/en\\\/?s={search_term_string}\"},\"query-input\":{\"@type\":\"PropertyValueSpecification\",\"valueRequired\":true,\"valueName\":\"search_term_string\"}}],\"inLanguage\":\"en-US\"}]}<\/script>\n<!-- \/ Yoast SEO plugin. -->","yoast_head_json":{"title":"Wenecja 01 - Szynaka Meble","robots":{"index":"index","follow":"follow","max-snippet":"max-snippet:-1","max-image-preview":"max-image-preview:large","max-video-preview":"max-video-preview:-1"},"canonical":"https:\/\/szynaka.pl\/en\/produkt\/kolekcja-wenecja-szafa-ubraniowa-2-drzwiowa-wenecja-01\/","og_locale":"en_US","og_type":"article","og_title":"Wenecja 01 - Szynaka Meble","og_description":"sliding door wardrobe","og_url":"https:\/\/szynaka.pl\/en\/produkt\/kolekcja-wenecja-szafa-ubraniowa-2-drzwiowa-wenecja-01\/","og_site_name":"Szynaka Meble","article_modified_time":"2026-04-20T10:41:31+00:00","og_image":[{"width":1509,"height":1000,"url":"http:\/\/szynaka.pl\/wp-content\/uploads\/2026\/01\/wenecja_1_galeria_1-min.jpg","type":"image\/jpeg"}],"twitter_card":"summary_large_image","twitter_misc":{"Est. reading time":"2 minutes"},"schema":{"@context":"https:\/\/schema.org","@graph":[{"@type":["WebPage","CheckoutPage"],"@id":"https:\/\/szynaka.pl\/en\/produkt\/kolekcja-wenecja-szafa-ubraniowa-2-drzwiowa-wenecja-01\/","url":"https:\/\/szynaka.pl\/en\/produkt\/kolekcja-wenecja-szafa-ubraniowa-2-drzwiowa-wenecja-01\/","name":"Wenecja 01 - Szynaka Meble","isPartOf":{"@id":"https:\/\/szynaka.pl\/en\/#website"},"primaryImageOfPage":{"@id":"https:\/\/szynaka.pl\/en\/produkt\/kolekcja-wenecja-szafa-ubraniowa-2-drzwiowa-wenecja-01\/#primaryimage"},"image":{"@id":"https:\/\/szynaka.pl\/en\/produkt\/kolekcja-wenecja-szafa-ubraniowa-2-drzwiowa-wenecja-01\/#primaryimage"},"thumbnailUrl":"https:\/\/szynaka.pl\/wp-content\/uploads\/2026\/01\/wenecja_1_galeria_1-min.jpg","datePublished":"2017-06-21T04:43:16+00:00","dateModified":"2026-04-20T10:41:31+00:00","breadcrumb":{"@id":"https:\/\/szynaka.pl\/en\/produkt\/kolekcja-wenecja-szafa-ubraniowa-2-drzwiowa-wenecja-01\/#breadcrumb"},"inLanguage":"en-US","potentialAction":[{"@type":"ReadAction","target":["https:\/\/szynaka.pl\/en\/produkt\/kolekcja-wenecja-szafa-ubraniowa-2-drzwiowa-wenecja-01\/"]}]},{"@type":"ImageObject","inLanguage":"en-US","@id":"https:\/\/szynaka.pl\/en\/produkt\/kolekcja-wenecja-szafa-ubraniowa-2-drzwiowa-wenecja-01\/#primaryimage","url":"https:\/\/szynaka.pl\/wp-content\/uploads\/2026\/01\/wenecja_1_galeria_1-min.jpg","contentUrl":"https:\/\/szynaka.pl\/wp-content\/uploads\/2026\/01\/wenecja_1_galeria_1-min.jpg","width":1509,"height":1000,"caption":"Wenecja 01-0"},{"@type":"BreadcrumbList","@id":"https:\/\/szynaka.pl\/en\/produkt\/kolekcja-wenecja-szafa-ubraniowa-2-drzwiowa-wenecja-01\/#breadcrumb","itemListElement":[{"@type":"ListItem","position":1,"name":"Strona g\u0142\u00f3wna","item":"https:\/\/szynaka.pl\/en\/"},{"@type":"ListItem","position":2,"name":"Shop","item":"https:\/\/szynaka.pl\/en\/shop\/"},{"@type":"ListItem","position":3,"name":"Wenecja 01"}]},{"@type":"WebSite","@id":"https:\/\/szynaka.pl\/en\/#website","url":"https:\/\/szynaka.pl\/en\/","name":"Szynaka Meble","description":"","potentialAction":[{"@type":"SearchAction","target":{"@type":"EntryPoint","urlTemplate":"https:\/\/szynaka.pl\/en\/?s={search_term_string}"},"query-input":{"@type":"PropertyValueSpecification","valueRequired":true,"valueName":"search_term_string"}}],"inLanguage":"en-US"}]}},"_links":{"self":[{"href":"https:\/\/szynaka.pl\/en\/wp-json\/wp\/v2\/product\/64288","targetHints":{"allow":["GET"]}}],"collection":[{"href":"https:\/\/szynaka.pl\/en\/wp-json\/wp\/v2\/product"}],"about":[{"href":"https:\/\/szynaka.pl\/en\/wp-json\/wp\/v2\/types\/product"}],"replies":[{"embeddable":true,"href":"https:\/\/szynaka.pl\/en\/wp-json\/wp\/v2\/comments?post=64288"}],"version-history":[{"count":3,"href":"https:\/\/szynaka.pl\/en\/wp-json\/wp\/v2\/product\/64288\/revisions"}],"predecessor-version":[{"id":82946,"href":"https:\/\/szynaka.pl\/en\/wp-json\/wp\/v2\/product\/64288\/revisions\/82946"}],"wp:featuredmedia":[{"embeddable":true,"href":"https:\/\/szynaka.pl\/en\/wp-json\/wp\/v2\/media\/67623"}],"wp:attachment":[{"href":"https:\/\/szynaka.pl\/en\/wp-json\/wp\/v2\/media?parent=64288"}],"wp:term":[{"taxonomy":"product_brand","embeddable":true,"href":"https:\/\/szynaka.pl\/en\/wp-json\/wp\/v2\/product_brand?post=64288"},{"taxonomy":"product_cat","embeddable":true,"href":"https:\/\/szynaka.pl\/en\/wp-json\/wp\/v2\/product_cat?post=64288"},{"taxonomy":"product_tag","embeddable":true,"href":"https:\/\/szynaka.pl\/en\/wp-json\/wp\/v2\/product_tag?post=64288"},{"taxonomy":"kolekcje","embeddable":true,"href":"https:\/\/szynaka.pl\/en\/wp-json\/wp\/v2\/kolekcje?post=64288"}],"curies":[{"name":"wp","href":"https:\/\/api.w.org\/{rel}","templated":true}]}}