{"id":64286,"date":"2017-06-21T06:43:15","date_gmt":"2017-06-21T04:43:15","guid":{"rendered":"https:\/\/szynaka.pl\/produkt\/collection-wenecja-bed-160-wenecja-03\/"},"modified":"2026-04-20T12:48:25","modified_gmt":"2026-04-20T10:48:25","slug":"kolekcja-wenecja-loze-160-wenecja-03","status":"publish","type":"product","link":"https:\/\/szynaka.pl\/en\/produkt\/kolekcja-wenecja-loze-160-wenecja-03\/","title":{"rendered":"Wenecja 03"},"content":{"rendered":"<p data-start=\"0\" data-end=\"365\">The Wenecja bed, designed for a 160 \u00d7 200 cm mattress, is an excellent choice for those seeking a comfortable and aesthetically pleasing sleeping space for two people. Its simple, well-structured form, highlighted by a distinct horizontal accent on the headboard and front panel, gives the piece a modern look that fits into various bedroom arrangements. The headboard provides comfortable support while reading or relaxing, while the sturdy frame ensures the mattress stays properly positioned, enhancing everyday comfort. Its thoughtfully designed structure supports both restful sleep and practical daily use. The body, made of laminated furniture board, offers smooth, uniform surfaces and long-lasting durability. This material is easy to maintain, helping the bed retain its clean and elegant appearance over time. With external dimensions of 172 \u00d7 80 \u00d7 205 cm (width \u00d7 height \u00d7 depth), the bed is easy to place and adapt to different bedroom layouts. Designed for a 160 \u00d7 200 cm mattress, it provides ample and comfortable sleeping space. Additionally, the bed can be equipped with a wooden slatted base or a framed bed base, allowing you to customize it to your personal preferences. The furniture is intended for self-assembly and comes with all necessary components.<\/p>\n<p><a class=\"download-file\" href=\"https:\/\/www.szynaka.pl\/media\/instrukcje_montazu\/wenecja\/WENECJA 03 Instrukcja monta\u017cu.pdf\" download=\"\">Download assembly instruction<\/a><\/p>\n","protected":false},"excerpt":{"rendered":"<p>bed 160 (without mattress and frame)<\/p>\n","protected":false},"featured_media":67622,"comment_status":"open","ping_status":"closed","template":"","meta":{"_acf_changed":false},"product_brand":[],"product_cat":[3140,3133,3112],"product_tag":[],"kolekcje":[2596],"class_list":{"0":"post-64286","1":"product","2":"type-product","3":"status-publish","4":"has-post-thumbnail","6":"product_cat-bedroom-furniture","7":"product_cat-beds","8":"product_cat-furniture","9":"pa_cichy-domyk-yes","10":"pa_dlugosc-powierzchni-spania-3175","11":"pa_elementy-z-litego-drewna-no","12":"pa_glebokosc-206-cm","13":"pa_ikony-funkcjonalne-bedroom-furniture","14":"pa_ikony-funkcjonalne-self-assembly","15":"pa_ikony-funkcjonalne-without-frame-and-mattress","16":"pa_ilosc-paczek-3283","17":"pa_individual-realization-time-4569","18":"pa_kolekcja-wenecja","19":"pa_linia-trendline","20":"pa_lozko-l-osob-double-2","21":"pa_mebel-zmontowany-no","22":"pa_pojemnik-na-posciel-no","23":"pa_polka-na-klawiature-no","24":"pa_szerokosc-powierzchni-spania-3894","25":"pa_wykonanie-front-wood-like-decor-foil-finish-foiled-chipboard","26":"pa_wykonanie-korpusu-wood-like-decor-foil-finish-foiled-chipboard","27":"kolekcje-wenecja","29":"first","30":"instock","31":"shipping-taxable","32":"purchasable","33":"product-type-variable"},"acf":[],"yoast_head":"<!-- This site is optimized with the Yoast SEO plugin v27.5 - https:\/\/yoast.com\/product\/yoast-seo-wordpress\/ -->\n<title>Wenecja 03 - Szynaka Meble<\/title>\n<meta name=\"robots\" content=\"index, follow, max-snippet:-1, max-image-preview:large, max-video-preview:-1\" \/>\n<link rel=\"canonical\" href=\"https:\/\/szynaka.pl\/en\/produkt\/kolekcja-wenecja-loze-160-wenecja-03\/\" \/>\n<meta property=\"og:locale\" content=\"en_US\" \/>\n<meta property=\"og:type\" content=\"article\" \/>\n<meta property=\"og:title\" content=\"Wenecja 03 - Szynaka Meble\" \/>\n<meta property=\"og:description\" content=\"bed 160 (without mattress and frame)\" \/>\n<meta property=\"og:url\" content=\"https:\/\/szynaka.pl\/en\/produkt\/kolekcja-wenecja-loze-160-wenecja-03\/\" \/>\n<meta property=\"og:site_name\" content=\"Szynaka Meble\" \/>\n<meta property=\"article:modified_time\" content=\"2026-04-20T10:48:25+00:00\" \/>\n<meta property=\"og:image\" content=\"http:\/\/szynaka.pl\/wp-content\/uploads\/2026\/01\/wenecja_3_galeria_1-min.jpg\" \/>\n\t<meta property=\"og:image:width\" content=\"1509\" \/>\n\t<meta property=\"og:image:height\" content=\"1000\" \/>\n\t<meta property=\"og:image:type\" content=\"image\/jpeg\" \/>\n<meta name=\"twitter:card\" content=\"summary_large_image\" \/>\n<meta name=\"twitter:label1\" content=\"Est. reading time\" \/>\n\t<meta name=\"twitter:data1\" content=\"2 minutes\" \/>\n<script type=\"application\/ld+json\" class=\"yoast-schema-graph\">{\"@context\":\"https:\\\/\\\/schema.org\",\"@graph\":[{\"@type\":[\"WebPage\",\"CheckoutPage\"],\"@id\":\"https:\\\/\\\/szynaka.pl\\\/en\\\/produkt\\\/kolekcja-wenecja-loze-160-wenecja-03\\\/\",\"url\":\"https:\\\/\\\/szynaka.pl\\\/en\\\/produkt\\\/kolekcja-wenecja-loze-160-wenecja-03\\\/\",\"name\":\"Wenecja 03 - Szynaka Meble\",\"isPartOf\":{\"@id\":\"https:\\\/\\\/szynaka.pl\\\/en\\\/#website\"},\"primaryImageOfPage\":{\"@id\":\"https:\\\/\\\/szynaka.pl\\\/en\\\/produkt\\\/kolekcja-wenecja-loze-160-wenecja-03\\\/#primaryimage\"},\"image\":{\"@id\":\"https:\\\/\\\/szynaka.pl\\\/en\\\/produkt\\\/kolekcja-wenecja-loze-160-wenecja-03\\\/#primaryimage\"},\"thumbnailUrl\":\"https:\\\/\\\/szynaka.pl\\\/wp-content\\\/uploads\\\/2026\\\/01\\\/wenecja_3_galeria_1-min.jpg\",\"datePublished\":\"2017-06-21T04:43:15+00:00\",\"dateModified\":\"2026-04-20T10:48:25+00:00\",\"breadcrumb\":{\"@id\":\"https:\\\/\\\/szynaka.pl\\\/en\\\/produkt\\\/kolekcja-wenecja-loze-160-wenecja-03\\\/#breadcrumb\"},\"inLanguage\":\"en-US\",\"potentialAction\":[{\"@type\":\"ReadAction\",\"target\":[\"https:\\\/\\\/szynaka.pl\\\/en\\\/produkt\\\/kolekcja-wenecja-loze-160-wenecja-03\\\/\"]}]},{\"@type\":\"ImageObject\",\"inLanguage\":\"en-US\",\"@id\":\"https:\\\/\\\/szynaka.pl\\\/en\\\/produkt\\\/kolekcja-wenecja-loze-160-wenecja-03\\\/#primaryimage\",\"url\":\"https:\\\/\\\/szynaka.pl\\\/wp-content\\\/uploads\\\/2026\\\/01\\\/wenecja_3_galeria_1-min.jpg\",\"contentUrl\":\"https:\\\/\\\/szynaka.pl\\\/wp-content\\\/uploads\\\/2026\\\/01\\\/wenecja_3_galeria_1-min.jpg\",\"width\":1509,\"height\":1000,\"caption\":\"Wenecja 03-0\"},{\"@type\":\"BreadcrumbList\",\"@id\":\"https:\\\/\\\/szynaka.pl\\\/en\\\/produkt\\\/kolekcja-wenecja-loze-160-wenecja-03\\\/#breadcrumb\",\"itemListElement\":[{\"@type\":\"ListItem\",\"position\":1,\"name\":\"Strona g\u0142\u00f3wna\",\"item\":\"https:\\\/\\\/szynaka.pl\\\/en\\\/\"},{\"@type\":\"ListItem\",\"position\":2,\"name\":\"Shop\",\"item\":\"https:\\\/\\\/szynaka.pl\\\/en\\\/shop\\\/\"},{\"@type\":\"ListItem\",\"position\":3,\"name\":\"Wenecja 03\"}]},{\"@type\":\"WebSite\",\"@id\":\"https:\\\/\\\/szynaka.pl\\\/en\\\/#website\",\"url\":\"https:\\\/\\\/szynaka.pl\\\/en\\\/\",\"name\":\"Szynaka Meble\",\"description\":\"\",\"potentialAction\":[{\"@type\":\"SearchAction\",\"target\":{\"@type\":\"EntryPoint\",\"urlTemplate\":\"https:\\\/\\\/szynaka.pl\\\/en\\\/?s={search_term_string}\"},\"query-input\":{\"@type\":\"PropertyValueSpecification\",\"valueRequired\":true,\"valueName\":\"search_term_string\"}}],\"inLanguage\":\"en-US\"}]}<\/script>\n<!-- \/ Yoast SEO plugin. -->","yoast_head_json":{"title":"Wenecja 03 - Szynaka Meble","robots":{"index":"index","follow":"follow","max-snippet":"max-snippet:-1","max-image-preview":"max-image-preview:large","max-video-preview":"max-video-preview:-1"},"canonical":"https:\/\/szynaka.pl\/en\/produkt\/kolekcja-wenecja-loze-160-wenecja-03\/","og_locale":"en_US","og_type":"article","og_title":"Wenecja 03 - Szynaka Meble","og_description":"bed 160 (without mattress and frame)","og_url":"https:\/\/szynaka.pl\/en\/produkt\/kolekcja-wenecja-loze-160-wenecja-03\/","og_site_name":"Szynaka Meble","article_modified_time":"2026-04-20T10:48:25+00:00","og_image":[{"width":1509,"height":1000,"url":"http:\/\/szynaka.pl\/wp-content\/uploads\/2026\/01\/wenecja_3_galeria_1-min.jpg","type":"image\/jpeg"}],"twitter_card":"summary_large_image","twitter_misc":{"Est. reading time":"2 minutes"},"schema":{"@context":"https:\/\/schema.org","@graph":[{"@type":["WebPage","CheckoutPage"],"@id":"https:\/\/szynaka.pl\/en\/produkt\/kolekcja-wenecja-loze-160-wenecja-03\/","url":"https:\/\/szynaka.pl\/en\/produkt\/kolekcja-wenecja-loze-160-wenecja-03\/","name":"Wenecja 03 - Szynaka Meble","isPartOf":{"@id":"https:\/\/szynaka.pl\/en\/#website"},"primaryImageOfPage":{"@id":"https:\/\/szynaka.pl\/en\/produkt\/kolekcja-wenecja-loze-160-wenecja-03\/#primaryimage"},"image":{"@id":"https:\/\/szynaka.pl\/en\/produkt\/kolekcja-wenecja-loze-160-wenecja-03\/#primaryimage"},"thumbnailUrl":"https:\/\/szynaka.pl\/wp-content\/uploads\/2026\/01\/wenecja_3_galeria_1-min.jpg","datePublished":"2017-06-21T04:43:15+00:00","dateModified":"2026-04-20T10:48:25+00:00","breadcrumb":{"@id":"https:\/\/szynaka.pl\/en\/produkt\/kolekcja-wenecja-loze-160-wenecja-03\/#breadcrumb"},"inLanguage":"en-US","potentialAction":[{"@type":"ReadAction","target":["https:\/\/szynaka.pl\/en\/produkt\/kolekcja-wenecja-loze-160-wenecja-03\/"]}]},{"@type":"ImageObject","inLanguage":"en-US","@id":"https:\/\/szynaka.pl\/en\/produkt\/kolekcja-wenecja-loze-160-wenecja-03\/#primaryimage","url":"https:\/\/szynaka.pl\/wp-content\/uploads\/2026\/01\/wenecja_3_galeria_1-min.jpg","contentUrl":"https:\/\/szynaka.pl\/wp-content\/uploads\/2026\/01\/wenecja_3_galeria_1-min.jpg","width":1509,"height":1000,"caption":"Wenecja 03-0"},{"@type":"BreadcrumbList","@id":"https:\/\/szynaka.pl\/en\/produkt\/kolekcja-wenecja-loze-160-wenecja-03\/#breadcrumb","itemListElement":[{"@type":"ListItem","position":1,"name":"Strona g\u0142\u00f3wna","item":"https:\/\/szynaka.pl\/en\/"},{"@type":"ListItem","position":2,"name":"Shop","item":"https:\/\/szynaka.pl\/en\/shop\/"},{"@type":"ListItem","position":3,"name":"Wenecja 03"}]},{"@type":"WebSite","@id":"https:\/\/szynaka.pl\/en\/#website","url":"https:\/\/szynaka.pl\/en\/","name":"Szynaka Meble","description":"","potentialAction":[{"@type":"SearchAction","target":{"@type":"EntryPoint","urlTemplate":"https:\/\/szynaka.pl\/en\/?s={search_term_string}"},"query-input":{"@type":"PropertyValueSpecification","valueRequired":true,"valueName":"search_term_string"}}],"inLanguage":"en-US"}]}},"_links":{"self":[{"href":"https:\/\/szynaka.pl\/en\/wp-json\/wp\/v2\/product\/64286","targetHints":{"allow":["GET"]}}],"collection":[{"href":"https:\/\/szynaka.pl\/en\/wp-json\/wp\/v2\/product"}],"about":[{"href":"https:\/\/szynaka.pl\/en\/wp-json\/wp\/v2\/types\/product"}],"replies":[{"embeddable":true,"href":"https:\/\/szynaka.pl\/en\/wp-json\/wp\/v2\/comments?post=64286"}],"version-history":[{"count":3,"href":"https:\/\/szynaka.pl\/en\/wp-json\/wp\/v2\/product\/64286\/revisions"}],"predecessor-version":[{"id":82948,"href":"https:\/\/szynaka.pl\/en\/wp-json\/wp\/v2\/product\/64286\/revisions\/82948"}],"wp:featuredmedia":[{"embeddable":true,"href":"https:\/\/szynaka.pl\/en\/wp-json\/wp\/v2\/media\/67622"}],"wp:attachment":[{"href":"https:\/\/szynaka.pl\/en\/wp-json\/wp\/v2\/media?parent=64286"}],"wp:term":[{"taxonomy":"product_brand","embeddable":true,"href":"https:\/\/szynaka.pl\/en\/wp-json\/wp\/v2\/product_brand?post=64286"},{"taxonomy":"product_cat","embeddable":true,"href":"https:\/\/szynaka.pl\/en\/wp-json\/wp\/v2\/product_cat?post=64286"},{"taxonomy":"product_tag","embeddable":true,"href":"https:\/\/szynaka.pl\/en\/wp-json\/wp\/v2\/product_tag?post=64286"},{"taxonomy":"kolekcje","embeddable":true,"href":"https:\/\/szynaka.pl\/en\/wp-json\/wp\/v2\/kolekcje?post=64286"}],"curies":[{"name":"wp","href":"https:\/\/api.w.org\/{rel}","templated":true}]}}