{"id":78789,"date":"2026-02-19T10:18:32","date_gmt":"2026-02-19T09:18:32","guid":{"rendered":"https:\/\/szynaka.pl\/blog\/"},"modified":"2026-04-14T14:25:43","modified_gmt":"2026-04-14T12:25:43","slug":"blog","status":"publish","type":"page","link":"https:\/\/szynaka.pl\/en\/blog\/","title":{"rendered":"Blog"},"content":{"rendered":"\t\t<div data-elementor-type=\"wp-page\" data-elementor-id=\"78789\" class=\"elementor elementor-78789 elementor-37358\" data-elementor-post-type=\"page\">\n\t\t\t\t<div class=\"wd-negative-gap elementor-element elementor-element-423bfa1 e-flex e-con-boxed e-con e-parent\" data-id=\"423bfa1\" data-element_type=\"container\" data-e-type=\"container\">\n\t\t\t\t\t<div class=\"e-con-inner\">\n\t\t\t\t<div class=\"elementor-element elementor-element-a2b84bf wd-width-100 elementor-widget elementor-widget-wd_blog\" data-id=\"a2b84bf\" data-element_type=\"widget\" data-e-type=\"widget\" data-widget_type=\"wd_blog.default\">\n\t\t\t\t<div class=\"elementor-widget-container\">\n\t\t\t\t\t\t\t\t\t\t\t\t<div class=\"wd-blog-element\">\n\t\t\t\t\t<div class=\"wd-posts wd-blog-holder wd-grid-g\" id=\"6a036826890ba\" data-paged=\"1\" data-atts=\"{&quot;post_type&quot;:&quot;post&quot;,&quot;items_per_page&quot;:12,&quot;include&quot;:null,&quot;taxonomies&quot;:[&quot;278&quot;],&quot;offset&quot;:&quot;&quot;,&quot;orderby&quot;:&quot;&quot;,&quot;order&quot;:&quot;DESC&quot;,&quot;meta_key&quot;:null,&quot;exclude&quot;:&quot;&quot;,&quot;parts_media&quot;:true,&quot;parts_title&quot;:&quot;1&quot;,&quot;parts_meta&quot;:&quot;&quot;,&quot;parts_text&quot;:&quot;1&quot;,&quot;parts_btn&quot;:&quot;1&quot;,&quot;parts_published_date&quot;:&quot;1&quot;,&quot;img_size&quot;:&quot;large&quot;,&quot;blog_design&quot;:&quot;list&quot;,&quot;blog_carousel_design&quot;:null,&quot;blog_columns&quot;:null,&quot;blog_columns_tablet&quot;:{&quot;size&quot;:&quot;&quot;},&quot;blog_columns_mobile&quot;:{&quot;size&quot;:&quot;&quot;},&quot;blog_spacing&quot;:null,&quot;blog_spacing_tablet&quot;:&quot;&quot;,&quot;blog_spacing_mobile&quot;:&quot;&quot;,&quot;pagination&quot;:&quot;&quot;,&quot;speed&quot;:null,&quot;slides_per_view&quot;:null,&quot;slides_per_view_tablet&quot;:{&quot;size&quot;:&quot;&quot;},&quot;slides_per_view_mobile&quot;:{&quot;size&quot;:&quot;&quot;},&quot;wrap&quot;:null,&quot;autoplay&quot;:null,&quot;hide_pagination_control&quot;:null,&quot;hide_prev_next_buttons&quot;:null,&quot;scroll_per_page&quot;:null,&quot;lazy_loading&quot;:&quot;no&quot;,&quot;scroll_carousel_init&quot;:null,&quot;ajax_page&quot;:&quot;&quot;,&quot;custom_sizes&quot;:false,&quot;elementor&quot;:true}\" data-source=\"shortcode\">\n\t\t\t\n\t\t\t\t\t\t\t\t\t\t\t\t\t\t\n<article id=\"post-83653\" class=\"wd-post blog-design-list blog-post-loop blog-style-bg wd-add-shadow post-83653 post type-post status-publish format-standard has-post-thumbnail hentry category-blog category-business category-from-the-life-of-the-company category-topicality\">\n\t<div class=\"wd-post-inner\">\n\t\t<div class=\"wd-post-thumb\">\n\t\t\t\t\t\t\t<div class=\"wd-post-img\">\n\t\t\t\t\t<img loading=\"lazy\" decoding=\"async\" width=\"729\" height=\"560\" src=\"https:\/\/szynaka.pl\/wp-content\/uploads\/2026\/04\/targi2026_hp1.png\" class=\"attachment-large size-large\" alt=\"\" srcset=\"https:\/\/szynaka.pl\/wp-content\/uploads\/2026\/04\/targi2026_hp1.png 729w, https:\/\/szynaka.pl\/wp-content\/uploads\/2026\/04\/targi2026_hp1-391x300.png 391w, https:\/\/szynaka.pl\/wp-content\/uploads\/2026\/04\/targi2026_hp1-430x330.png 430w, https:\/\/szynaka.pl\/wp-content\/uploads\/2026\/04\/targi2026_hp1-700x538.png 700w, https:\/\/szynaka.pl\/wp-content\/uploads\/2026\/04\/targi2026_hp1-150x115.png 150w\" sizes=\"auto, (max-width: 729px) 100vw, 729px\" \/>\t\t\t\t<\/div>\n\t\t\t\t\t\t\t\t\t<div class=\"wd-post-date wd-style-with-bg\">\n\t\t\t\t<span class=\"post-date-day\">\n\t\t\t\t\t27\t\t\t\t<\/span>\n\t\t\t\t<span class=\"post-date-month\">\n\t\t\t\t\tApr\t\t\t\t<\/span>\n\t\t\t<\/div>\n\t\t\t\t\t\t\t\t<a class=\"wd-post-link wd-fill\" href=\"https:\/\/szynaka.pl\/en\/szynaka-meble-a-global-partner-in-the-world-of-design-and-business\/\" rel=\"bookmark\" aria-label=\"Link on post Szynaka Meble \u2013 a global partner in the world of design and business\"><\/a>\n\t\t\t\t\t<\/div>\n\n\t\t<div class=\"wd-post-content\">\n\t\t\t<div class=\"wd-post-content-inner wd-scroll\">\n\t\t\t\t\t\t\t\t\t\t\t\t\t<h3 class=\"wd-entities-title title post-title\">\n\t\t\t\t\t\t<a href=\"https:\/\/szynaka.pl\/en\/szynaka-meble-a-global-partner-in-the-world-of-design-and-business\/\" rel=\"bookmark\">\n\t\t\t\t\t\t\tSzynaka Meble \u2013 a global partner in the world of design and business\t\t\t\t\t\t<\/a>\n\t\t\t\t\t<\/h3>\n\t\t\t\t\t\t\t\t\t\t\t\t\t<div class=\"wd-post-desc wd-scroll-content\">\n\t\t\t\t\t\t\t\t\t\t\t\t\t<p> Once again, Szynaka Meble is participating in the prestigious High Point Market \u2014 one of the most important events for the global furniture industry. It is here that an international community of designers, manufacturers, and business partners comes together to shape the future of contemporary design and the home furnishings market.  <\/p>\n\t\t\t\t\t\t\t\t\t\t\t<\/div>\n\t\t\t\t\t\t\t<\/div>\n\t\t\t\t\t\t\t\t\t\t\t\t<div class=\"wd-read-more\">\n\t\t\t\t\t\t<a class=\"btn-read-more more-link\" href=\"https:\/\/szynaka.pl\/en\/szynaka-meble-a-global-partner-in-the-world-of-design-and-business\/\">Continue reading<\/a>\t\t\t\t\t<\/div>\n\t\t\t\t\t\t\t\t\t<\/div>\n\t<\/div>\n<\/article>\n\t\t\t\t\n\t\t\t\t\t\t\t\t<\/div>\n\t\t\t\n\t\t\t\t\t\t\t\t\t\t<\/div>\n\t\t\t\t\t\t\t\t\t\t<\/div>\n\t\t\t\t<\/div>\n\t\t\t\t\t<\/div>\n\t\t\t\t<\/div>\n\t\t\t\t<\/div>\n\t\t","protected":false},"excerpt":{"rendered":"<p>28 sty Silna reprezentacja Szynaka Meble na otwarciu Bran\u017cowego Centrum Umiej\u0119tno\u015bci w R\u00f3\u017canymstoku W R\u00f3\u017canymstoku odby\u0142&#8230; wi\u0119cej 20 lis Szynaka<\/p>\n","protected":false},"author":4,"featured_media":0,"parent":0,"menu_order":0,"comment_status":"closed","ping_status":"closed","template":"elementor_theme","meta":{"_acf_changed":false,"footnotes":""},"class_list":["post-78789","page","type-page","status-publish","hentry"],"acf":[],"yoast_head":"<!-- This site is optimized with the Yoast SEO plugin v27.5 - https:\/\/yoast.com\/product\/yoast-seo-wordpress\/ -->\n<title>Blog - Szynaka Meble<\/title>\n<meta name=\"robots\" content=\"index, follow, max-snippet:-1, max-image-preview:large, max-video-preview:-1\" \/>\n<link rel=\"canonical\" href=\"https:\/\/szynaka.pl\/en\/blog\/\" \/>\n<meta property=\"og:locale\" content=\"en_US\" \/>\n<meta property=\"og:type\" content=\"article\" \/>\n<meta property=\"og:title\" content=\"Blog - Szynaka Meble\" \/>\n<meta property=\"og:description\" content=\"28 sty Silna reprezentacja Szynaka Meble na otwarciu Bran\u017cowego Centrum Umiej\u0119tno\u015bci w R\u00f3\u017canymstoku W R\u00f3\u017canymstoku odby\u0142&#8230; wi\u0119cej 20 lis Szynaka\" \/>\n<meta property=\"og:url\" content=\"https:\/\/szynaka.pl\/en\/blog\/\" \/>\n<meta property=\"og:site_name\" content=\"Szynaka Meble\" \/>\n<meta property=\"article:modified_time\" content=\"2026-04-14T12:25:43+00:00\" \/>\n<meta property=\"og:image\" content=\"http:\/\/szynaka.pl\/wp-content\/uploads\/2026\/01\/Otwarcie-buc-rozanystok.jpg\" \/>\n<meta name=\"twitter:card\" content=\"summary_large_image\" \/>\n<meta name=\"twitter:label1\" content=\"Est. reading time\" \/>\n\t<meta name=\"twitter:data1\" content=\"6 minutes\" \/>\n<script type=\"application\/ld+json\" class=\"yoast-schema-graph\">{\"@context\":\"https:\\\/\\\/schema.org\",\"@graph\":[{\"@type\":\"WebPage\",\"@id\":\"https:\\\/\\\/szynaka.pl\\\/en\\\/blog\\\/\",\"url\":\"https:\\\/\\\/szynaka.pl\\\/en\\\/blog\\\/\",\"name\":\"Blog - Szynaka Meble\",\"isPartOf\":{\"@id\":\"https:\\\/\\\/szynaka.pl\\\/en\\\/#website\"},\"primaryImageOfPage\":{\"@id\":\"https:\\\/\\\/szynaka.pl\\\/en\\\/blog\\\/#primaryimage\"},\"image\":{\"@id\":\"https:\\\/\\\/szynaka.pl\\\/en\\\/blog\\\/#primaryimage\"},\"thumbnailUrl\":\"http:\\\/\\\/szynaka.pl\\\/wp-content\\\/uploads\\\/2026\\\/01\\\/Otwarcie-buc-rozanystok.jpg\",\"datePublished\":\"2026-02-19T09:18:32+00:00\",\"dateModified\":\"2026-04-14T12:25:43+00:00\",\"breadcrumb\":{\"@id\":\"https:\\\/\\\/szynaka.pl\\\/en\\\/blog\\\/#breadcrumb\"},\"inLanguage\":\"en-US\",\"potentialAction\":[{\"@type\":\"ReadAction\",\"target\":[\"https:\\\/\\\/szynaka.pl\\\/en\\\/blog\\\/\"]}]},{\"@type\":\"ImageObject\",\"inLanguage\":\"en-US\",\"@id\":\"https:\\\/\\\/szynaka.pl\\\/en\\\/blog\\\/#primaryimage\",\"url\":\"http:\\\/\\\/szynaka.pl\\\/wp-content\\\/uploads\\\/2026\\\/01\\\/Otwarcie-buc-rozanystok.jpg\",\"contentUrl\":\"http:\\\/\\\/szynaka.pl\\\/wp-content\\\/uploads\\\/2026\\\/01\\\/Otwarcie-buc-rozanystok.jpg\"},{\"@type\":\"BreadcrumbList\",\"@id\":\"https:\\\/\\\/szynaka.pl\\\/en\\\/blog\\\/#breadcrumb\",\"itemListElement\":[{\"@type\":\"ListItem\",\"position\":1,\"name\":\"Strona g\u0142\u00f3wna\",\"item\":\"https:\\\/\\\/szynaka.pl\\\/en\\\/\"},{\"@type\":\"ListItem\",\"position\":2,\"name\":\"Blog\"}]},{\"@type\":\"WebSite\",\"@id\":\"https:\\\/\\\/szynaka.pl\\\/en\\\/#website\",\"url\":\"https:\\\/\\\/szynaka.pl\\\/en\\\/\",\"name\":\"Szynaka Meble\",\"description\":\"\",\"potentialAction\":[{\"@type\":\"SearchAction\",\"target\":{\"@type\":\"EntryPoint\",\"urlTemplate\":\"https:\\\/\\\/szynaka.pl\\\/en\\\/?s={search_term_string}\"},\"query-input\":{\"@type\":\"PropertyValueSpecification\",\"valueRequired\":true,\"valueName\":\"search_term_string\"}}],\"inLanguage\":\"en-US\"}]}<\/script>\n<!-- \/ Yoast SEO plugin. -->","yoast_head_json":{"title":"Blog - Szynaka Meble","robots":{"index":"index","follow":"follow","max-snippet":"max-snippet:-1","max-image-preview":"max-image-preview:large","max-video-preview":"max-video-preview:-1"},"canonical":"https:\/\/szynaka.pl\/en\/blog\/","og_locale":"en_US","og_type":"article","og_title":"Blog - Szynaka Meble","og_description":"28 sty Silna reprezentacja Szynaka Meble na otwarciu Bran\u017cowego Centrum Umiej\u0119tno\u015bci w R\u00f3\u017canymstoku W R\u00f3\u017canymstoku odby\u0142&#8230; wi\u0119cej 20 lis Szynaka","og_url":"https:\/\/szynaka.pl\/en\/blog\/","og_site_name":"Szynaka Meble","article_modified_time":"2026-04-14T12:25:43+00:00","og_image":[{"url":"http:\/\/szynaka.pl\/wp-content\/uploads\/2026\/01\/Otwarcie-buc-rozanystok.jpg","type":"","width":"","height":""}],"twitter_card":"summary_large_image","twitter_misc":{"Est. reading time":"6 minutes"},"schema":{"@context":"https:\/\/schema.org","@graph":[{"@type":"WebPage","@id":"https:\/\/szynaka.pl\/en\/blog\/","url":"https:\/\/szynaka.pl\/en\/blog\/","name":"Blog - Szynaka Meble","isPartOf":{"@id":"https:\/\/szynaka.pl\/en\/#website"},"primaryImageOfPage":{"@id":"https:\/\/szynaka.pl\/en\/blog\/#primaryimage"},"image":{"@id":"https:\/\/szynaka.pl\/en\/blog\/#primaryimage"},"thumbnailUrl":"http:\/\/szynaka.pl\/wp-content\/uploads\/2026\/01\/Otwarcie-buc-rozanystok.jpg","datePublished":"2026-02-19T09:18:32+00:00","dateModified":"2026-04-14T12:25:43+00:00","breadcrumb":{"@id":"https:\/\/szynaka.pl\/en\/blog\/#breadcrumb"},"inLanguage":"en-US","potentialAction":[{"@type":"ReadAction","target":["https:\/\/szynaka.pl\/en\/blog\/"]}]},{"@type":"ImageObject","inLanguage":"en-US","@id":"https:\/\/szynaka.pl\/en\/blog\/#primaryimage","url":"http:\/\/szynaka.pl\/wp-content\/uploads\/2026\/01\/Otwarcie-buc-rozanystok.jpg","contentUrl":"http:\/\/szynaka.pl\/wp-content\/uploads\/2026\/01\/Otwarcie-buc-rozanystok.jpg"},{"@type":"BreadcrumbList","@id":"https:\/\/szynaka.pl\/en\/blog\/#breadcrumb","itemListElement":[{"@type":"ListItem","position":1,"name":"Strona g\u0142\u00f3wna","item":"https:\/\/szynaka.pl\/en\/"},{"@type":"ListItem","position":2,"name":"Blog"}]},{"@type":"WebSite","@id":"https:\/\/szynaka.pl\/en\/#website","url":"https:\/\/szynaka.pl\/en\/","name":"Szynaka Meble","description":"","potentialAction":[{"@type":"SearchAction","target":{"@type":"EntryPoint","urlTemplate":"https:\/\/szynaka.pl\/en\/?s={search_term_string}"},"query-input":{"@type":"PropertyValueSpecification","valueRequired":true,"valueName":"search_term_string"}}],"inLanguage":"en-US"}]}},"_links":{"self":[{"href":"https:\/\/szynaka.pl\/en\/wp-json\/wp\/v2\/pages\/78789","targetHints":{"allow":["GET"]}}],"collection":[{"href":"https:\/\/szynaka.pl\/en\/wp-json\/wp\/v2\/pages"}],"about":[{"href":"https:\/\/szynaka.pl\/en\/wp-json\/wp\/v2\/types\/page"}],"author":[{"embeddable":true,"href":"https:\/\/szynaka.pl\/en\/wp-json\/wp\/v2\/users\/4"}],"replies":[{"embeddable":true,"href":"https:\/\/szynaka.pl\/en\/wp-json\/wp\/v2\/comments?post=78789"}],"version-history":[{"count":2,"href":"https:\/\/szynaka.pl\/en\/wp-json\/wp\/v2\/pages\/78789\/revisions"}],"predecessor-version":[{"id":78791,"href":"https:\/\/szynaka.pl\/en\/wp-json\/wp\/v2\/pages\/78789\/revisions\/78791"}],"wp:attachment":[{"href":"https:\/\/szynaka.pl\/en\/wp-json\/wp\/v2\/media?parent=78789"}],"curies":[{"name":"wp","href":"https:\/\/api.w.org\/{rel}","templated":true}]}}