{"id":75071,"date":"2025-10-27T11:58:37","date_gmt":"2025-10-27T10:58:37","guid":{"rendered":"https:\/\/szynaka.pl\/returns-and-complaints\/"},"modified":"2026-03-31T12:26:12","modified_gmt":"2026-03-31T10:26:12","slug":"returns-and-complaints","status":"publish","type":"page","link":"https:\/\/szynaka.pl\/en\/returns-and-complaints\/","title":{"rendered":"Returns and complaints"},"content":{"rendered":"\t\t<div data-elementor-type=\"wp-page\" data-elementor-id=\"75071\" class=\"elementor elementor-75071 elementor-12\" data-elementor-post-type=\"page\">\n\t\t\t\t<div class=\"wd-negative-gap elementor-element elementor-element-1ca19ab e-flex e-con-boxed e-con e-parent\" data-id=\"1ca19ab\" data-element_type=\"container\" data-e-type=\"container\">\n\t\t\t\t\t<div class=\"e-con-inner\">\n\t\t\t\t<div class=\"elementor-element elementor-element-8014934 wd-width-100 elementor-widget elementor-widget-wd_title\" data-id=\"8014934\" data-element_type=\"widget\" data-e-type=\"widget\" data-widget_type=\"wd_title.default\">\n\t\t\t\t<div class=\"elementor-widget-container\">\n\t\t\t\t\t\t\t<div class=\"title-wrapper wd-set-mb reset-last-child wd-title-color-default wd-title-style-default wd-title-size-default text-left\">\n\n\t\t\t\t\t\t\t\t\t\t\t<div class=\"title-subtitle subtitle-color-default subtitle-style-default wd-fontsize-xs\">\n\t\t\t\t\tDla nas liczy si\u0119 najwy\u017csza jako\u015b\u0107\t\t\t\t<\/div>\n\t\t\t\n\t\t\t<div class=\"liner-continer\">\n\t\t\t\t<h4 class=\"woodmart-title-container title wd-fontsize-l\">Returns and complaints<\/h4> \n\t\t\t\t\t\t\t<\/div>\n\n\t\t\t\t\t\t\t<div class=\"title-after_title reset-last-child wd-fontsize-xs\">\n\t\t\t\t\t<p>We care about customer satisfaction and the highest level of service; therefore, customers who are not satisfied with the condition of the received goods may submit complaints directly to the seller. Claims may be made under statutory warranty for defects (a claim against the seller) as well as under a guarantee (a claim against the guarantor). Statutory warranty is governed by the Civil Code, while the guarantee is governed by the warranty card. Furniture service is provided within the country.   <\/p><p>Do you have any questions? Would you like to obtain detailed information about the complaint process? Our staff are available on business days from 8:00 a.m. to 4:00 p.m. Written inquiries are answered within up to 10 days.<br>All questions regarding complaints can be directed by phone at +48 89 644 92 15 or +48 89 644 92 16, by fax at +48 89 644 92 14, or by email at: reklamacje@szynaka.pl.     <\/p>\t\t\t\t<\/div>\n\t\t\t\t\t<\/div>\n\t\t\t\t\t\t<\/div>\n\t\t\t\t<\/div>\n\t\t\t\t\t<\/div>\n\t\t\t\t<\/div>\n\t\t\t\t<\/div>\n\t\t","protected":false},"excerpt":{"rendered":"<p>Dla nas liczy si\u0119 najwy\u017csza jako\u015b\u0107 Returns and complaints We care about customer satisfaction and the highest level of service;<\/p>\n","protected":false},"author":1,"featured_media":0,"parent":0,"menu_order":0,"comment_status":"closed","ping_status":"closed","template":"","meta":{"_acf_changed":false,"footnotes":""},"class_list":["post-75071","page","type-page","status-publish","hentry"],"acf":[],"yoast_head":"<!-- This site is optimized with the Yoast SEO plugin v27.5 - https:\/\/yoast.com\/product\/yoast-seo-wordpress\/ -->\n<title>Returns and complaints - Szynaka Meble<\/title>\n<meta name=\"robots\" content=\"index, follow, max-snippet:-1, max-image-preview:large, max-video-preview:-1\" \/>\n<link rel=\"canonical\" href=\"https:\/\/szynaka.pl\/en\/returns-and-complaints\/\" \/>\n<meta property=\"og:locale\" content=\"en_US\" \/>\n<meta property=\"og:type\" content=\"article\" \/>\n<meta property=\"og:title\" content=\"Returns and complaints - Szynaka Meble\" \/>\n<meta property=\"og:description\" content=\"Dla nas liczy si\u0119 najwy\u017csza jako\u015b\u0107 Returns and complaints We care about customer satisfaction and the highest level of service;\" \/>\n<meta property=\"og:url\" content=\"https:\/\/szynaka.pl\/en\/returns-and-complaints\/\" \/>\n<meta property=\"og:site_name\" content=\"Szynaka Meble\" \/>\n<meta property=\"article:modified_time\" content=\"2026-03-31T10:26:12+00:00\" \/>\n<meta name=\"twitter:card\" content=\"summary_large_image\" \/>\n<meta name=\"twitter:label1\" content=\"Est. reading time\" \/>\n\t<meta name=\"twitter:data1\" content=\"1 minute\" \/>\n<script type=\"application\/ld+json\" class=\"yoast-schema-graph\">{\"@context\":\"https:\\\/\\\/schema.org\",\"@graph\":[{\"@type\":\"WebPage\",\"@id\":\"https:\\\/\\\/szynaka.pl\\\/en\\\/returns-and-complaints\\\/\",\"url\":\"https:\\\/\\\/szynaka.pl\\\/en\\\/returns-and-complaints\\\/\",\"name\":\"Returns and complaints - Szynaka Meble\",\"isPartOf\":{\"@id\":\"https:\\\/\\\/szynaka.pl\\\/en\\\/#website\"},\"datePublished\":\"2025-10-27T10:58:37+00:00\",\"dateModified\":\"2026-03-31T10:26:12+00:00\",\"breadcrumb\":{\"@id\":\"https:\\\/\\\/szynaka.pl\\\/en\\\/returns-and-complaints\\\/#breadcrumb\"},\"inLanguage\":\"en-US\",\"potentialAction\":[{\"@type\":\"ReadAction\",\"target\":[\"https:\\\/\\\/szynaka.pl\\\/en\\\/returns-and-complaints\\\/\"]}]},{\"@type\":\"BreadcrumbList\",\"@id\":\"https:\\\/\\\/szynaka.pl\\\/en\\\/returns-and-complaints\\\/#breadcrumb\",\"itemListElement\":[{\"@type\":\"ListItem\",\"position\":1,\"name\":\"Strona g\u0142\u00f3wna\",\"item\":\"https:\\\/\\\/szynaka.pl\\\/en\\\/\"},{\"@type\":\"ListItem\",\"position\":2,\"name\":\"Returns and complaints\"}]},{\"@type\":\"WebSite\",\"@id\":\"https:\\\/\\\/szynaka.pl\\\/en\\\/#website\",\"url\":\"https:\\\/\\\/szynaka.pl\\\/en\\\/\",\"name\":\"Szynaka Meble\",\"description\":\"\",\"potentialAction\":[{\"@type\":\"SearchAction\",\"target\":{\"@type\":\"EntryPoint\",\"urlTemplate\":\"https:\\\/\\\/szynaka.pl\\\/en\\\/?s={search_term_string}\"},\"query-input\":{\"@type\":\"PropertyValueSpecification\",\"valueRequired\":true,\"valueName\":\"search_term_string\"}}],\"inLanguage\":\"en-US\"}]}<\/script>\n<!-- \/ Yoast SEO plugin. -->","yoast_head_json":{"title":"Returns and complaints - Szynaka Meble","robots":{"index":"index","follow":"follow","max-snippet":"max-snippet:-1","max-image-preview":"max-image-preview:large","max-video-preview":"max-video-preview:-1"},"canonical":"https:\/\/szynaka.pl\/en\/returns-and-complaints\/","og_locale":"en_US","og_type":"article","og_title":"Returns and complaints - Szynaka Meble","og_description":"Dla nas liczy si\u0119 najwy\u017csza jako\u015b\u0107 Returns and complaints We care about customer satisfaction and the highest level of service;","og_url":"https:\/\/szynaka.pl\/en\/returns-and-complaints\/","og_site_name":"Szynaka Meble","article_modified_time":"2026-03-31T10:26:12+00:00","twitter_card":"summary_large_image","twitter_misc":{"Est. reading time":"1 minute"},"schema":{"@context":"https:\/\/schema.org","@graph":[{"@type":"WebPage","@id":"https:\/\/szynaka.pl\/en\/returns-and-complaints\/","url":"https:\/\/szynaka.pl\/en\/returns-and-complaints\/","name":"Returns and complaints - Szynaka Meble","isPartOf":{"@id":"https:\/\/szynaka.pl\/en\/#website"},"datePublished":"2025-10-27T10:58:37+00:00","dateModified":"2026-03-31T10:26:12+00:00","breadcrumb":{"@id":"https:\/\/szynaka.pl\/en\/returns-and-complaints\/#breadcrumb"},"inLanguage":"en-US","potentialAction":[{"@type":"ReadAction","target":["https:\/\/szynaka.pl\/en\/returns-and-complaints\/"]}]},{"@type":"BreadcrumbList","@id":"https:\/\/szynaka.pl\/en\/returns-and-complaints\/#breadcrumb","itemListElement":[{"@type":"ListItem","position":1,"name":"Strona g\u0142\u00f3wna","item":"https:\/\/szynaka.pl\/en\/"},{"@type":"ListItem","position":2,"name":"Returns and complaints"}]},{"@type":"WebSite","@id":"https:\/\/szynaka.pl\/en\/#website","url":"https:\/\/szynaka.pl\/en\/","name":"Szynaka Meble","description":"","potentialAction":[{"@type":"SearchAction","target":{"@type":"EntryPoint","urlTemplate":"https:\/\/szynaka.pl\/en\/?s={search_term_string}"},"query-input":{"@type":"PropertyValueSpecification","valueRequired":true,"valueName":"search_term_string"}}],"inLanguage":"en-US"}]}},"_links":{"self":[{"href":"https:\/\/szynaka.pl\/en\/wp-json\/wp\/v2\/pages\/75071","targetHints":{"allow":["GET"]}}],"collection":[{"href":"https:\/\/szynaka.pl\/en\/wp-json\/wp\/v2\/pages"}],"about":[{"href":"https:\/\/szynaka.pl\/en\/wp-json\/wp\/v2\/types\/page"}],"author":[{"embeddable":true,"href":"https:\/\/szynaka.pl\/en\/wp-json\/wp\/v2\/users\/1"}],"replies":[{"embeddable":true,"href":"https:\/\/szynaka.pl\/en\/wp-json\/wp\/v2\/comments?post=75071"}],"version-history":[{"count":3,"href":"https:\/\/szynaka.pl\/en\/wp-json\/wp\/v2\/pages\/75071\/revisions"}],"predecessor-version":[{"id":75084,"href":"https:\/\/szynaka.pl\/en\/wp-json\/wp\/v2\/pages\/75071\/revisions\/75084"}],"wp:attachment":[{"href":"https:\/\/szynaka.pl\/en\/wp-json\/wp\/v2\/media?parent=75071"}],"curies":[{"name":"wp","href":"https:\/\/api.w.org\/{rel}","templated":true}]}}