{"id":58849,"date":"2025-12-05T09:02:10","date_gmt":"2025-12-05T08:02:10","guid":{"rendered":"https:\/\/szynaka.pl\/payment\/"},"modified":"2026-04-14T12:27:04","modified_gmt":"2026-04-14T10:27:04","slug":"payment","status":"publish","type":"page","link":"https:\/\/szynaka.pl\/en\/payment\/","title":{"rendered":"Payment"},"content":{"rendered":"\t\t<div data-elementor-type=\"wp-page\" data-elementor-id=\"58849\" class=\"elementor elementor-58849 elementor-28657\" data-elementor-post-type=\"page\">\n\t\t\t\t<div class=\"wd-negative-gap elementor-element elementor-element-96da08b e-flex e-con-boxed e-con e-parent\" data-id=\"96da08b\" data-element_type=\"container\" data-e-type=\"container\">\n\t\t\t\t\t<div class=\"e-con-inner\">\n\t\t\t\t<div class=\"elementor-element elementor-element-1c9b0c4 wd-width-100 elementor-widget elementor-widget-wd_title\" data-id=\"1c9b0c4\" data-element_type=\"widget\" data-e-type=\"widget\" data-widget_type=\"wd_title.default\">\n\t\t\t\t<div class=\"elementor-widget-container\">\n\t\t\t\t\t\t\t<div class=\"title-wrapper wd-set-mb reset-last-child wd-title-color-default wd-title-style-default wd-title-size-default text-left\">\n\n\t\t\t\n\t\t\t<div class=\"liner-continer\">\n\t\t\t\t<h4 class=\"woodmart-title-container title wd-fontsize-l\">Payments<\/h4> \n\t\t\t\t\t\t\t<\/div>\n\n\t\t\t\t\t<\/div>\n\t\t\t\t\t\t<\/div>\n\t\t\t\t<\/div>\n\t\t\t\t\t<\/div>\n\t\t\t\t<\/div>\n\t\t<div class=\"wd-negative-gap elementor-element elementor-element-cf0d283 e-flex e-con-boxed e-con e-parent\" data-id=\"cf0d283\" data-element_type=\"container\" data-e-type=\"container\">\n\t\t\t\t\t<div class=\"e-con-inner\">\n\t\t\t\t<div class=\"elementor-element elementor-element-c203cd4 elementor-widget elementor-widget-wd_text_block\" data-id=\"c203cd4\" data-element_type=\"widget\" data-e-type=\"widget\" data-widget_type=\"wd_text_block.default\">\n\t\t\t\t<div class=\"elementor-widget-container\">\n\t\t\t\t\t\t\t<div class=\"wd-text-block reset-last-child text-left\">\n\t\t\t\n\t\t\t<div><p>Payments for ordered goods and delivery are made exclusively in the form of prepayment (cash on delivery is not available).<\/p><p>One of the prepayment options is a direct bank transfer to the Seller\u2019s account. The order number should be included in the payment reference. <\/p><p>Payment should be made to the following bank account number:<\/p><p>Szynaka - Meble sp. z.o.o. <\/p><div>20 Dworcowa Street, <\/div><p>14-260 Lubawa, Poland<\/p><p>Bank account number: 64 1090 1607 0000 0001 3061 0927<br> <br> <br><\/p><p>Payment can also be made via the Dotpay system operated by Dotpay S.A., headquartered in Krak\u00f3w at 72 Wielicka Street, 30-552 Krak\u00f3w, Poland, NIP 6342661860, REGON 240770255, registered in the Register of Entrepreneurs under KRS number 0000296790, maintained by the District Court for Krak\u00f3w-\u015ar\u00f3dmie\u015bcie in Krak\u00f3w, 11th Commercial Division of the National Court Register, with a share capital of PLN 4,000,000.00, fully paid up (the Dotpay payment service regulations are available at: https:\/\/ssl.dotpay.pl\/files\/regulamin_dotpay_sa_dokonywania_wplat_w_serwisie_dotpay.pdf).<\/p><\/div>\n\t\t\t\t\t<\/div>\n\t\t\t\t\t\t<\/div>\n\t\t\t\t<\/div>\n\t\t\t\t\t<\/div>\n\t\t\t\t<\/div>\n\t\t\t\t<\/div>\n\t\t","protected":false},"excerpt":{"rendered":"<p>Payments Payments for ordered goods and delivery are made exclusively in the form of prepayment (cash on delivery is not<\/p>\n","protected":false},"author":2,"featured_media":0,"parent":0,"menu_order":0,"comment_status":"closed","ping_status":"closed","template":"","meta":{"_acf_changed":false,"footnotes":""},"class_list":["post-58849","page","type-page","status-publish","hentry"],"acf":[],"yoast_head":"<!-- This site is optimized with the Yoast SEO plugin v27.5 - https:\/\/yoast.com\/product\/yoast-seo-wordpress\/ -->\n<title>Payment - Szynaka Meble<\/title>\n<meta name=\"robots\" content=\"index, follow, max-snippet:-1, max-image-preview:large, max-video-preview:-1\" \/>\n<link rel=\"canonical\" href=\"https:\/\/szynaka.pl\/en\/payment\/\" \/>\n<meta property=\"og:locale\" content=\"en_US\" \/>\n<meta property=\"og:type\" content=\"article\" \/>\n<meta property=\"og:title\" content=\"Payment - Szynaka Meble\" \/>\n<meta property=\"og:description\" content=\"Payments Payments for ordered goods and delivery are made exclusively in the form of prepayment (cash on delivery is not\" \/>\n<meta property=\"og:url\" content=\"https:\/\/szynaka.pl\/en\/payment\/\" \/>\n<meta property=\"og:site_name\" content=\"Szynaka Meble\" \/>\n<meta property=\"article:modified_time\" content=\"2026-04-14T10:27:04+00:00\" \/>\n<meta name=\"twitter:card\" content=\"summary_large_image\" \/>\n<meta name=\"twitter:label1\" content=\"Est. reading time\" \/>\n\t<meta name=\"twitter:data1\" content=\"1 minute\" \/>\n<script type=\"application\/ld+json\" class=\"yoast-schema-graph\">{\"@context\":\"https:\\\/\\\/schema.org\",\"@graph\":[{\"@type\":\"WebPage\",\"@id\":\"https:\\\/\\\/szynaka.pl\\\/en\\\/payment\\\/\",\"url\":\"https:\\\/\\\/szynaka.pl\\\/en\\\/payment\\\/\",\"name\":\"Payment - Szynaka Meble\",\"isPartOf\":{\"@id\":\"https:\\\/\\\/szynaka.pl\\\/en\\\/#website\"},\"datePublished\":\"2025-12-05T08:02:10+00:00\",\"dateModified\":\"2026-04-14T10:27:04+00:00\",\"breadcrumb\":{\"@id\":\"https:\\\/\\\/szynaka.pl\\\/en\\\/payment\\\/#breadcrumb\"},\"inLanguage\":\"en-US\",\"potentialAction\":[{\"@type\":\"ReadAction\",\"target\":[\"https:\\\/\\\/szynaka.pl\\\/en\\\/payment\\\/\"]}]},{\"@type\":\"BreadcrumbList\",\"@id\":\"https:\\\/\\\/szynaka.pl\\\/en\\\/payment\\\/#breadcrumb\",\"itemListElement\":[{\"@type\":\"ListItem\",\"position\":1,\"name\":\"Strona g\u0142\u00f3wna\",\"item\":\"https:\\\/\\\/szynaka.pl\\\/en\\\/\"},{\"@type\":\"ListItem\",\"position\":2,\"name\":\"Payment\"}]},{\"@type\":\"WebSite\",\"@id\":\"https:\\\/\\\/szynaka.pl\\\/en\\\/#website\",\"url\":\"https:\\\/\\\/szynaka.pl\\\/en\\\/\",\"name\":\"Szynaka Meble\",\"description\":\"\",\"potentialAction\":[{\"@type\":\"SearchAction\",\"target\":{\"@type\":\"EntryPoint\",\"urlTemplate\":\"https:\\\/\\\/szynaka.pl\\\/en\\\/?s={search_term_string}\"},\"query-input\":{\"@type\":\"PropertyValueSpecification\",\"valueRequired\":true,\"valueName\":\"search_term_string\"}}],\"inLanguage\":\"en-US\"}]}<\/script>\n<!-- \/ Yoast SEO plugin. -->","yoast_head_json":{"title":"Payment - Szynaka Meble","robots":{"index":"index","follow":"follow","max-snippet":"max-snippet:-1","max-image-preview":"max-image-preview:large","max-video-preview":"max-video-preview:-1"},"canonical":"https:\/\/szynaka.pl\/en\/payment\/","og_locale":"en_US","og_type":"article","og_title":"Payment - Szynaka Meble","og_description":"Payments Payments for ordered goods and delivery are made exclusively in the form of prepayment (cash on delivery is not","og_url":"https:\/\/szynaka.pl\/en\/payment\/","og_site_name":"Szynaka Meble","article_modified_time":"2026-04-14T10:27:04+00:00","twitter_card":"summary_large_image","twitter_misc":{"Est. reading time":"1 minute"},"schema":{"@context":"https:\/\/schema.org","@graph":[{"@type":"WebPage","@id":"https:\/\/szynaka.pl\/en\/payment\/","url":"https:\/\/szynaka.pl\/en\/payment\/","name":"Payment - Szynaka Meble","isPartOf":{"@id":"https:\/\/szynaka.pl\/en\/#website"},"datePublished":"2025-12-05T08:02:10+00:00","dateModified":"2026-04-14T10:27:04+00:00","breadcrumb":{"@id":"https:\/\/szynaka.pl\/en\/payment\/#breadcrumb"},"inLanguage":"en-US","potentialAction":[{"@type":"ReadAction","target":["https:\/\/szynaka.pl\/en\/payment\/"]}]},{"@type":"BreadcrumbList","@id":"https:\/\/szynaka.pl\/en\/payment\/#breadcrumb","itemListElement":[{"@type":"ListItem","position":1,"name":"Strona g\u0142\u00f3wna","item":"https:\/\/szynaka.pl\/en\/"},{"@type":"ListItem","position":2,"name":"Payment"}]},{"@type":"WebSite","@id":"https:\/\/szynaka.pl\/en\/#website","url":"https:\/\/szynaka.pl\/en\/","name":"Szynaka Meble","description":"","potentialAction":[{"@type":"SearchAction","target":{"@type":"EntryPoint","urlTemplate":"https:\/\/szynaka.pl\/en\/?s={search_term_string}"},"query-input":{"@type":"PropertyValueSpecification","valueRequired":true,"valueName":"search_term_string"}}],"inLanguage":"en-US"}]}},"_links":{"self":[{"href":"https:\/\/szynaka.pl\/en\/wp-json\/wp\/v2\/pages\/58849","targetHints":{"allow":["GET"]}}],"collection":[{"href":"https:\/\/szynaka.pl\/en\/wp-json\/wp\/v2\/pages"}],"about":[{"href":"https:\/\/szynaka.pl\/en\/wp-json\/wp\/v2\/types\/page"}],"author":[{"embeddable":true,"href":"https:\/\/szynaka.pl\/en\/wp-json\/wp\/v2\/users\/2"}],"replies":[{"embeddable":true,"href":"https:\/\/szynaka.pl\/en\/wp-json\/wp\/v2\/comments?post=58849"}],"version-history":[{"count":1,"href":"https:\/\/szynaka.pl\/en\/wp-json\/wp\/v2\/pages\/58849\/revisions"}],"predecessor-version":[{"id":58850,"href":"https:\/\/szynaka.pl\/en\/wp-json\/wp\/v2\/pages\/58849\/revisions\/58850"}],"wp:attachment":[{"href":"https:\/\/szynaka.pl\/en\/wp-json\/wp\/v2\/media?parent=58849"}],"curies":[{"name":"wp","href":"https:\/\/api.w.org\/{rel}","templated":true}]}}