{"id":58814,"date":"2025-10-17T10:29:45","date_gmt":"2025-10-17T08:29:45","guid":{"rendered":"https:\/\/szynaka.pl\/state-special-purpose-funds\/"},"modified":"2026-03-27T09:23:10","modified_gmt":"2026-03-27T08:23:10","slug":"state-special-purpose-funds","status":"publish","type":"page","link":"https:\/\/szynaka.pl\/en\/state-special-purpose-funds\/","title":{"rendered":"State special-purpose funds<br> <br> <br>"},"content":{"rendered":"\t\t<div data-elementor-type=\"wp-page\" data-elementor-id=\"58814\" class=\"elementor elementor-58814 elementor-27986\" data-elementor-post-type=\"page\">\n\t\t\t\t<div class=\"wd-negative-gap elementor-element elementor-element-3af304c e-flex e-con-boxed e-con e-parent\" data-id=\"3af304c\" data-element_type=\"container\" data-e-type=\"container\">\n\t\t\t\t\t<div class=\"e-con-inner\">\n\t\t\t\t<div class=\"elementor-element elementor-element-981ded5 elementor-widget elementor-widget-image\" data-id=\"981ded5\" data-element_type=\"widget\" data-e-type=\"widget\" data-widget_type=\"image.default\">\n\t\t\t\t<div class=\"elementor-widget-container\">\n\t\t\t\t\t\t\t\t\t\t\t\t\t\t\t<img loading=\"lazy\" decoding=\"async\" width=\"1300\" height=\"433\" src=\"https:\/\/szynaka.pl\/wp-content\/uploads\/2025\/10\/zus-znaki_strona_www-1300x433.jpg\" class=\"attachment-large size-large wp-image-58801\" alt=\"\" srcset=\"https:\/\/szynaka.pl\/wp-content\/uploads\/2025\/10\/zus-znaki_strona_www-1300x433.jpg 1300w, https:\/\/szynaka.pl\/wp-content\/uploads\/2025\/10\/zus-znaki_strona_www-400x133.jpg 400w, https:\/\/szynaka.pl\/wp-content\/uploads\/2025\/10\/zus-znaki_strona_www-768x256.jpg 768w, https:\/\/szynaka.pl\/wp-content\/uploads\/2025\/10\/zus-znaki_strona_www-1536x511.jpg 1536w, https:\/\/szynaka.pl\/wp-content\/uploads\/2025\/10\/zus-znaki_strona_www-430x143.jpg 430w, https:\/\/szynaka.pl\/wp-content\/uploads\/2025\/10\/zus-znaki_strona_www-700x233.jpg 700w, https:\/\/szynaka.pl\/wp-content\/uploads\/2025\/10\/zus-znaki_strona_www-150x50.jpg 150w, https:\/\/szynaka.pl\/wp-content\/uploads\/2025\/10\/zus-znaki_strona_www.jpg 1751w\" sizes=\"auto, (max-width: 1300px) 100vw, 1300px\" \/>\t\t\t\t\t\t\t\t\t\t\t\t\t\t\t<\/div>\n\t\t\t\t<\/div>\n\t\t\t\t\t<\/div>\n\t\t\t\t<\/div>\n\t\t<div class=\"wd-negative-gap elementor-element elementor-element-db8f99e e-flex e-con-boxed e-con e-parent\" data-id=\"db8f99e\" data-element_type=\"container\" data-e-type=\"container\">\n\t\t\t\t\t<div class=\"e-con-inner\">\n\t\t\t\t<div class=\"elementor-element elementor-element-a982841 elementor-widget elementor-widget-wd_text_block\" data-id=\"a982841\" data-element_type=\"widget\" data-e-type=\"widget\" data-widget_type=\"wd_text_block.default\">\n\t\t\t\t<div class=\"elementor-widget-container\">\n\t\t\t\t\t\t\t<div class=\"wd-text-block reset-last-child text-left\">\n\t\t\t\n\t\t\t<div class=\"col-xs-12 col-sm-12 col-md-12 col-lg-8\"><div class=\"col-inner\"><div><div class=\"ves-widget widget-html block \"><div id=\"widget-html10544630491760665134\" class=\"widget-inner block-content \"><center><h3><strong>SZYNAKA-MEBLE SP. Z O.O. <\/strong><\/h3><br><p>has implemented a project<br> <br> <br><\/p><p> <\/p><h4><strong>CO-FINANCED BY THE SOCIAL INSURANCE FUND<\/strong><\/h4><br><p>entitled:<\/p><h4>INVESTMENTS OF SZYNAKA-MEBLE SP. Z O.O. IN EQUIPMENT REDUCING MUSCULOSKELETAL STRAIN<br> <br> <br> <\/h4><br><p>project name:<\/p><br><h4>Projekt dotycz\u0105cy utrzymania zdolno\u015bci do pracy przez ca\u0142y okres aktywno\u015bci zawodowej.<\/h4><\/center><br><p><strong>FUNDING: PLN 55,000.00<br> <br> <br><\/strong><\/p><p><strong>TOTAL VALUE: PLN 118,039.66<\/strong><\/p><p>The following investment activities were carried out as part of the project:<\/p><p>1. Activity No. 1 \u2013 reduction of musculoskeletal strain \u2013 acquisition of a fixed asset<\/p><p>2. Activity No. 2 \u2013 improvement of safety when working at height \u2013 acquisition of a fixed asset<\/p><\/div><\/div><\/div><\/div><\/div>\n\t\t\t\t\t<\/div>\n\t\t\t\t\t\t<\/div>\n\t\t\t\t<\/div>\n\t\t\t\t\t<\/div>\n\t\t\t\t<\/div>\n\t\t\t\t<\/div>\n\t\t","protected":false},"excerpt":{"rendered":"<p>SZYNAKA-MEBLE SP. Z O.O. has implemented a project CO-FINANCED BY THE SOCIAL INSURANCE FUND entitled: INVESTMENTS OF SZYNAKA-MEBLE SP. Z<\/p>\n","protected":false},"author":2,"featured_media":0,"parent":0,"menu_order":0,"comment_status":"closed","ping_status":"closed","template":"","meta":{"_acf_changed":false,"footnotes":""},"class_list":["post-58814","page","type-page","status-publish","hentry"],"acf":[],"yoast_head":"<!-- This site is optimized with the Yoast SEO plugin v27.5 - https:\/\/yoast.com\/product\/yoast-seo-wordpress\/ -->\n<title>State special-purpose funds   - Szynaka Meble<\/title>\n<meta name=\"robots\" content=\"index, follow, max-snippet:-1, max-image-preview:large, max-video-preview:-1\" \/>\n<link rel=\"canonical\" href=\"https:\/\/szynaka.pl\/en\/state-special-purpose-funds\/\" \/>\n<meta property=\"og:locale\" content=\"en_US\" \/>\n<meta property=\"og:type\" content=\"article\" \/>\n<meta property=\"og:title\" content=\"State special-purpose funds   - Szynaka Meble\" \/>\n<meta property=\"og:description\" content=\"SZYNAKA-MEBLE SP. Z O.O. has implemented a project CO-FINANCED BY THE SOCIAL INSURANCE FUND entitled: INVESTMENTS OF SZYNAKA-MEBLE SP. Z\" \/>\n<meta property=\"og:url\" content=\"https:\/\/szynaka.pl\/en\/state-special-purpose-funds\/\" \/>\n<meta property=\"og:site_name\" content=\"Szynaka Meble\" \/>\n<meta property=\"article:modified_time\" content=\"2026-03-27T08:23:10+00:00\" \/>\n<meta property=\"og:image\" content=\"https:\/\/szynaka.pl\/wp-content\/uploads\/2025\/10\/zus-znaki_strona_www.jpg\" \/>\n\t<meta property=\"og:image:width\" content=\"1751\" \/>\n\t<meta property=\"og:image:height\" content=\"583\" \/>\n\t<meta property=\"og:image:type\" content=\"image\/jpeg\" \/>\n<meta name=\"twitter:card\" content=\"summary_large_image\" \/>\n<script type=\"application\/ld+json\" class=\"yoast-schema-graph\">{\"@context\":\"https:\\\/\\\/schema.org\",\"@graph\":[{\"@type\":\"WebPage\",\"@id\":\"https:\\\/\\\/szynaka.pl\\\/en\\\/state-special-purpose-funds\\\/\",\"url\":\"https:\\\/\\\/szynaka.pl\\\/en\\\/state-special-purpose-funds\\\/\",\"name\":\"State special-purpose funds - Szynaka Meble\",\"isPartOf\":{\"@id\":\"https:\\\/\\\/szynaka.pl\\\/en\\\/#website\"},\"primaryImageOfPage\":{\"@id\":\"https:\\\/\\\/szynaka.pl\\\/en\\\/state-special-purpose-funds\\\/#primaryimage\"},\"image\":{\"@id\":\"https:\\\/\\\/szynaka.pl\\\/en\\\/state-special-purpose-funds\\\/#primaryimage\"},\"thumbnailUrl\":\"https:\\\/\\\/szynaka.pl\\\/wp-content\\\/uploads\\\/2025\\\/10\\\/zus-znaki_strona_www-1300x433.jpg\",\"datePublished\":\"2025-10-17T08:29:45+00:00\",\"dateModified\":\"2026-03-27T08:23:10+00:00\",\"breadcrumb\":{\"@id\":\"https:\\\/\\\/szynaka.pl\\\/en\\\/state-special-purpose-funds\\\/#breadcrumb\"},\"inLanguage\":\"en-US\",\"potentialAction\":[{\"@type\":\"ReadAction\",\"target\":[\"https:\\\/\\\/szynaka.pl\\\/en\\\/state-special-purpose-funds\\\/\"]}]},{\"@type\":\"ImageObject\",\"inLanguage\":\"en-US\",\"@id\":\"https:\\\/\\\/szynaka.pl\\\/en\\\/state-special-purpose-funds\\\/#primaryimage\",\"url\":\"https:\\\/\\\/szynaka.pl\\\/wp-content\\\/uploads\\\/2025\\\/10\\\/zus-znaki_strona_www-1300x433.jpg\",\"contentUrl\":\"https:\\\/\\\/szynaka.pl\\\/wp-content\\\/uploads\\\/2025\\\/10\\\/zus-znaki_strona_www-1300x433.jpg\"},{\"@type\":\"BreadcrumbList\",\"@id\":\"https:\\\/\\\/szynaka.pl\\\/en\\\/state-special-purpose-funds\\\/#breadcrumb\",\"itemListElement\":[{\"@type\":\"ListItem\",\"position\":1,\"name\":\"Strona g\u0142\u00f3wna\",\"item\":\"https:\\\/\\\/szynaka.pl\\\/en\\\/\"},{\"@type\":\"ListItem\",\"position\":2,\"name\":\"State special-purpose funds\"}]},{\"@type\":\"WebSite\",\"@id\":\"https:\\\/\\\/szynaka.pl\\\/en\\\/#website\",\"url\":\"https:\\\/\\\/szynaka.pl\\\/en\\\/\",\"name\":\"Szynaka Meble\",\"description\":\"\",\"potentialAction\":[{\"@type\":\"SearchAction\",\"target\":{\"@type\":\"EntryPoint\",\"urlTemplate\":\"https:\\\/\\\/szynaka.pl\\\/en\\\/?s={search_term_string}\"},\"query-input\":{\"@type\":\"PropertyValueSpecification\",\"valueRequired\":true,\"valueName\":\"search_term_string\"}}],\"inLanguage\":\"en-US\"}]}<\/script>\n<!-- \/ Yoast SEO plugin. -->","yoast_head_json":{"title":"State special-purpose funds   - Szynaka Meble","robots":{"index":"index","follow":"follow","max-snippet":"max-snippet:-1","max-image-preview":"max-image-preview:large","max-video-preview":"max-video-preview:-1"},"canonical":"https:\/\/szynaka.pl\/en\/state-special-purpose-funds\/","og_locale":"en_US","og_type":"article","og_title":"State special-purpose funds   - Szynaka Meble","og_description":"SZYNAKA-MEBLE SP. Z O.O. has implemented a project CO-FINANCED BY THE SOCIAL INSURANCE FUND entitled: INVESTMENTS OF SZYNAKA-MEBLE SP. Z","og_url":"https:\/\/szynaka.pl\/en\/state-special-purpose-funds\/","og_site_name":"Szynaka Meble","article_modified_time":"2026-03-27T08:23:10+00:00","og_image":[{"width":1751,"height":583,"url":"https:\/\/szynaka.pl\/wp-content\/uploads\/2025\/10\/zus-znaki_strona_www.jpg","type":"image\/jpeg"}],"twitter_card":"summary_large_image","schema":{"@context":"https:\/\/schema.org","@graph":[{"@type":"WebPage","@id":"https:\/\/szynaka.pl\/en\/state-special-purpose-funds\/","url":"https:\/\/szynaka.pl\/en\/state-special-purpose-funds\/","name":"State special-purpose funds - Szynaka Meble","isPartOf":{"@id":"https:\/\/szynaka.pl\/en\/#website"},"primaryImageOfPage":{"@id":"https:\/\/szynaka.pl\/en\/state-special-purpose-funds\/#primaryimage"},"image":{"@id":"https:\/\/szynaka.pl\/en\/state-special-purpose-funds\/#primaryimage"},"thumbnailUrl":"https:\/\/szynaka.pl\/wp-content\/uploads\/2025\/10\/zus-znaki_strona_www-1300x433.jpg","datePublished":"2025-10-17T08:29:45+00:00","dateModified":"2026-03-27T08:23:10+00:00","breadcrumb":{"@id":"https:\/\/szynaka.pl\/en\/state-special-purpose-funds\/#breadcrumb"},"inLanguage":"en-US","potentialAction":[{"@type":"ReadAction","target":["https:\/\/szynaka.pl\/en\/state-special-purpose-funds\/"]}]},{"@type":"ImageObject","inLanguage":"en-US","@id":"https:\/\/szynaka.pl\/en\/state-special-purpose-funds\/#primaryimage","url":"https:\/\/szynaka.pl\/wp-content\/uploads\/2025\/10\/zus-znaki_strona_www-1300x433.jpg","contentUrl":"https:\/\/szynaka.pl\/wp-content\/uploads\/2025\/10\/zus-znaki_strona_www-1300x433.jpg"},{"@type":"BreadcrumbList","@id":"https:\/\/szynaka.pl\/en\/state-special-purpose-funds\/#breadcrumb","itemListElement":[{"@type":"ListItem","position":1,"name":"Strona g\u0142\u00f3wna","item":"https:\/\/szynaka.pl\/en\/"},{"@type":"ListItem","position":2,"name":"State special-purpose funds"}]},{"@type":"WebSite","@id":"https:\/\/szynaka.pl\/en\/#website","url":"https:\/\/szynaka.pl\/en\/","name":"Szynaka Meble","description":"","potentialAction":[{"@type":"SearchAction","target":{"@type":"EntryPoint","urlTemplate":"https:\/\/szynaka.pl\/en\/?s={search_term_string}"},"query-input":{"@type":"PropertyValueSpecification","valueRequired":true,"valueName":"search_term_string"}}],"inLanguage":"en-US"}]}},"_links":{"self":[{"href":"https:\/\/szynaka.pl\/en\/wp-json\/wp\/v2\/pages\/58814","targetHints":{"allow":["GET"]}}],"collection":[{"href":"https:\/\/szynaka.pl\/en\/wp-json\/wp\/v2\/pages"}],"about":[{"href":"https:\/\/szynaka.pl\/en\/wp-json\/wp\/v2\/types\/page"}],"author":[{"embeddable":true,"href":"https:\/\/szynaka.pl\/en\/wp-json\/wp\/v2\/users\/2"}],"replies":[{"embeddable":true,"href":"https:\/\/szynaka.pl\/en\/wp-json\/wp\/v2\/comments?post=58814"}],"version-history":[{"count":1,"href":"https:\/\/szynaka.pl\/en\/wp-json\/wp\/v2\/pages\/58814\/revisions"}],"predecessor-version":[{"id":58815,"href":"https:\/\/szynaka.pl\/en\/wp-json\/wp\/v2\/pages\/58814\/revisions\/58815"}],"wp:attachment":[{"href":"https:\/\/szynaka.pl\/en\/wp-json\/wp\/v2\/media?parent=58814"}],"curies":[{"name":"wp","href":"https:\/\/api.w.org\/{rel}","templated":true}]}}