{"id":58694,"date":"2025-04-08T12:14:38","date_gmt":"2025-04-08T10:14:38","guid":{"rendered":"https:\/\/szynaka.pl\/social-responsibility\/"},"modified":"2026-04-13T15:07:59","modified_gmt":"2026-04-13T13:07:59","slug":"social-responsibility","status":"publish","type":"page","link":"https:\/\/szynaka.pl\/en\/social-responsibility\/","title":{"rendered":"Social responsibility"},"content":{"rendered":"\t\t<div data-elementor-type=\"wp-page\" data-elementor-id=\"58694\" class=\"elementor elementor-58694 elementor-80\" data-elementor-post-type=\"page\">\n\t\t\t\t<div class=\"wd-negative-gap elementor-element elementor-element-ac278da e-flex e-con-boxed e-con e-parent\" data-id=\"ac278da\" data-element_type=\"container\" data-e-type=\"container\">\n\t\t\t\t\t<div class=\"e-con-inner\">\n\t\t\t\t<div class=\"elementor-element elementor-element-60f3078 elementor-widget elementor-widget-wd_image_or_svg\" data-id=\"60f3078\" data-element_type=\"widget\" data-e-type=\"widget\" data-widget_type=\"wd_image_or_svg.default\">\n\t\t\t\t<div class=\"elementor-widget-container\">\n\t\t\t\t\t\n\t\t<div class=\"wd-image text-left\">\n\t\t\t\t\t\t\t\t<img loading=\"lazy\" decoding=\"async\" width=\"1220\" height=\"610\" src=\"https:\/\/szynaka.pl\/wp-content\/uploads\/2026\/02\/spoleczna-min.avif\" class=\"attachment-full size-full\" alt=\"\" srcset=\"https:\/\/szynaka.pl\/wp-content\/uploads\/2026\/02\/spoleczna-min.avif 1220w, https:\/\/szynaka.pl\/wp-content\/uploads\/2026\/02\/spoleczna-min-400x200.avif 400w, https:\/\/szynaka.pl\/wp-content\/uploads\/2026\/02\/spoleczna-min-768x384.avif 768w, https:\/\/szynaka.pl\/wp-content\/uploads\/2026\/02\/spoleczna-min-430x215.avif 430w, https:\/\/szynaka.pl\/wp-content\/uploads\/2026\/02\/spoleczna-min-700x350.avif 700w, https:\/\/szynaka.pl\/wp-content\/uploads\/2026\/02\/spoleczna-min-150x75.avif 150w\" sizes=\"auto, (max-width: 1220px) 100vw, 1220px\" \/>\t\t\t\t\t<\/div>\n\n\t\t\t\t\t\t<\/div>\n\t\t\t\t<\/div>\n\t\t\t\t\t<\/div>\n\t\t\t\t<\/div>\n\t\t<div class=\"wd-negative-gap elementor-element elementor-element-c9cef52 e-flex e-con-boxed e-con e-parent\" data-id=\"c9cef52\" data-element_type=\"container\" data-e-type=\"container\">\n\t\t\t\t\t<div class=\"e-con-inner\">\n\t\t<div class=\"elementor-element elementor-element-2218dba e-con-full e-flex e-con e-child\" data-id=\"2218dba\" data-element_type=\"container\" data-e-type=\"container\">\n\t\t\t\t<div class=\"elementor-element elementor-element-511a423 wd-width-100 elementor-widget elementor-widget-wd_title\" data-id=\"511a423\" data-element_type=\"widget\" data-e-type=\"widget\" data-widget_type=\"wd_title.default\">\n\t\t\t\t<div class=\"elementor-widget-container\">\n\t\t\t\t\t\t\t<div class=\"title-wrapper wd-set-mb reset-last-child wd-title-color-default wd-title-style-default wd-title-size-default text-center\">\n\n\t\t\t\n\t\t\t<div class=\"liner-continer\">\n\t\t\t\t<h4 class=\"woodmart-title-container title wd-fontsize-l\"><\/h4> \n\t\t\t\t\t\t\t<\/div>\n\n\t\t\t\t\t\t\t<div class=\"title-after_title reset-last-child wd-fontsize-xs\">\n\t\t\t\t\t<p>The Group actively supports responsible forest management by maintaining a certified product chain-of-custody system. As a result, it holds one of the most important certifications in the furniture industry \u2014 FSC\u00ae Chain of Custody \u2014 awarded to manufacturers whose furniture is made from raw materials sourced from responsibly managed forests.<br>By purchasing furniture marked with the FSC logo, customers indirectly contribute to preserving the natural environment in its original state. <\/p>\t\t\t\t<\/div>\n\t\t\t\t\t<\/div>\n\t\t\t\t\t\t<\/div>\n\t\t\t\t<\/div>\n\t\t\t\t<div class=\"elementor-element elementor-element-517ce96 elementor-widget elementor-widget-wd_image_or_svg\" data-id=\"517ce96\" data-element_type=\"widget\" data-e-type=\"widget\" data-widget_type=\"wd_image_or_svg.default\">\n\t\t\t\t<div class=\"elementor-widget-container\">\n\t\t\t\t\t\n\t\t<div class=\"wd-image text-left\">\n\t\t\t\t\t\t\t\t<img loading=\"lazy\" decoding=\"async\" width=\"400\" height=\"193\" src=\"https:\/\/szynaka.pl\/wp-content\/uploads\/2026\/02\/FSC-400x193.avif\" class=\"attachment-medium size-medium\" alt=\"\" srcset=\"https:\/\/szynaka.pl\/wp-content\/uploads\/2026\/02\/FSC-400x193.avif 400w, https:\/\/szynaka.pl\/wp-content\/uploads\/2026\/02\/FSC-768x371.avif 768w, https:\/\/szynaka.pl\/wp-content\/uploads\/2026\/02\/FSC-430x208.avif 430w, https:\/\/szynaka.pl\/wp-content\/uploads\/2026\/02\/FSC-700x338.avif 700w, https:\/\/szynaka.pl\/wp-content\/uploads\/2026\/02\/FSC-150x72.avif 150w, https:\/\/szynaka.pl\/wp-content\/uploads\/2026\/02\/FSC.avif 1013w\" sizes=\"auto, (max-width: 400px) 100vw, 400px\" \/>\t\t\t\t\t<\/div>\n\n\t\t\t\t\t\t<\/div>\n\t\t\t\t<\/div>\n\t\t\t\t<\/div>\n\t\t<div class=\"elementor-element elementor-element-83bfaa2 e-con-full e-flex e-con e-child\" data-id=\"83bfaa2\" data-element_type=\"container\" data-e-type=\"container\">\n\t\t\t\t<div class=\"elementor-element elementor-element-cb3c2fa elementor-widget elementor-widget-wd_image_or_svg\" data-id=\"cb3c2fa\" data-element_type=\"widget\" data-e-type=\"widget\" data-widget_type=\"wd_image_or_svg.default\">\n\t\t\t\t<div class=\"elementor-widget-container\">\n\t\t\t\t\t\n\t\t<div class=\"wd-image text-left\">\n\t\t\t\t\t\t\t\t<img loading=\"lazy\" decoding=\"async\" width=\"768\" height=\"768\" src=\"https:\/\/szynaka.pl\/wp-content\/uploads\/2026\/02\/Strzalka.avif\" class=\"attachment-full size-full\" alt=\"\" srcset=\"https:\/\/szynaka.pl\/wp-content\/uploads\/2026\/02\/Strzalka.avif 768w, https:\/\/szynaka.pl\/wp-content\/uploads\/2026\/02\/Strzalka-300x300.avif 300w, https:\/\/szynaka.pl\/wp-content\/uploads\/2026\/02\/Strzalka-150x150.avif 150w, https:\/\/szynaka.pl\/wp-content\/uploads\/2026\/02\/Strzalka-430x430.avif 430w, https:\/\/szynaka.pl\/wp-content\/uploads\/2026\/02\/Strzalka-700x700.avif 700w\" sizes=\"auto, (max-width: 768px) 100vw, 768px\" \/>\t\t\t\t\t<\/div>\n\n\t\t\t\t\t\t<\/div>\n\t\t\t\t<\/div>\n\t\t\t\t<\/div>\n\t\t\t\t\t<\/div>\n\t\t\t\t<\/div>\n\t\t<div class=\"wd-negative-gap elementor-element elementor-element-86431f5 e-flex e-con-boxed e-con e-parent\" data-id=\"86431f5\" data-element_type=\"container\" data-e-type=\"container\">\n\t\t\t\t\t<div class=\"e-con-inner\">\n\t\t<div class=\"elementor-element elementor-element-3f7ed87 e-con-full e-flex e-con e-child\" data-id=\"3f7ed87\" data-element_type=\"container\" data-e-type=\"container\">\n\t\t\t\t<div class=\"elementor-element elementor-element-ca4b4b1 elementor-widget elementor-widget-wd_image_or_svg\" data-id=\"ca4b4b1\" data-element_type=\"widget\" data-e-type=\"widget\" data-widget_type=\"wd_image_or_svg.default\">\n\t\t\t\t<div class=\"elementor-widget-container\">\n\t\t\t\t\t\n\t\t<div class=\"wd-image text-left\">\n\t\t\t\t\t\t\t\t<img loading=\"lazy\" decoding=\"async\" width=\"768\" height=\"591\" src=\"https:\/\/szynaka.pl\/wp-content\/uploads\/2026\/02\/SO5.avif\" class=\"attachment-full size-full\" alt=\"\" srcset=\"https:\/\/szynaka.pl\/wp-content\/uploads\/2026\/02\/SO5.avif 768w, https:\/\/szynaka.pl\/wp-content\/uploads\/2026\/02\/SO5-390x300.avif 390w, https:\/\/szynaka.pl\/wp-content\/uploads\/2026\/02\/SO5-430x331.avif 430w, https:\/\/szynaka.pl\/wp-content\/uploads\/2026\/02\/SO5-700x539.avif 700w, https:\/\/szynaka.pl\/wp-content\/uploads\/2026\/02\/SO5-150x115.avif 150w\" sizes=\"auto, (max-width: 768px) 100vw, 768px\" \/>\t\t\t\t\t<\/div>\n\n\t\t\t\t\t\t<\/div>\n\t\t\t\t<\/div>\n\t\t\t\t<\/div>\n\t\t<div class=\"elementor-element elementor-element-8e6e089 e-con-full e-flex e-con e-child\" data-id=\"8e6e089\" data-element_type=\"container\" data-e-type=\"container\">\n\t\t\t\t<div class=\"elementor-element elementor-element-50164dc wd-width-100 elementor-widget elementor-widget-wd_title\" data-id=\"50164dc\" data-element_type=\"widget\" data-e-type=\"widget\" data-widget_type=\"wd_title.default\">\n\t\t\t\t<div class=\"elementor-widget-container\">\n\t\t\t\t\t\t\t<div class=\"title-wrapper wd-set-mb reset-last-child wd-title-color-default wd-title-style-default wd-title-size-default text-center\">\n\n\t\t\t\n\t\t\t<div class=\"liner-continer\">\n\t\t\t\t<h4 class=\"woodmart-title-container title wd-fontsize-l\">Always close to people<\/h4> \n\t\t\t\t\t\t\t<\/div>\n\n\t\t\t\t\t\t\t<div class=\"title-after_title reset-last-child wd-fontsize-xs\">\n\t\t\t\t\t<p>We strive to remain \u201calways close to people,\u201d which is why we actively engage in initiatives supporting local communities, participating in philanthropic activities not only at the local level but also at regional and national levels. Szynaka Meble supports the activities of many institutions and organizations, including educational and care facilities, hospitals, orphanages, schools, NGOs, and many others.<br>We take part in nationwide initiatives such as Wielka Orkiestra \u015awi\u0105tecznej Pomocy and Szlachetna Paczka, as well as organize internal fundraising campaigns. We also implement our own dedicated, occasional philanthropic programs, such as \u201cSzynaka Package\u201d and \u201cSzynaka for a Homeless Dog.\u201d      <\/p>\t\t\t\t<\/div>\n\t\t\t\t\t<\/div>\n\t\t\t\t\t\t<\/div>\n\t\t\t\t<\/div>\n\t\t\t\t<\/div>\n\t\t\t\t\t<\/div>\n\t\t\t\t<\/div>\n\t\t<div class=\"wd-negative-gap elementor-element elementor-element-9351663 e-flex e-con-boxed e-con e-parent\" data-id=\"9351663\" data-element_type=\"container\" data-e-type=\"container\">\n\t\t\t\t\t<div class=\"e-con-inner\">\n\t\t<div class=\"elementor-element elementor-element-f3e635f e-con-full e-flex e-con e-child\" data-id=\"f3e635f\" data-element_type=\"container\" data-e-type=\"container\">\n\t\t\t\t<div class=\"elementor-element elementor-element-b48d39b wd-width-100 elementor-widget elementor-widget-wd_title\" data-id=\"b48d39b\" data-element_type=\"widget\" data-e-type=\"widget\" data-widget_type=\"wd_title.default\">\n\t\t\t\t<div class=\"elementor-widget-container\">\n\t\t\t\t\t\t\t<div class=\"title-wrapper wd-set-mb reset-last-child wd-title-color-default wd-title-style-default wd-title-size-default text-center\">\n\n\t\t\t\n\t\t\t<div class=\"liner-continer\">\n\t\t\t\t<h4 class=\"woodmart-title-container title wd-fontsize-l\">Support for sport<\/h4> \n\t\t\t\t\t\t\t<\/div>\n\n\t\t\t\t\t\t\t<div class=\"title-after_title reset-last-child wd-fontsize-xs\">\n\t\t\t\t\t<p>The Szynaka Furniture Group has a long-standing history of cooperation with athletes. We support disciplines such as football, volleyball, athletics, cycling, speedway, sailing, boxing, and ballroom dancing.<br>The company sponsors physical activity, appreciating the hard work and dedication of both accomplished champions and emerging sports talents.   <\/p>\t\t\t\t<\/div>\n\t\t\t\t\t<\/div>\n\t\t\t\t\t\t<\/div>\n\t\t\t\t<\/div>\n\t\t\t\t<\/div>\n\t\t<div class=\"elementor-element elementor-element-8a8e277 e-con-full e-flex e-con e-child\" data-id=\"8a8e277\" data-element_type=\"container\" data-e-type=\"container\">\n\t\t\t\t<div class=\"elementor-element elementor-element-2c9c1d1 elementor-widget elementor-widget-wd_image_or_svg\" data-id=\"2c9c1d1\" data-element_type=\"widget\" data-e-type=\"widget\" data-widget_type=\"wd_image_or_svg.default\">\n\t\t\t\t<div class=\"elementor-widget-container\">\n\t\t\t\t\t\n\t\t<div class=\"wd-image text-left\">\n\t\t\t\t\t\t\t\t<img loading=\"lazy\" decoding=\"async\" width=\"768\" height=\"591\" src=\"https:\/\/szynaka.pl\/wp-content\/uploads\/2026\/02\/SO6.avif\" class=\"attachment-full size-full\" alt=\"\" srcset=\"https:\/\/szynaka.pl\/wp-content\/uploads\/2026\/02\/SO6.avif 768w, https:\/\/szynaka.pl\/wp-content\/uploads\/2026\/02\/SO6-390x300.avif 390w, https:\/\/szynaka.pl\/wp-content\/uploads\/2026\/02\/SO6-430x331.avif 430w, https:\/\/szynaka.pl\/wp-content\/uploads\/2026\/02\/SO6-700x539.avif 700w, https:\/\/szynaka.pl\/wp-content\/uploads\/2026\/02\/SO6-150x115.avif 150w\" sizes=\"auto, (max-width: 768px) 100vw, 768px\" \/>\t\t\t\t\t<\/div>\n\n\t\t\t\t\t\t<\/div>\n\t\t\t\t<\/div>\n\t\t\t\t<\/div>\n\t\t\t\t\t<\/div>\n\t\t\t\t<\/div>\n\t\t<div class=\"wd-negative-gap elementor-element elementor-element-1ec1d52 e-flex e-con-boxed e-con e-parent\" data-id=\"1ec1d52\" data-element_type=\"container\" data-e-type=\"container\">\n\t\t\t\t\t<div class=\"e-con-inner\">\n\t\t<div class=\"elementor-element elementor-element-9bce6e0 e-con-full e-flex e-con e-child\" data-id=\"9bce6e0\" data-element_type=\"container\" data-e-type=\"container\">\n\t\t\t\t<div class=\"elementor-element elementor-element-69bbfa6 elementor-widget elementor-widget-wd_image_or_svg\" data-id=\"69bbfa6\" data-element_type=\"widget\" data-e-type=\"widget\" data-widget_type=\"wd_image_or_svg.default\">\n\t\t\t\t<div class=\"elementor-widget-container\">\n\t\t\t\t\t\n\t\t<div class=\"wd-image text-left\">\n\t\t\t\t\t\t\t\t<img loading=\"lazy\" decoding=\"async\" width=\"768\" height=\"591\" src=\"https:\/\/szynaka.pl\/wp-content\/uploads\/2026\/02\/SO7.avif\" class=\"attachment-full size-full\" alt=\"\" srcset=\"https:\/\/szynaka.pl\/wp-content\/uploads\/2026\/02\/SO7.avif 768w, https:\/\/szynaka.pl\/wp-content\/uploads\/2026\/02\/SO7-390x300.avif 390w, https:\/\/szynaka.pl\/wp-content\/uploads\/2026\/02\/SO7-430x331.avif 430w, https:\/\/szynaka.pl\/wp-content\/uploads\/2026\/02\/SO7-700x539.avif 700w, https:\/\/szynaka.pl\/wp-content\/uploads\/2026\/02\/SO7-150x115.avif 150w\" sizes=\"auto, (max-width: 768px) 100vw, 768px\" \/>\t\t\t\t\t<\/div>\n\n\t\t\t\t\t\t<\/div>\n\t\t\t\t<\/div>\n\t\t\t\t<\/div>\n\t\t<div class=\"elementor-element elementor-element-3151f41 e-con-full e-flex e-con e-child\" data-id=\"3151f41\" data-element_type=\"container\" data-e-type=\"container\">\n\t\t\t\t<div class=\"elementor-element elementor-element-99e1dfe wd-width-100 elementor-widget elementor-widget-wd_title\" data-id=\"99e1dfe\" data-element_type=\"widget\" data-e-type=\"widget\" data-widget_type=\"wd_title.default\">\n\t\t\t\t<div class=\"elementor-widget-container\">\n\t\t\t\t\t\t\t<div class=\"title-wrapper wd-set-mb reset-last-child wd-title-color-default wd-title-style-default wd-title-size-default text-center\">\n\n\t\t\t\n\t\t\t<div class=\"liner-continer\">\n\t\t\t\t<h4 class=\"woodmart-title-container title wd-fontsize-l\"><br \/>\nSupport for local initiatives<\/h4> \n\t\t\t\t\t\t\t<\/div>\n\n\t\t\t\t\t\t\t<div class=\"title-after_title reset-last-child wd-fontsize-xs\">\n\t\t\t\t\t<p>Corporate Social Responsibility also involves sharing experience and actively participating in business communities. President Jan Szynaka regularly takes part in the work of prestigious institutions, organizations, and associations, where he holds honorary positions.<br>These include, among others, President of the Board of the Guild of Various Crafts in Lubawa, Vice President of the I\u0142awa Chamber of Commerce in I\u0142awa, Vice Marshal of the Regional Economic Assembly (of which he is also a co-founder), as well as a Councillor of the I\u0142awa County, among other roles   <\/p>\t\t\t\t<\/div>\n\t\t\t\t\t<\/div>\n\t\t\t\t\t\t<\/div>\n\t\t\t\t<\/div>\n\t\t\t\t<\/div>\n\t\t\t\t\t<\/div>\n\t\t\t\t<\/div>\n\t\t<div class=\"wd-negative-gap elementor-element elementor-element-499bacd e-flex e-con-boxed e-con e-parent\" data-id=\"499bacd\" data-element_type=\"container\" data-e-type=\"container\">\n\t\t\t\t\t<div class=\"e-con-inner\">\n\t\t<div class=\"elementor-element elementor-element-e1bf8ec e-con-full e-flex e-con e-child\" data-id=\"e1bf8ec\" data-element_type=\"container\" data-e-type=\"container\">\n\t\t\t\t<div class=\"elementor-element elementor-element-3073850 wd-width-100 elementor-widget elementor-widget-wd_title\" data-id=\"3073850\" data-element_type=\"widget\" data-e-type=\"widget\" data-widget_type=\"wd_title.default\">\n\t\t\t\t<div class=\"elementor-widget-container\">\n\t\t\t\t\t\t\t<div class=\"title-wrapper wd-set-mb reset-last-child wd-title-color-default wd-title-style-default wd-title-size-default text-center\">\n\n\t\t\t\n\t\t\t<div class=\"liner-continer\">\n\t\t\t\t<h4 class=\"woodmart-title-container title wd-fontsize-l\"><br \/>\n<\/h4> \n\t\t\t\t\t\t\t<\/div>\n\n\t\t\t\t\t\t\t<div class=\"title-after_title reset-last-child wd-fontsize-xs\">\n\t\t\t\t\t<p>President Jan Szynaka also participated in committees established by the Voivode of the Warmian-Masurian Voivodeship and the Marshal of the same region. He served as a member of the Finance, Industry and Trade Committee and took part in the work of the committee responsible for developing the Strategy for the Development of the Olsztyn Voivodeship (1998\u20132002).<br>The owner of the Szynaka Furniture Group also held the position of President of the Warmian-Masurian Chamber of Crafts and Entrepreneurship in Olsztyn   <\/p>\t\t\t\t<\/div>\n\t\t\t\t\t<\/div>\n\t\t\t\t\t\t<\/div>\n\t\t\t\t<\/div>\n\t\t\t\t<\/div>\n\t\t<div class=\"elementor-element elementor-element-6b5c738 e-con-full e-flex e-con e-child\" data-id=\"6b5c738\" data-element_type=\"container\" data-e-type=\"container\">\n\t\t\t\t<div class=\"elementor-element elementor-element-7ca3d6d elementor-widget elementor-widget-wd_image_or_svg\" data-id=\"7ca3d6d\" data-element_type=\"widget\" data-e-type=\"widget\" data-widget_type=\"wd_image_or_svg.default\">\n\t\t\t\t<div class=\"elementor-widget-container\">\n\t\t\t\t\t\n\t\t<div class=\"wd-image text-left\">\n\t\t\t\t\t\t\t\t<img loading=\"lazy\" decoding=\"async\" width=\"768\" height=\"591\" src=\"https:\/\/szynaka.pl\/wp-content\/uploads\/2026\/02\/SO8.avif\" class=\"attachment-full size-full\" alt=\"\" srcset=\"https:\/\/szynaka.pl\/wp-content\/uploads\/2026\/02\/SO8.avif 768w, https:\/\/szynaka.pl\/wp-content\/uploads\/2026\/02\/SO8-390x300.avif 390w, https:\/\/szynaka.pl\/wp-content\/uploads\/2026\/02\/SO8-430x331.avif 430w, https:\/\/szynaka.pl\/wp-content\/uploads\/2026\/02\/SO8-700x539.avif 700w, https:\/\/szynaka.pl\/wp-content\/uploads\/2026\/02\/SO8-150x115.avif 150w\" sizes=\"auto, (max-width: 768px) 100vw, 768px\" \/>\t\t\t\t\t<\/div>\n\n\t\t\t\t\t\t<\/div>\n\t\t\t\t<\/div>\n\t\t\t\t<\/div>\n\t\t\t\t\t<\/div>\n\t\t\t\t<\/div>\n\t\t\t\t<\/div>\n\t\t","protected":false},"excerpt":{"rendered":"<p>The Group actively supports responsible forest management by maintaining a certified product chain-of-custody system. As a result, it holds one<\/p>\n","protected":false},"author":2,"featured_media":0,"parent":0,"menu_order":0,"comment_status":"closed","ping_status":"closed","template":"","meta":{"_acf_changed":false,"footnotes":""},"class_list":["post-58694","page","type-page","status-publish","hentry"],"acf":[],"yoast_head":"<!-- This site is optimized with the Yoast SEO plugin v27.5 - https:\/\/yoast.com\/product\/yoast-seo-wordpress\/ -->\n<title>Social responsibility - Szynaka Meble<\/title>\n<meta name=\"robots\" content=\"index, follow, max-snippet:-1, max-image-preview:large, max-video-preview:-1\" \/>\n<link rel=\"canonical\" href=\"https:\/\/szynaka.pl\/en\/social-responsibility\/\" \/>\n<meta property=\"og:locale\" content=\"en_US\" \/>\n<meta property=\"og:type\" content=\"article\" \/>\n<meta property=\"og:title\" content=\"Social responsibility - Szynaka Meble\" \/>\n<meta property=\"og:description\" content=\"The Group actively supports responsible forest management by maintaining a certified product chain-of-custody system. As a result, it holds one\" \/>\n<meta property=\"og:url\" content=\"https:\/\/szynaka.pl\/en\/social-responsibility\/\" \/>\n<meta property=\"og:site_name\" content=\"Szynaka Meble\" \/>\n<meta property=\"article:modified_time\" content=\"2026-04-13T13:07:59+00:00\" \/>\n<meta property=\"og:image\" content=\"https:\/\/szynaka.pl\/wp-content\/uploads\/2026\/02\/spoleczna-min.avif\" \/>\n<meta name=\"twitter:card\" content=\"summary_large_image\" \/>\n<meta name=\"twitter:label1\" content=\"Est. reading time\" \/>\n\t<meta name=\"twitter:data1\" content=\"4 minutes\" \/>\n<script type=\"application\/ld+json\" class=\"yoast-schema-graph\">{\"@context\":\"https:\\\/\\\/schema.org\",\"@graph\":[{\"@type\":\"WebPage\",\"@id\":\"https:\\\/\\\/szynaka.pl\\\/en\\\/social-responsibility\\\/\",\"url\":\"https:\\\/\\\/szynaka.pl\\\/en\\\/social-responsibility\\\/\",\"name\":\"Social responsibility - Szynaka Meble\",\"isPartOf\":{\"@id\":\"https:\\\/\\\/szynaka.pl\\\/en\\\/#website\"},\"primaryImageOfPage\":{\"@id\":\"https:\\\/\\\/szynaka.pl\\\/en\\\/social-responsibility\\\/#primaryimage\"},\"image\":{\"@id\":\"https:\\\/\\\/szynaka.pl\\\/en\\\/social-responsibility\\\/#primaryimage\"},\"thumbnailUrl\":\"https:\\\/\\\/szynaka.pl\\\/wp-content\\\/uploads\\\/2026\\\/02\\\/spoleczna-min.avif\",\"datePublished\":\"2025-04-08T10:14:38+00:00\",\"dateModified\":\"2026-04-13T13:07:59+00:00\",\"breadcrumb\":{\"@id\":\"https:\\\/\\\/szynaka.pl\\\/en\\\/social-responsibility\\\/#breadcrumb\"},\"inLanguage\":\"en-US\",\"potentialAction\":[{\"@type\":\"ReadAction\",\"target\":[\"https:\\\/\\\/szynaka.pl\\\/en\\\/social-responsibility\\\/\"]}]},{\"@type\":\"ImageObject\",\"inLanguage\":\"en-US\",\"@id\":\"https:\\\/\\\/szynaka.pl\\\/en\\\/social-responsibility\\\/#primaryimage\",\"url\":\"https:\\\/\\\/szynaka.pl\\\/wp-content\\\/uploads\\\/2026\\\/02\\\/spoleczna-min.avif\",\"contentUrl\":\"https:\\\/\\\/szynaka.pl\\\/wp-content\\\/uploads\\\/2026\\\/02\\\/spoleczna-min.avif\"},{\"@type\":\"BreadcrumbList\",\"@id\":\"https:\\\/\\\/szynaka.pl\\\/en\\\/social-responsibility\\\/#breadcrumb\",\"itemListElement\":[{\"@type\":\"ListItem\",\"position\":1,\"name\":\"Strona g\u0142\u00f3wna\",\"item\":\"https:\\\/\\\/szynaka.pl\\\/en\\\/\"},{\"@type\":\"ListItem\",\"position\":2,\"name\":\"Social responsibility\"}]},{\"@type\":\"WebSite\",\"@id\":\"https:\\\/\\\/szynaka.pl\\\/en\\\/#website\",\"url\":\"https:\\\/\\\/szynaka.pl\\\/en\\\/\",\"name\":\"Szynaka Meble\",\"description\":\"\",\"potentialAction\":[{\"@type\":\"SearchAction\",\"target\":{\"@type\":\"EntryPoint\",\"urlTemplate\":\"https:\\\/\\\/szynaka.pl\\\/en\\\/?s={search_term_string}\"},\"query-input\":{\"@type\":\"PropertyValueSpecification\",\"valueRequired\":true,\"valueName\":\"search_term_string\"}}],\"inLanguage\":\"en-US\"}]}<\/script>\n<!-- \/ Yoast SEO plugin. -->","yoast_head_json":{"title":"Social responsibility - Szynaka Meble","robots":{"index":"index","follow":"follow","max-snippet":"max-snippet:-1","max-image-preview":"max-image-preview:large","max-video-preview":"max-video-preview:-1"},"canonical":"https:\/\/szynaka.pl\/en\/social-responsibility\/","og_locale":"en_US","og_type":"article","og_title":"Social responsibility - Szynaka Meble","og_description":"The Group actively supports responsible forest management by maintaining a certified product chain-of-custody system. As a result, it holds one","og_url":"https:\/\/szynaka.pl\/en\/social-responsibility\/","og_site_name":"Szynaka Meble","article_modified_time":"2026-04-13T13:07:59+00:00","og_image":[{"url":"https:\/\/szynaka.pl\/wp-content\/uploads\/2026\/02\/spoleczna-min.avif","type":"","width":"","height":""}],"twitter_card":"summary_large_image","twitter_misc":{"Est. reading time":"4 minutes"},"schema":{"@context":"https:\/\/schema.org","@graph":[{"@type":"WebPage","@id":"https:\/\/szynaka.pl\/en\/social-responsibility\/","url":"https:\/\/szynaka.pl\/en\/social-responsibility\/","name":"Social responsibility - Szynaka Meble","isPartOf":{"@id":"https:\/\/szynaka.pl\/en\/#website"},"primaryImageOfPage":{"@id":"https:\/\/szynaka.pl\/en\/social-responsibility\/#primaryimage"},"image":{"@id":"https:\/\/szynaka.pl\/en\/social-responsibility\/#primaryimage"},"thumbnailUrl":"https:\/\/szynaka.pl\/wp-content\/uploads\/2026\/02\/spoleczna-min.avif","datePublished":"2025-04-08T10:14:38+00:00","dateModified":"2026-04-13T13:07:59+00:00","breadcrumb":{"@id":"https:\/\/szynaka.pl\/en\/social-responsibility\/#breadcrumb"},"inLanguage":"en-US","potentialAction":[{"@type":"ReadAction","target":["https:\/\/szynaka.pl\/en\/social-responsibility\/"]}]},{"@type":"ImageObject","inLanguage":"en-US","@id":"https:\/\/szynaka.pl\/en\/social-responsibility\/#primaryimage","url":"https:\/\/szynaka.pl\/wp-content\/uploads\/2026\/02\/spoleczna-min.avif","contentUrl":"https:\/\/szynaka.pl\/wp-content\/uploads\/2026\/02\/spoleczna-min.avif"},{"@type":"BreadcrumbList","@id":"https:\/\/szynaka.pl\/en\/social-responsibility\/#breadcrumb","itemListElement":[{"@type":"ListItem","position":1,"name":"Strona g\u0142\u00f3wna","item":"https:\/\/szynaka.pl\/en\/"},{"@type":"ListItem","position":2,"name":"Social responsibility"}]},{"@type":"WebSite","@id":"https:\/\/szynaka.pl\/en\/#website","url":"https:\/\/szynaka.pl\/en\/","name":"Szynaka Meble","description":"","potentialAction":[{"@type":"SearchAction","target":{"@type":"EntryPoint","urlTemplate":"https:\/\/szynaka.pl\/en\/?s={search_term_string}"},"query-input":{"@type":"PropertyValueSpecification","valueRequired":true,"valueName":"search_term_string"}}],"inLanguage":"en-US"}]}},"_links":{"self":[{"href":"https:\/\/szynaka.pl\/en\/wp-json\/wp\/v2\/pages\/58694","targetHints":{"allow":["GET"]}}],"collection":[{"href":"https:\/\/szynaka.pl\/en\/wp-json\/wp\/v2\/pages"}],"about":[{"href":"https:\/\/szynaka.pl\/en\/wp-json\/wp\/v2\/types\/page"}],"author":[{"embeddable":true,"href":"https:\/\/szynaka.pl\/en\/wp-json\/wp\/v2\/users\/2"}],"replies":[{"embeddable":true,"href":"https:\/\/szynaka.pl\/en\/wp-json\/wp\/v2\/comments?post=58694"}],"version-history":[{"count":3,"href":"https:\/\/szynaka.pl\/en\/wp-json\/wp\/v2\/pages\/58694\/revisions"}],"predecessor-version":[{"id":58697,"href":"https:\/\/szynaka.pl\/en\/wp-json\/wp\/v2\/pages\/58694\/revisions\/58697"}],"wp:attachment":[{"href":"https:\/\/szynaka.pl\/en\/wp-json\/wp\/v2\/media?parent=58694"}],"curies":[{"name":"wp","href":"https:\/\/api.w.org\/{rel}","templated":true}]}}