{"id":58407,"date":"2025-04-04T09:48:38","date_gmt":"2025-04-04T07:48:38","guid":{"rendered":"https:\/\/szynaka.pl\/kontakt\/"},"modified":"2026-05-12T13:52:17","modified_gmt":"2026-05-12T11:52:17","slug":"contact","status":"publish","type":"page","link":"https:\/\/szynaka.pl\/en\/contact\/","title":{"rendered":"Contact"},"content":{"rendered":"\t\t<div data-elementor-type=\"wp-page\" data-elementor-id=\"58407\" class=\"elementor elementor-58407 elementor-26\" data-elementor-post-type=\"page\">\n\t\t\t\t<div class=\"wd-negative-gap elementor-element elementor-element-2ff4e11 e-flex e-con-boxed e-con e-parent\" data-id=\"2ff4e11\" data-element_type=\"container\" data-e-type=\"container\">\n\t\t\t\t\t<div class=\"e-con-inner\">\n\t\t\t\t<div class=\"elementor-element elementor-element-72d152e elementor-widget elementor-widget-wd_text_block\" data-id=\"72d152e\" data-element_type=\"widget\" data-e-type=\"widget\" data-widget_type=\"wd_text_block.default\">\n\t\t\t\t<div class=\"elementor-widget-container\">\n\t\t\t\t\t\t\t<div class=\"wd-text-block reset-last-child text-left\">\n\t\t\t\n\t\t\t<h1>CONTACT<\/h1><h3 class=\"name\">Szynaka Meble sp. z o.o. <\/h3><p class=\"firm\">Company headquarters<\/p>\n\t\t\t\t\t<\/div>\n\t\t\t\t\t\t<\/div>\n\t\t\t\t<\/div>\n\t\t\t\t\t<\/div>\n\t\t\t\t<\/div>\n\t\t<div class=\"wd-negative-gap elementor-element elementor-element-47af85e e-flex e-con-boxed e-con e-parent\" data-id=\"47af85e\" data-element_type=\"container\" data-e-type=\"container\">\n\t\t\t\t\t<div class=\"e-con-inner\">\n\t\t<div class=\"elementor-element elementor-element-7fa544a e-con-full e-flex e-con e-child\" data-id=\"7fa544a\" data-element_type=\"container\" data-e-type=\"container\">\n\t\t\t\t<div class=\"elementor-element elementor-element-13d71de elementor-widget elementor-widget-google_maps\" data-id=\"13d71de\" data-element_type=\"widget\" data-e-type=\"widget\" data-widget_type=\"google_maps.default\">\n\t\t\t\t<div class=\"elementor-widget-container\">\n\t\t\t\t\t\t\t<div class=\"elementor-custom-embed\">\n\t\t\t<iframe loading=\"lazy\"\n\t\t\t\t\tsrc=\"https:\/\/maps.google.com\/maps?q=dworcowa%2020%20Lubawa&#038;t=m&#038;z=19&#038;output=embed&#038;iwloc=near\"\n\t\t\t\t\ttitle=\"dworcowa 20 Lubawa\"\n\t\t\t\t\taria-label=\"dworcowa 20 Lubawa\"\n\t\t\t><\/iframe>\n\t\t<\/div>\n\t\t\t\t\t\t<\/div>\n\t\t\t\t<\/div>\n\t\t\t\t<\/div>\n\t\t<div class=\"elementor-element elementor-element-407b688 e-con-full e-flex e-con e-child\" data-id=\"407b688\" data-element_type=\"container\" data-e-type=\"container\">\n\t\t\t\t<div class=\"elementor-element elementor-element-3985cdb color-scheme-inherit text-left elementor-widget elementor-widget-text-editor\" data-id=\"3985cdb\" data-element_type=\"widget\" data-e-type=\"widget\" data-widget_type=\"text-editor.default\">\n\t\t\t\t<div class=\"elementor-widget-container\">\n\t\t\t\t\t\t\t\t\t<div class=\"address\"><h2>ONLINE CUSTOMER SERVICE OFFICE<\/h2><p>If you would like to purchase our furniture through the online store or company outlet and need additional information, please contact our retail customer service department, and we will answer all your questions.<\/p><h3 class=\"title\">Contact<\/h3><p>Phone: <strong><a href=\"tel:609140883\"><span style=\"text-decoration: underline;\">609 140 883<\/span><\/a><\/strong><\/p><p><span style=\"color: #000000;\"><strong>Open Monday to Friday from 8:00 AM to 4:00 PM<\/strong><\/span><\/p><p>Email <a href=\"mailto:bok@szynaka.pl\"><span style=\"text-decoration: underline;\"><strong>bok@szynaka.pl<\/strong><\/span><\/a><\/p><\/div>\t\t\t\t\t\t\t\t<\/div>\n\t\t\t\t<\/div>\n\t\t\t\t<\/div>\n\t\t\t\t\t<\/div>\n\t\t\t\t<\/div>\n\t\t<div class=\"wd-negative-gap elementor-element elementor-element-3422a0c e-flex e-con-boxed e-con e-parent\" data-id=\"3422a0c\" data-element_type=\"container\" data-e-type=\"container\">\n\t\t\t\t\t<div class=\"e-con-inner\">\n\t\t\t\t<div class=\"elementor-element elementor-element-35b8d77 elementor-widget elementor-widget-spacer\" data-id=\"35b8d77\" data-element_type=\"widget\" data-e-type=\"widget\" data-widget_type=\"spacer.default\">\n\t\t\t\t<div class=\"elementor-widget-container\">\n\t\t\t\t\t\t\t<div class=\"elementor-spacer\">\n\t\t\t<div class=\"elementor-spacer-inner\"><\/div>\n\t\t<\/div>\n\t\t\t\t\t\t<\/div>\n\t\t\t\t<\/div>\n\t\t\t\t\t<\/div>\n\t\t\t\t<\/div>\n\t\t<div class=\"wd-negative-gap elementor-element elementor-element-ee6c67a e-flex e-con-boxed e-con e-parent\" data-id=\"ee6c67a\" data-element_type=\"container\" data-e-type=\"container\">\n\t\t\t\t\t<div class=\"e-con-inner\">\n\t\t<div class=\"elementor-element elementor-element-6339813 e-con-full e-flex e-con e-child\" data-id=\"6339813\" data-element_type=\"container\" data-e-type=\"container\">\n\t\t\t\t<div class=\"elementor-element elementor-element-5af2f2d elementor-widget elementor-widget-wd_text_block\" data-id=\"5af2f2d\" data-element_type=\"widget\" data-e-type=\"widget\" data-widget_type=\"wd_text_block.default\">\n\t\t\t\t<div class=\"elementor-widget-container\">\n\t\t\t\t\t\t\t<div class=\"wd-text-block reset-last-child text-left\">\n\t\t\t\n\t\t\t<div class=\"el-wrapper\"><div class=\"el\"><h3 class=\"title\">Secretariat \u2013 company headquarters<\/h3><p class=\"address\">Dworcowa 20, 14-260 Lubawa, Warmi\u0144sko-Mazurskie <\/p><p class=\"phone\"><strong><a href=\"tel:89%20645%2021%2028\">89 645 21 28<\/a> <\/strong><br><a href=\"fax:89%20645%2053%2062\"><strong>fax 89 645 53 62<\/strong><\/a><\/p><p class=\"email\"><a href=\"mailto:info@szynaka.pl\"><span style=\"text-decoration: underline;\"><strong>info@szynaka.pl<\/strong><\/span><\/a><\/p><\/div><\/div>\n\t\t\t\t\t<\/div>\n\t\t\t\t\t\t<\/div>\n\t\t\t\t<\/div>\n\t\t\t\t<\/div>\n\t\t<div class=\"elementor-element elementor-element-8fb4a8a e-con-full e-flex e-con e-child\" data-id=\"8fb4a8a\" data-element_type=\"container\" data-e-type=\"container\">\n\t\t\t\t<div class=\"elementor-element elementor-element-8571b46 elementor-widget elementor-widget-wd_text_block\" data-id=\"8571b46\" data-element_type=\"widget\" data-e-type=\"widget\" data-widget_type=\"wd_text_block.default\">\n\t\t\t\t<div class=\"elementor-widget-container\">\n\t\t\t\t\t\t\t<div class=\"wd-text-block reset-last-child text-left\">\n\t\t\t\n\t\t\t<div class=\"el-wrapper\"><div class=\"el\"><div class=\"el-wrapper\"><div class=\"el\"><h3 class=\"title\">Sales office<\/h3><p><strong>Furniture showroom service:<\/strong><\/p><p><span style=\"color: #000000;\"><strong>89 644 92 26<\/strong><\/span><br><span style=\"color: #000000;\"><strong>89 644 92 27<\/strong><\/span><br><span style=\"color: #000000;\"><strong>89 644 92 28<\/strong><\/span><br><span style=\"color: #000000;\"><strong>89 644 92 29<\/strong><\/span><\/p><\/div><\/div><\/div><\/div>\n\t\t\t\t\t<\/div>\n\t\t\t\t\t\t<\/div>\n\t\t\t\t<\/div>\n\t\t\t\t<\/div>\n\t\t<div class=\"elementor-element elementor-element-ccb56d3 e-con-full e-flex e-con e-child\" data-id=\"ccb56d3\" data-element_type=\"container\" data-e-type=\"container\">\n\t\t\t\t<div class=\"elementor-element elementor-element-07e1538 elementor-widget elementor-widget-wd_text_block\" data-id=\"07e1538\" data-element_type=\"widget\" data-e-type=\"widget\" data-widget_type=\"wd_text_block.default\">\n\t\t\t\t<div class=\"elementor-widget-container\">\n\t\t\t\t\t\t\t<div class=\"wd-text-block reset-last-child text-left\">\n\t\t\t\n\t\t\t<div class=\"el-wrapper\"><div class=\"el\"><div class=\"el-wrapper\"><div class=\"el\"><h3 class=\"title\">Export<\/h3><p class=\"content\">Would you like to establish international cooperation with us? Experts from the export department will be happy to answer your questions and provide the necessary information about cooperation. <\/p><p class=\"address\">Ostr\u00f3dzka 54, 14-200 I\u0142awa, <br>Warmi\u0144sko-Mazurskie <\/p><p class=\"phone\"><a href=\"tel:89%20645%2053%2095\"><span style=\"color: #000000;\"><strong>89 645 53 95<\/strong><\/span><\/a><\/p><\/div><\/div><p class=\"email\"> <\/p><\/div><\/div>\n\t\t\t\t\t<\/div>\n\t\t\t\t\t\t<\/div>\n\t\t\t\t<\/div>\n\t\t\t\t<\/div>\n\t\t<div class=\"elementor-element elementor-element-6c84d9d e-con-full e-flex e-con e-child\" data-id=\"6c84d9d\" data-element_type=\"container\" data-e-type=\"container\">\n\t\t\t\t<div class=\"elementor-element elementor-element-276f923 elementor-widget elementor-widget-wd_text_block\" data-id=\"276f923\" data-element_type=\"widget\" data-e-type=\"widget\" data-widget_type=\"wd_text_block.default\">\n\t\t\t\t<div class=\"elementor-widget-container\">\n\t\t\t\t\t\t\t<div class=\"wd-text-block reset-last-child text-left\">\n\t\t\t\n\t\t\t<div class=\"el-wrapper\"><div class=\"el\"><h3 class=\"title\">Logistics department<\/h3><p class=\"content\">Have you decided on logistics outsourcing and would like to cooperate with a company that has experience in this field? Contact Logistics Szynaka and learn more.<\/p><p class=\"address\">Ostr\u00f3dzka 54, 14-200 I\u0142awa, <br \/>Warmi\u0144sko-Mazurskie<\/p><p class=\"phone\"><strong><span style=\"color: #000000;\"><a style=\"color: #000000;\" href=\"tel:89%20644%2092%2000\">89 644 92 00 <\/a><\/span><\/strong><br \/><a href=\"fax:89%20644%2092%2001\"><strong><span style=\"color: #000000;\">fax 89 644 92 01<\/span><\/strong><\/a><\/p><\/div><\/div>\n\t\t\t\t\t<\/div>\n\t\t\t\t\t\t<\/div>\n\t\t\t\t<\/div>\n\t\t\t\t<\/div>\n\t\t<div class=\"elementor-element elementor-element-1e1f926 e-con-full e-flex e-con e-child\" data-id=\"1e1f926\" data-element_type=\"container\" data-e-type=\"container\">\n\t\t\t\t<div class=\"elementor-element elementor-element-6a4333c elementor-widget elementor-widget-wd_text_block\" data-id=\"6a4333c\" data-element_type=\"widget\" data-e-type=\"widget\" data-widget_type=\"wd_text_block.default\">\n\t\t\t\t<div class=\"elementor-widget-container\">\n\t\t\t\t\t\t\t<div class=\"wd-text-block reset-last-child text-left\">\n\t\t\t\n\t\t\t<div class=\"el-wrapper\"><div class=\"el\"><h3 class=\"title\">Marketing<\/h3><p class=\"content\">Do you have an idea for joint marketing activities with us? Let our marketing department know. <\/p><p class=\"address\">Dworcowa 20, 14-260 Lubawa, <br>Warmi\u0144sko-Mazurskie <\/p><strong><span style=\"color: #000000;\"><a style=\"color: #000000;\" href=\"tel:89%20645%2053%2058\">89 645 53 58  <\/a><\/span><\/strong><p class=\"email\"><strong><span style=\"color: #000000;\"><a style=\"color: #000000;\" href=\"mailto:marketing@szynaka.pl\">marketing@szynaka.pl<\/a><\/span><\/strong><\/p><\/div><\/div>\n\t\t\t\t\t<\/div>\n\t\t\t\t\t\t<\/div>\n\t\t\t\t<\/div>\n\t\t\t\t<\/div>\n\t\t<div class=\"elementor-element elementor-element-1d8c41f e-con-full e-flex e-con e-child\" data-id=\"1d8c41f\" data-element_type=\"container\" data-e-type=\"container\">\n\t\t\t\t<div class=\"elementor-element elementor-element-bbc439c elementor-widget elementor-widget-wd_text_block\" data-id=\"bbc439c\" data-element_type=\"widget\" data-e-type=\"widget\" data-widget_type=\"wd_text_block.default\">\n\t\t\t\t<div class=\"elementor-widget-container\">\n\t\t\t\t\t\t\t<div class=\"wd-text-block reset-last-child text-left\">\n\t\t\t\n\t\t\t<div class=\"el-wrapper\"><p> <\/p><div class=\"el\"><h3 class=\"title\">Complaints<\/h3><p class=\"content\">Would you like to file a complaint? Contact us, and our specialists will try to resolve your issue as quickly as possible. <\/p><p class=\"address\">Ostr\u00f3dzka 54, 14-200 I\u0142awa, Warmi\u0144sko-Mazurskie <\/p><p class=\"phone\"><span style=\"color: #000000;\"><strong><a style=\"color: #000000;\" href=\"tel:89%20644%2092%2015\">89 644 92 15  <\/a><\/strong><\/span><\/p><p class=\"phone\"><span style=\"color: #000000;\"><strong><a style=\"color: #000000;\" href=\"tel:89%20644%2092%2016\">89 644 92 16  <\/a><\/strong><\/span><\/p><p class=\"email\"><a href=\"mailto:reklamacje@szynaka.pl\"><strong><span style=\"color: #000000;\">reklamacje@szynaka.pl<\/span><\/strong><\/a><\/p><\/div><\/div>\n\t\t\t\t\t<\/div>\n\t\t\t\t\t\t<\/div>\n\t\t\t\t<\/div>\n\t\t\t\t<\/div>\n\t\t\t\t\t<\/div>\n\t\t\t\t<\/div>\n\t\t<div class=\"wd-negative-gap elementor-element elementor-element-4dcf6c8 e-flex e-con-boxed e-con e-parent\" data-id=\"4dcf6c8\" data-element_type=\"container\" data-e-type=\"container\">\n\t\t\t\t\t<div class=\"e-con-inner\">\n\t\t\t\t<div class=\"elementor-element elementor-element-7561d47 elementor-widget elementor-widget-spacer\" data-id=\"7561d47\" data-element_type=\"widget\" data-e-type=\"widget\" data-widget_type=\"spacer.default\">\n\t\t\t\t<div class=\"elementor-widget-container\">\n\t\t\t\t\t\t\t<div class=\"elementor-spacer\">\n\t\t\t<div class=\"elementor-spacer-inner\"><\/div>\n\t\t<\/div>\n\t\t\t\t\t\t<\/div>\n\t\t\t\t<\/div>\n\t\t\t\t\t<\/div>\n\t\t\t\t<\/div>\n\t\t<div class=\"elementor-element elementor-element-5ab7187 e-con-full e-flex e-con e-parent\" data-id=\"5ab7187\" data-element_type=\"container\" data-e-type=\"container\">\n\t\t<div class=\"elementor-element elementor-element-dd04a28 e-con-full e-flex e-con e-child\" data-id=\"dd04a28\" data-element_type=\"container\" data-e-type=\"container\">\n\t\t\t\t<div class=\"elementor-element elementor-element-98ddf41 elementor-widget elementor-widget-image\" data-id=\"98ddf41\" data-element_type=\"widget\" data-e-type=\"widget\" data-widget_type=\"image.default\">\n\t\t\t\t<div class=\"elementor-widget-container\">\n\t\t\t\t\t\t\t\t\t\t\t\t\t\t\t<img loading=\"lazy\" decoding=\"async\" width=\"500\" height=\"750\" src=\"https:\/\/szynaka.pl\/wp-content\/uploads\/2026\/05\/Pratto_detal_91-1.jpg\" class=\"attachment-large size-large wp-image-83746\" alt=\"\" srcset=\"https:\/\/szynaka.pl\/wp-content\/uploads\/2026\/05\/Pratto_detal_91-1.jpg 500w, https:\/\/szynaka.pl\/wp-content\/uploads\/2026\/05\/Pratto_detal_91-1-200x300.jpg 200w, https:\/\/szynaka.pl\/wp-content\/uploads\/2026\/05\/Pratto_detal_91-1-430x645.jpg 430w, https:\/\/szynaka.pl\/wp-content\/uploads\/2026\/05\/Pratto_detal_91-1-150x225.jpg 150w\" sizes=\"auto, (max-width: 500px) 100vw, 500px\" \/>\t\t\t\t\t\t\t\t\t\t\t\t\t\t\t<\/div>\n\t\t\t\t<\/div>\n\t\t\t\t<\/div>\n\t\t<div class=\"elementor-element elementor-element-bf35669 e-con-full e-flex e-con e-child\" data-id=\"bf35669\" data-element_type=\"container\" data-e-type=\"container\">\n\t\t\t\t<div class=\"elementor-element elementor-element-2a0a7a5 elementor-widget elementor-widget-wd_text_block\" data-id=\"2a0a7a5\" data-element_type=\"widget\" data-e-type=\"widget\" data-widget_type=\"wd_text_block.default\">\n\t\t\t\t<div class=\"elementor-widget-container\">\n\t\t\t\t\t\t\t<div class=\"wd-text-block reset-last-child text-left\">\n\t\t\t\n\t\t\t<h2>Contact form:<\/h2><p>Do you have questions or concerns? Do not hesitate to write to us\u2014we will be happy to help <\/p>\n\t\t\t\t\t<\/div>\n\t\t\t\t\t\t<\/div>\n\t\t\t\t<\/div>\n\t\t\t\t<div class=\"elementor-element elementor-element-d3e8016 wd-cf7 elementor-widget elementor-widget-wd_contact_form_7\" data-id=\"d3e8016\" data-element_type=\"widget\" data-e-type=\"widget\" data-widget_type=\"wd_contact_form_7.default\">\n\t\t\t\t<div class=\"elementor-widget-container\">\n\t\t\t\t\t\n<div class=\"wpcf7 no-js\" id=\"wpcf7-f78708-o1\" lang=\"pl-PL\" dir=\"ltr\" data-wpcf7-id=\"78708\">\n<div class=\"screen-reader-response\"><p role=\"status\" aria-live=\"polite\" aria-atomic=\"true\"><\/p> <ul><\/ul><\/div>\n<form action=\"\/en\/wp-json\/wp\/v2\/pages\/58407#wpcf7-f78708-o1\" method=\"post\" class=\"wpcf7-form init\" aria-label=\"Formularz kontaktowy\" novalidate=\"novalidate\" data-status=\"init\">\n<fieldset class=\"hidden-fields-container\"><input type=\"hidden\" name=\"_wpcf7\" value=\"78708\" \/><input type=\"hidden\" name=\"_wpcf7_version\" value=\"6.1.5\" \/><input type=\"hidden\" name=\"_wpcf7_locale\" value=\"pl_PL\" \/><input type=\"hidden\" name=\"_wpcf7_unit_tag\" value=\"wpcf7-f78708-o1\" \/><input type=\"hidden\" name=\"_wpcf7_container_post\" value=\"0\" \/><input type=\"hidden\" name=\"_wpcf7_posted_data_hash\" value=\"\" \/>\n<\/fieldset>\n<p><label>Name and surname:<br \/>\n<span class=\"wpcf7-form-control-wrap\" data-name=\"imie\"><input size=\"40\" maxlength=\"400\" class=\"wpcf7-form-control wpcf7-text\" aria-invalid=\"false\" value=\"\" type=\"text\" name=\"imie\" \/><\/span> <\/label>\n<\/p>\n<p><label>E-mail:<br \/>\n<span class=\"wpcf7-form-control-wrap\" data-name=\"mail\"><input size=\"40\" maxlength=\"400\" class=\"wpcf7-form-control wpcf7-text\" aria-invalid=\"false\" value=\"\" type=\"text\" name=\"mail\" \/><\/span> <\/label>\n<\/p>\n<p><label>Phone:<br \/>\n<span class=\"wpcf7-form-control-wrap\" data-name=\"telefon\"><input size=\"40\" maxlength=\"400\" class=\"wpcf7-form-control wpcf7-text\" aria-invalid=\"false\" value=\"\" type=\"text\" name=\"telefon\" \/><\/span><\/label>\n<\/p>\n<p><label>Company name:<br \/>\n<span class=\"wpcf7-form-control-wrap\" data-name=\"firma\"><input size=\"40\" maxlength=\"400\" class=\"wpcf7-form-control wpcf7-text\" aria-invalid=\"false\" value=\"\" type=\"text\" name=\"firma\" \/><\/span><\/label>\n<\/p>\n<p><label>Message:<br \/>\n<span class=\"wpcf7-form-control-wrap\" data-name=\"wiadomosc\"><textarea cols=\"40\" rows=\"10\" maxlength=\"2000\" class=\"wpcf7-form-control wpcf7-textarea\" aria-invalid=\"false\" placeholder=\"\" name=\"wiadomosc\"><\/textarea><\/span><\/label>\n<\/p>\n<p><label>Upload files: (max. 10 files)<br \/>\n<span class=\"wpcf7-form-control-wrap\" data-name=\"zdjecia\"><input size=\"40\" class=\"wpcf7-form-control wpcf7-drag-n-drop-file d-none\" aria-invalid=\"false\" type=\"file\" multiple=\"multiple\" data-name=\"zdjecia\" data-type=\"pdf|webp|jpg|png|gif|zip|rar|doc|docx\" data-limit=\"38000000\" data-min=\"1\" data-id=\"78708\" data-version=\"free version 1.3.9.7\" accept=\".pdf, .webp, .jpg, .png, .gif, .zip, .rar, .doc, .docx\" \/><\/span><\/label>\n<\/p>\n<p><span class=\"wpcf7-form-control-wrap\" data-name=\"acceptance-259\"><span class=\"wpcf7-form-control wpcf7-acceptance optional\"><span class=\"wpcf7-list-item\"><label><input type=\"checkbox\" name=\"acceptance-259\" value=\"1\" aria-invalid=\"false\" \/><span class=\"wpcf7-list-item-label\">I consent to the processing of my personal data contained in the above form by \"Szynaka-Meble\" z o.o. with its registered office in Lubawa (14-260), at Dworcowa Street 20, and to contacting me using the data provided in the form, to the extent necessary for the proper processing and execution of my application for cooperation (in accordance with Regulation (EU) 2016\/679 of the European Parliament and of the Council of 27 April 2016). I declare that I provide my personal data voluntarily and am aware of my right to access and correct it. The data will be stored until consent is withdrawn.<\/span><\/label><\/span><\/span><\/span>\n<\/p>\n<p><input class=\"wpcf7-form-control wpcf7-submit has-spinner\" type=\"submit\" value=\"Send\" \/>\n<\/p><div class=\"wpcf7-response-output\" aria-hidden=\"true\"><\/div>\n<\/form>\n<\/div>\n\t\t\t\t<\/div>\n\t\t\t\t<\/div>\n\t\t\t\t<\/div>\n\t\t\t\t<\/div>\n\t\t\t\t<\/div>\n\t\t","protected":false},"excerpt":{"rendered":"<p>CONTACT Szynaka Meble sp. z o.o. Company headquarters ONLINE CUSTOMER SERVICE OFFICE If you would like to purchase our furniture<\/p>\n","protected":false},"author":2,"featured_media":0,"parent":0,"menu_order":0,"comment_status":"closed","ping_status":"closed","template":"","meta":{"_acf_changed":false,"footnotes":""},"class_list":["post-58407","page","type-page","status-publish","hentry"],"acf":[],"yoast_head":"<!-- This site is optimized with the Yoast SEO plugin v27.5 - https:\/\/yoast.com\/product\/yoast-seo-wordpress\/ -->\n<title>Contact - Szynaka Meble<\/title>\n<meta name=\"robots\" content=\"index, follow, max-snippet:-1, max-image-preview:large, max-video-preview:-1\" \/>\n<link rel=\"canonical\" href=\"https:\/\/szynaka.pl\/en\/contact\/\" \/>\n<meta property=\"og:locale\" content=\"en_US\" \/>\n<meta property=\"og:type\" content=\"article\" \/>\n<meta property=\"og:title\" content=\"Contact - Szynaka Meble\" \/>\n<meta property=\"og:description\" content=\"CONTACT Szynaka Meble sp. z o.o. Company headquarters ONLINE CUSTOMER SERVICE OFFICE If you would like to purchase our furniture\" \/>\n<meta property=\"og:url\" content=\"https:\/\/szynaka.pl\/en\/contact\/\" \/>\n<meta property=\"og:site_name\" content=\"Szynaka Meble\" \/>\n<meta property=\"article:modified_time\" content=\"2026-05-12T11:52:17+00:00\" \/>\n<meta property=\"og:image\" content=\"http:\/\/szynaka.pl\/wp-content\/uploads\/2026\/05\/Pratto_detal_91-1.jpg\" \/>\n<meta name=\"twitter:card\" content=\"summary_large_image\" \/>\n<meta name=\"twitter:label1\" content=\"Est. reading time\" \/>\n\t<meta name=\"twitter:data1\" content=\"2 minutes\" \/>\n<script type=\"application\/ld+json\" class=\"yoast-schema-graph\">{\"@context\":\"https:\\\/\\\/schema.org\",\"@graph\":[{\"@type\":\"WebPage\",\"@id\":\"https:\\\/\\\/szynaka.pl\\\/en\\\/contact\\\/\",\"url\":\"https:\\\/\\\/szynaka.pl\\\/en\\\/contact\\\/\",\"name\":\"Contact - Szynaka Meble\",\"isPartOf\":{\"@id\":\"https:\\\/\\\/szynaka.pl\\\/en\\\/#website\"},\"primaryImageOfPage\":{\"@id\":\"https:\\\/\\\/szynaka.pl\\\/en\\\/contact\\\/#primaryimage\"},\"image\":{\"@id\":\"https:\\\/\\\/szynaka.pl\\\/en\\\/contact\\\/#primaryimage\"},\"thumbnailUrl\":\"http:\\\/\\\/szynaka.pl\\\/wp-content\\\/uploads\\\/2026\\\/05\\\/Pratto_detal_91-1.jpg\",\"datePublished\":\"2025-04-04T07:48:38+00:00\",\"dateModified\":\"2026-05-12T11:52:17+00:00\",\"breadcrumb\":{\"@id\":\"https:\\\/\\\/szynaka.pl\\\/en\\\/contact\\\/#breadcrumb\"},\"inLanguage\":\"en-US\",\"potentialAction\":[{\"@type\":\"ReadAction\",\"target\":[\"https:\\\/\\\/szynaka.pl\\\/en\\\/contact\\\/\"]}]},{\"@type\":\"ImageObject\",\"inLanguage\":\"en-US\",\"@id\":\"https:\\\/\\\/szynaka.pl\\\/en\\\/contact\\\/#primaryimage\",\"url\":\"http:\\\/\\\/szynaka.pl\\\/wp-content\\\/uploads\\\/2026\\\/05\\\/Pratto_detal_91-1.jpg\",\"contentUrl\":\"http:\\\/\\\/szynaka.pl\\\/wp-content\\\/uploads\\\/2026\\\/05\\\/Pratto_detal_91-1.jpg\"},{\"@type\":\"BreadcrumbList\",\"@id\":\"https:\\\/\\\/szynaka.pl\\\/en\\\/contact\\\/#breadcrumb\",\"itemListElement\":[{\"@type\":\"ListItem\",\"position\":1,\"name\":\"Strona g\u0142\u00f3wna\",\"item\":\"https:\\\/\\\/szynaka.pl\\\/en\\\/\"},{\"@type\":\"ListItem\",\"position\":2,\"name\":\"Contact\"}]},{\"@type\":\"WebSite\",\"@id\":\"https:\\\/\\\/szynaka.pl\\\/en\\\/#website\",\"url\":\"https:\\\/\\\/szynaka.pl\\\/en\\\/\",\"name\":\"Szynaka Meble\",\"description\":\"\",\"potentialAction\":[{\"@type\":\"SearchAction\",\"target\":{\"@type\":\"EntryPoint\",\"urlTemplate\":\"https:\\\/\\\/szynaka.pl\\\/en\\\/?s={search_term_string}\"},\"query-input\":{\"@type\":\"PropertyValueSpecification\",\"valueRequired\":true,\"valueName\":\"search_term_string\"}}],\"inLanguage\":\"en-US\"}]}<\/script>\n<!-- \/ Yoast SEO plugin. -->","yoast_head_json":{"title":"Contact - Szynaka Meble","robots":{"index":"index","follow":"follow","max-snippet":"max-snippet:-1","max-image-preview":"max-image-preview:large","max-video-preview":"max-video-preview:-1"},"canonical":"https:\/\/szynaka.pl\/en\/contact\/","og_locale":"en_US","og_type":"article","og_title":"Contact - Szynaka Meble","og_description":"CONTACT Szynaka Meble sp. z o.o. Company headquarters ONLINE CUSTOMER SERVICE OFFICE If you would like to purchase our furniture","og_url":"https:\/\/szynaka.pl\/en\/contact\/","og_site_name":"Szynaka Meble","article_modified_time":"2026-05-12T11:52:17+00:00","og_image":[{"url":"http:\/\/szynaka.pl\/wp-content\/uploads\/2026\/05\/Pratto_detal_91-1.jpg","type":"","width":"","height":""}],"twitter_card":"summary_large_image","twitter_misc":{"Est. reading time":"2 minutes"},"schema":{"@context":"https:\/\/schema.org","@graph":[{"@type":"WebPage","@id":"https:\/\/szynaka.pl\/en\/contact\/","url":"https:\/\/szynaka.pl\/en\/contact\/","name":"Contact - Szynaka Meble","isPartOf":{"@id":"https:\/\/szynaka.pl\/en\/#website"},"primaryImageOfPage":{"@id":"https:\/\/szynaka.pl\/en\/contact\/#primaryimage"},"image":{"@id":"https:\/\/szynaka.pl\/en\/contact\/#primaryimage"},"thumbnailUrl":"http:\/\/szynaka.pl\/wp-content\/uploads\/2026\/05\/Pratto_detal_91-1.jpg","datePublished":"2025-04-04T07:48:38+00:00","dateModified":"2026-05-12T11:52:17+00:00","breadcrumb":{"@id":"https:\/\/szynaka.pl\/en\/contact\/#breadcrumb"},"inLanguage":"en-US","potentialAction":[{"@type":"ReadAction","target":["https:\/\/szynaka.pl\/en\/contact\/"]}]},{"@type":"ImageObject","inLanguage":"en-US","@id":"https:\/\/szynaka.pl\/en\/contact\/#primaryimage","url":"http:\/\/szynaka.pl\/wp-content\/uploads\/2026\/05\/Pratto_detal_91-1.jpg","contentUrl":"http:\/\/szynaka.pl\/wp-content\/uploads\/2026\/05\/Pratto_detal_91-1.jpg"},{"@type":"BreadcrumbList","@id":"https:\/\/szynaka.pl\/en\/contact\/#breadcrumb","itemListElement":[{"@type":"ListItem","position":1,"name":"Strona g\u0142\u00f3wna","item":"https:\/\/szynaka.pl\/en\/"},{"@type":"ListItem","position":2,"name":"Contact"}]},{"@type":"WebSite","@id":"https:\/\/szynaka.pl\/en\/#website","url":"https:\/\/szynaka.pl\/en\/","name":"Szynaka Meble","description":"","potentialAction":[{"@type":"SearchAction","target":{"@type":"EntryPoint","urlTemplate":"https:\/\/szynaka.pl\/en\/?s={search_term_string}"},"query-input":{"@type":"PropertyValueSpecification","valueRequired":true,"valueName":"search_term_string"}}],"inLanguage":"en-US"}]}},"_links":{"self":[{"href":"https:\/\/szynaka.pl\/en\/wp-json\/wp\/v2\/pages\/58407","targetHints":{"allow":["GET"]}}],"collection":[{"href":"https:\/\/szynaka.pl\/en\/wp-json\/wp\/v2\/pages"}],"about":[{"href":"https:\/\/szynaka.pl\/en\/wp-json\/wp\/v2\/types\/page"}],"author":[{"embeddable":true,"href":"https:\/\/szynaka.pl\/en\/wp-json\/wp\/v2\/users\/2"}],"replies":[{"embeddable":true,"href":"https:\/\/szynaka.pl\/en\/wp-json\/wp\/v2\/comments?post=58407"}],"version-history":[{"count":13,"href":"https:\/\/szynaka.pl\/en\/wp-json\/wp\/v2\/pages\/58407\/revisions"}],"predecessor-version":[{"id":83750,"href":"https:\/\/szynaka.pl\/en\/wp-json\/wp\/v2\/pages\/58407\/revisions\/83750"}],"wp:attachment":[{"href":"https:\/\/szynaka.pl\/en\/wp-json\/wp\/v2\/media?parent=58407"}],"curies":[{"name":"wp","href":"https:\/\/api.w.org\/{rel}","templated":true}]}}